{"id":43620,"date":"2025-06-27T15:15:06","date_gmt":"2025-06-27T13:15:06","guid":{"rendered":"https:\/\/arena-ticket.com\/?p=43620&#038;post_type=product&#038;preview_id=43620"},"modified":"2025-08-28T12:15:07","modified_gmt":"2025-08-28T10:15:07","slug":"drangsal-verbrannte-erde-tour-2025-leipzig-ut-connewitz-02-10-2025-2000-uhr","status":"publish","type":"product","link":"https:\/\/arena-ticket.com\/en\/product\/drangsal-verbrannte-erde-tour-2025-leipzig-ut-connewitz-02-10-2025-2000-uhr\/","title":{"rendered":"Drangsal  - Verbrannte Erde Tour 2025"},"content":{"rendered":"<div>Max Gruber hat den Solok\u00fcnstler Drangsal gekillt und zusammen mit Lukas Korn und Marvin Holley die Band Drangsal gegr\u00fcndet. Am Ende des Tunnels steht das im Juni 2025 erscheinende Album \u00bbAus keiner meiner Br\u00fccken die in Asche liegen ist je ein Ph\u00f6nix emporgestiegen\u00ab.<\/div>\n<div><\/div>\n<div>Wo speziell auf \u00bbExit Strategy\u00ab noch \u00fcberzuckerter Synth-Pop preschte, ist nun Klavier zu h\u00f6ren; Orgel, Klavinet und Cembalo; Xylophon, Violinen und Celli; Querfl\u00f6ten und Saxophone, Gospel Ch\u00f6re und Technobeats.<\/div>\n<div>Produziert von Max Rieger und co-produziert von Lukas Korn, manifestiert das Album einen Umbruch im Klangkosmos Drangsals.<\/div>\n<div><\/div>\n<div>Mit bekannten und neuen Songs startet die sechsk\u00f6pfige Band in neuer Formation im September auf \"Verbrannte Erde\" Tour.<\/div>","protected":false},"excerpt":{"rendered":"<p>Secure your tickets!<\/p>","protected":false},"featured_media":43626,"template":"","meta":{"_acf_changed":false,"inline_featured_image":false},"product_brand":[],"product_cat":[31,69,86,35,6733,21,505,58],"product_tag":[5943,941,942,943,944,947,3142,948,5944],"class_list":{"0":"post-43620","1":"product","2":"type-product","3":"status-publish","4":"has-post-thumbnail","6":"product_cat-events","7":"product_cat-konzert","8":"product_cat-leipzig","9":"product_cat-orte","10":"product_cat-pop","11":"product_cat-ticket","12":"product_cat-ut-connewitz","13":"product_cat-veranstaltung","14":"product_tag-drangsal","15":"product_tag-events","16":"product_tag-konzert","17":"product_tag-leipzig","18":"product_tag-orte","19":"product_tag-ticket","20":"product_tag-ut-connewitz","21":"product_tag-veranstaltung","22":"product_tag-verbrannte-erde-tour-2025","23":"product_shipping_class-nur_paketversand","24":"pa_discount-normalpreis","25":"pa_preiskategorie-stehplatz","27":"first","28":"outofstock","29":"taxable","30":"shipping-taxable","31":"purchasable","32":"product-type-variable"},"group_of_quantity":0,"min_quantity":0,"max_quantity":"","exclude_order_quantity_value_rules":"no","exclude_category_quantity_rules":"no","combine_variations":"no","acf":[],"_links":{"self":[{"href":"https:\/\/arena-ticket.com\/en\/wp-json\/wp\/v2\/product\/43620","targetHints":{"allow":["GET"]}}],"collection":[{"href":"https:\/\/arena-ticket.com\/en\/wp-json\/wp\/v2\/product"}],"about":[{"href":"https:\/\/arena-ticket.com\/en\/wp-json\/wp\/v2\/types\/product"}],"wp:featuredmedia":[{"embeddable":true,"href":"https:\/\/arena-ticket.com\/en\/wp-json\/wp\/v2\/media\/43626"}],"wp:attachment":[{"href":"https:\/\/arena-ticket.com\/en\/wp-json\/wp\/v2\/media?parent=43620"}],"wp:term":[{"taxonomy":"product_brand","embeddable":true,"href":"https:\/\/arena-ticket.com\/en\/wp-json\/wp\/v2\/product_brand?post=43620"},{"taxonomy":"product_cat","embeddable":true,"href":"https:\/\/arena-ticket.com\/en\/wp-json\/wp\/v2\/product_cat?post=43620"},{"taxonomy":"product_tag","embeddable":true,"href":"https:\/\/arena-ticket.com\/en\/wp-json\/wp\/v2\/product_tag?post=43620"}],"curies":[{"name":"wp","href":"https:\/\/api.w.org\/{rel}","templated":true}]}}