{"id":43623,"date":"2025-06-27T15:34:28","date_gmt":"2025-06-27T13:34:28","guid":{"rendered":"https:\/\/arena-ticket.com\/?p=43623&#038;post_type=product&#038;preview_id=43623"},"modified":"2025-09-18T10:49:21","modified_gmt":"2025-09-18T08:49:21","slug":"grenzenlos-zwischen-augenblick-ewigkeit-release-show-special-guest-ernstfall-leipzig-hellraiser-20-09-2025-2000-uhr","status":"publish","type":"product","link":"https:\/\/arena-ticket.com\/en\/product\/grenzenlos-zwischen-augenblick-ewigkeit-release-show-special-guest-ernstfall-leipzig-hellraiser-20-09-2025-2000-uhr\/","title":{"rendered":"Grenzenlos \u201eZwischen Augenblick &amp; Ewigkeit\u201c Release Show  special guest : ERNSTFALL"},"content":{"rendered":"<p>Zwischen Augenblick &amp; Ewigkeit.<br \/>\nGRENZENLOS melden sich zur\u00fcck \u2013 pers\u00f6nlicher und druckvoller als je zuvor!<br \/>\nZwei Jahre sind seit dem letzten Album vergangen. Zwei Jahre, in denen die Bandmitglieder durch viele H\u00f6hen und Tiefen gewandert sind. Auf dem neuen Album verarbeiten die Allg\u00e4uer nun das Geschehene. Besetzungswechsel, harte pers\u00f6nliche Schicksalsschl\u00e4ge, aber auch gro\u00dfe Livetourneen und Festivalauftritte haben \u201eZwischen Augenblick &amp; Ewigkeit\u201c gepr\u00e4gt. Das Ganze wird gepaart mit einem gewohnt druckvollen Sound, der die Wut, Trauer aber auch Freude kraftvoll in die Boxen h\u00e4mmert.<\/p>\n<p>Das Album gibt intime Einblicke in die innere Welt der Band.<\/p>\n<p>Zwischen Heim- und Fernweh.<br \/>\nZwischen schillernder Show-Welt und Schicksalsschl\u00e4gen.<br \/>\nZwischen Augenblick und Ewigkeit.<\/p>\n<p>Und das neue Album wird selbstverst\u00e4ndlich auch Live geb\u00fchrend gefeiert!<br \/>\nBei den \u201eZwischen Augenblick und Ewigkeit\u201c Album Release Shows werden GRENZENLOS sowohl mit neuen Songs, als auch mit altbekannten Hymnen die Stimmung wieder einmal zum Siedepunkt bringen:<\/p>","protected":false},"excerpt":{"rendered":"<p>Get your tickets here now!<\/p>","protected":false},"featured_media":49236,"template":"","meta":{"_acf_changed":false,"inline_featured_image":false},"product_brand":[],"product_cat":[31,413,69,86,35,6732,21,58],"product_tag":[941,5942,959,942,943,944,947,948],"class_list":{"0":"post-43623","1":"product","2":"type-product","3":"status-publish","4":"has-post-thumbnail","6":"product_cat-events","7":"product_cat-hellraiser","8":"product_cat-konzert","9":"product_cat-leipzig","10":"product_cat-orte","11":"product_cat-rock-hard-rock","12":"product_cat-ticket","13":"product_cat-veranstaltung","14":"product_tag-events","15":"product_tag-grenzenlos-zwischen-augenblick-ewigkeit-release-show-special-guest-ernstfall","16":"product_tag-hellraiser","17":"product_tag-konzert","18":"product_tag-leipzig","19":"product_tag-orte","20":"product_tag-ticket","21":"product_tag-veranstaltung","22":"product_shipping_class-nur_paketversand","23":"pa_discount-ermaessigt","24":"pa_discount-normalpreis","25":"pa_preiskategorie-stehplatz","27":"first","28":"instock","29":"taxable","30":"shipping-taxable","31":"purchasable","32":"product-type-variable"},"group_of_quantity":0,"min_quantity":0,"max_quantity":"","exclude_order_quantity_value_rules":"no","exclude_category_quantity_rules":"no","combine_variations":"no","acf":[],"_links":{"self":[{"href":"https:\/\/arena-ticket.com\/en\/wp-json\/wp\/v2\/product\/43623","targetHints":{"allow":["GET"]}}],"collection":[{"href":"https:\/\/arena-ticket.com\/en\/wp-json\/wp\/v2\/product"}],"about":[{"href":"https:\/\/arena-ticket.com\/en\/wp-json\/wp\/v2\/types\/product"}],"wp:featuredmedia":[{"embeddable":true,"href":"https:\/\/arena-ticket.com\/en\/wp-json\/wp\/v2\/media\/49236"}],"wp:attachment":[{"href":"https:\/\/arena-ticket.com\/en\/wp-json\/wp\/v2\/media?parent=43623"}],"wp:term":[{"taxonomy":"product_brand","embeddable":true,"href":"https:\/\/arena-ticket.com\/en\/wp-json\/wp\/v2\/product_brand?post=43623"},{"taxonomy":"product_cat","embeddable":true,"href":"https:\/\/arena-ticket.com\/en\/wp-json\/wp\/v2\/product_cat?post=43623"},{"taxonomy":"product_tag","embeddable":true,"href":"https:\/\/arena-ticket.com\/en\/wp-json\/wp\/v2\/product_tag?post=43623"}],"curies":[{"name":"wp","href":"https:\/\/api.w.org\/{rel}","templated":true}]}}