{"id":43627,"date":"2025-06-27T17:02:06","date_gmt":"2025-06-27T15:02:06","guid":{"rendered":"https:\/\/arena-ticket.com\/?p=43627&#038;post_type=product&#038;preview_id=43627"},"modified":"2025-11-23T09:27:14","modified_gmt":"2025-11-23T08:27:14","slug":"die-toten-hosen-trink-aus-wir-muessen-gehen-tour-2026-rinne-dresden-29-08-2026-1630-uhr","status":"publish","type":"product","link":"https:\/\/arena-ticket.com\/en\/product\/die-toten-hosen-trink-aus-wir-muessen-gehen-tour-2026-rinne-dresden-29-08-2026-1630-uhr\/","title":{"rendered":"Die Toten Hosen  - Trink aus! Wir m\u00fcssen gehen - Tour 2026"},"content":{"rendered":"<p>\"Im f\u00fcnften Jahrzehnt nach unserer Gr\u00fcndung versp\u00fcren wir eine Lust und einen Hunger auf Konzerte wie selten zuvor. Vielleicht liegt das auch an unserer Lebenssituation: Wir wissen, dass wir mit unserer Karriere auf der Zielgeraden sind und solche Reisen irgendwann auch ein Ende haben. Deshalb wollen wir noch einmal mit alten und neuen Liedern losziehen und jeden Abend so spielen, als w\u00e4re es unser letzter!\"<\/p>","protected":false},"excerpt":{"rendered":"<p>Die Toten Hosen gehen auf gro\u00dfe Tour und spielen altbekannte Hits und brandneue Songs!<\/p>\n<p>&nbsp;<\/p>","protected":false},"featured_media":55532,"template":"","meta":{"_acf_changed":false,"inline_featured_image":false},"product_brand":[],"product_cat":[87,31,69,35,6745,483,21,58],"product_tag":[5945,940,941,942,944,4844,4302,947,5946,948],"class_list":{"0":"post-43627","1":"product","2":"type-product","3":"status-publish","4":"has-post-thumbnail","6":"product_cat-dresden","7":"product_cat-events","8":"product_cat-konzert","9":"product_cat-orte","10":"product_cat-punk-punkrock","11":"product_cat-rinne","12":"product_cat-ticket","13":"product_cat-veranstaltung","14":"product_tag-die-toten-hosen","15":"product_tag-dresden","16":"product_tag-events","17":"product_tag-konzert","18":"product_tag-orte","19":"product_tag-rinne","20":"product_tag-rinne-dresden","21":"product_tag-ticket","22":"product_tag-trink-aus-wir-muessen-gehen-tour-2026","23":"product_tag-veranstaltung","24":"product_shipping_class-nur_paketversand","25":"pa_discount-normalpreis","26":"pa_preiskategorie-stehplatz","28":"first","29":"outofstock","30":"taxable","31":"shipping-taxable","32":"purchasable","33":"product-type-variable","34":"has-default-attributes"},"group_of_quantity":0,"min_quantity":0,"max_quantity":"","exclude_order_quantity_value_rules":"no","exclude_category_quantity_rules":"no","combine_variations":"no","acf":[],"_links":{"self":[{"href":"https:\/\/arena-ticket.com\/en\/wp-json\/wp\/v2\/product\/43627","targetHints":{"allow":["GET"]}}],"collection":[{"href":"https:\/\/arena-ticket.com\/en\/wp-json\/wp\/v2\/product"}],"about":[{"href":"https:\/\/arena-ticket.com\/en\/wp-json\/wp\/v2\/types\/product"}],"wp:featuredmedia":[{"embeddable":true,"href":"https:\/\/arena-ticket.com\/en\/wp-json\/wp\/v2\/media\/55532"}],"wp:attachment":[{"href":"https:\/\/arena-ticket.com\/en\/wp-json\/wp\/v2\/media?parent=43627"}],"wp:term":[{"taxonomy":"product_brand","embeddable":true,"href":"https:\/\/arena-ticket.com\/en\/wp-json\/wp\/v2\/product_brand?post=43627"},{"taxonomy":"product_cat","embeddable":true,"href":"https:\/\/arena-ticket.com\/en\/wp-json\/wp\/v2\/product_cat?post=43627"},{"taxonomy":"product_tag","embeddable":true,"href":"https:\/\/arena-ticket.com\/en\/wp-json\/wp\/v2\/product_tag?post=43627"}],"curies":[{"name":"wp","href":"https:\/\/api.w.org\/{rel}","templated":true}]}}