{"id":43631,"date":"2025-06-27T17:09:50","date_gmt":"2025-06-27T15:09:50","guid":{"rendered":"https:\/\/arena-ticket.com\/?p=43631&#038;post_type=product&#038;preview_id=43631"},"modified":"2025-08-27T15:56:06","modified_gmt":"2025-08-27T13:56:06","slug":"bosse-tour-2026-dresden-freilichtbuehne-junge-garde-im-grossen-garte-08-08-2026-1900-uhr","status":"publish","type":"product","link":"https:\/\/arena-ticket.com\/en\/product\/bosse-tour-2026-dresden-freilichtbuehne-junge-garde-im-grossen-garte-08-08-2026-1900-uhr\/","title":{"rendered":"BOSSE  - Tour 2026"},"content":{"rendered":"<p>BOSSE, der aktuell an seinem zehnten Studioalbum schreibt, k\u00fcndigt f\u00fcr 2026 eine gro\u00dfe Hallentournee im Mai und zwei erste Sommerkonzerte an. Fans des K\u00fcnstlers k\u00f6nnen sich also nicht nur auf neue Musik, sondern auch darauf freuen, diese bald live zu erleben. Die Hallentour f\u00fchrt BOSSE durch insgesamt elf St\u00e4dte, von K\u00f6ln bis Berlin. Mit M\u00fcnchen und Dresden werden auch bereits zwei von nur wenigen exklusiven Sommerkonzerten bekannt gegeben.<\/p>\n<p>W\u00e4hrend die erste H\u00e4lfte 2025 vor allem durch einen umfassenden R\u00fcckblick auf BOSSEs bisherige Karriere gepr\u00e4gt war (er ver\u00f6ffentlichte die Compilation \u201eBOSSE 2005-2025\u201c und nahm an der TVSendung \u201eSing meinen Song \u2013 Das Tauschkonzert\u201c teil), lie\u00df er mit seinem zeitgleich ver\u00f6ffentlichten neusten Song \u201eVergangenheit\u201c bereits durchblitzen, dass diese R\u00fcckschau nur ein kurzes Innehalten sein soll (\u201eSo viel sch\u00f6nes Neues h\u00e4lt die Zukunft bereit\u201c).<\/p>\n<p>In der zweiten H\u00e4lfte 2025 wird BOSSE sich nun neben mehreren Sommerkonzerten komplett dem Schreiben und Aufnehmen seines n\u00e4chsten Albums widmen, damit er sp\u00e4testens im Mai 2026 auch seine neusten Ohrw\u00fcrmer teilen kann. Dann wird BOSSE wieder auf der B\u00fchne tanzen, den Menschen seinen einzigartigen Indie-Pop entgegenschmettern, bei Hits wie \u201eDer letzte Tanz\u201c und \u201eSch\u00f6nste Zeit\u201c mit dem Publikum verschmelzen und die Massen euphorisieren. Wer das einmal erlebt hat, kommt immer wieder. Jetzt gibt es gen\u00fcgend Chancen daf\u00fcr!<\/p>","protected":false},"excerpt":{"rendered":"<div class=\"event__header\" data-v-331ed750=\"\">Bosse geht 2026 mit neuer Musik auf gro\u00dfe Hallentour und spielt im Anschluss exklusive Sommerkonzerte.<\/div>","protected":false},"featured_media":43633,"template":"","meta":{"_acf_changed":false,"inline_featured_image":false},"product_brand":[],"product_cat":[87,31,403,69,35,6733,58],"product_tag":[1378,954,940,941,996,4188,948],"class_list":{"0":"post-43631","1":"product","2":"type-product","3":"status-publish","4":"has-post-thumbnail","6":"product_cat-dresden","7":"product_cat-events","8":"product_cat-freilichtbuehne-grosser-garten-junge-garde","9":"product_cat-konzert","10":"product_cat-orte","11":"product_cat-pop","12":"product_cat-veranstaltung","13":"product_tag-bosse","14":"product_tag-comedy","15":"product_tag-dresden","16":"product_tag-events","17":"product_tag-freilichtbuehne-grosser-garten-junge-garde","18":"product_tag-tour-2026","19":"product_tag-veranstaltung","20":"product_shipping_class-nur_paketversand","21":"pa_discount-normalpreis","22":"pa_preiskategorie-freie-platzwahl","24":"first","25":"instock","26":"taxable","27":"shipping-taxable","28":"purchasable","29":"product-type-variable"},"group_of_quantity":0,"min_quantity":0,"max_quantity":"","exclude_order_quantity_value_rules":"no","exclude_category_quantity_rules":"no","combine_variations":"no","acf":[],"_links":{"self":[{"href":"https:\/\/arena-ticket.com\/en\/wp-json\/wp\/v2\/product\/43631","targetHints":{"allow":["GET"]}}],"collection":[{"href":"https:\/\/arena-ticket.com\/en\/wp-json\/wp\/v2\/product"}],"about":[{"href":"https:\/\/arena-ticket.com\/en\/wp-json\/wp\/v2\/types\/product"}],"wp:featuredmedia":[{"embeddable":true,"href":"https:\/\/arena-ticket.com\/en\/wp-json\/wp\/v2\/media\/43633"}],"wp:attachment":[{"href":"https:\/\/arena-ticket.com\/en\/wp-json\/wp\/v2\/media?parent=43631"}],"wp:term":[{"taxonomy":"product_brand","embeddable":true,"href":"https:\/\/arena-ticket.com\/en\/wp-json\/wp\/v2\/product_brand?post=43631"},{"taxonomy":"product_cat","embeddable":true,"href":"https:\/\/arena-ticket.com\/en\/wp-json\/wp\/v2\/product_cat?post=43631"},{"taxonomy":"product_tag","embeddable":true,"href":"https:\/\/arena-ticket.com\/en\/wp-json\/wp\/v2\/product_tag?post=43631"}],"curies":[{"name":"wp","href":"https:\/\/api.w.org\/{rel}","templated":true}]}}