{"id":43634,"date":"2025-06-27T17:17:36","date_gmt":"2025-06-27T15:17:36","guid":{"rendered":"https:\/\/arena-ticket.com\/?p=43634&#038;post_type=product&#038;preview_id=43634"},"modified":"2025-06-27T17:22:32","modified_gmt":"2025-06-27T15:22:32","slug":"the-best-of-classic-emotion-wiener-charme-trifft-budapester-temperament-merkers-erlebnis-bergwerk-merkers-10-01-2026-1930-uhr","status":"publish","type":"product","link":"https:\/\/arena-ticket.com\/en\/product\/the-best-of-classic-emotion-wiener-charme-trifft-budapester-temperament-merkers-erlebnis-bergwerk-merkers-10-01-2026-1930-uhr\/","title":{"rendered":"The Best of Classic &amp; Emotion  - Wiener Charme trifft Budapester Temperament"},"content":{"rendered":"<p>Lassen Sie sich von der Ungarischen Kammerphilharmonie unter der Leitung des renommierten Dirigenten Antal Barn\u00e1s verzaubern. Gemeinsam mit den gefeierten Solisten Katerina Beranova (Sopran) und Claus Durstwitz (Tenor) entf\u00fchrt Sie dieses au\u00dfergew\u00f6hnliche Ensemble auf eine musikalische Reise, die Ihre Sinne ber\u00fchren wird. Die kraftvolle Musik, die beeindruckende Akustik und die besondere Atmosph\u00e4re des Bergwerks machen dieses Konzert zu einem unvergesslichen Erlebnis.<\/p>\n<p>&nbsp;<\/p>\n<p>For your visit to the Adventure Mine, their\u00a0<a href=\"https:\/\/www.erlebnisbergwerk.de\/.pdf\/besucherordnung.pdf\" target=\"_blank\" rel=\"noopener nofollow\">Visitor regulations<\/a>.<strong>\u00a0Unfortunately, children under 10 years of age are not allowed to take part in the mine tour.<\/strong><\/p>\n<p>The mining experience is for technical and logistical reasons\u00a0<strong>not barrier-free<\/strong>\u00a0and therefore not suitable for guests with walking difficulties.<\/p>","protected":false},"excerpt":{"rendered":"<div class=\"l7ghb35v kjdc1dyq kmwttqpk gh25dzvf jikcssrz\">\n<p class=\"stage-headline\" data-qa=\"event-headline\">Get your tickets now for a very special concert 500 meters underground!<\/p>\n<\/div>","protected":false},"featured_media":43636,"template":"","meta":{"_acf_changed":false,"inline_featured_image":false},"product_brand":[],"product_cat":[3779,31,6741,69,3780,35,21,58],"product_tag":[5647,941,942,3801,944,5947,947,948,5948],"class_list":{"0":"post-43634","1":"product","2":"type-product","3":"status-publish","4":"has-post-thumbnail","6":"product_cat-erlebnisbergwerk-merkers","7":"product_cat-events","8":"product_cat-klassik","9":"product_cat-konzert","10":"product_cat-krayenberggemeinde","11":"product_cat-orte","12":"product_cat-ticket","13":"product_cat-veranstaltung","14":"product_tag-erlebnisbergwerk-merkers","15":"product_tag-events","16":"product_tag-konzert","17":"product_tag-krayenberggemeinde","18":"product_tag-orte","19":"product_tag-the-best-of-classic-emotion","20":"product_tag-ticket","21":"product_tag-veranstaltung","22":"product_tag-wiener-charme-trifft-budapester-temperament","23":"product_shipping_class-nur_paketversand","24":"pa_discount-normalpreis","25":"pa_preiskategorie-freie-platzwahl","27":"first","28":"instock","29":"taxable","30":"shipping-taxable","31":"purchasable","32":"product-type-variable"},"group_of_quantity":0,"min_quantity":0,"max_quantity":"","exclude_order_quantity_value_rules":"no","exclude_category_quantity_rules":"no","combine_variations":"no","acf":[],"_links":{"self":[{"href":"https:\/\/arena-ticket.com\/en\/wp-json\/wp\/v2\/product\/43634","targetHints":{"allow":["GET"]}}],"collection":[{"href":"https:\/\/arena-ticket.com\/en\/wp-json\/wp\/v2\/product"}],"about":[{"href":"https:\/\/arena-ticket.com\/en\/wp-json\/wp\/v2\/types\/product"}],"wp:featuredmedia":[{"embeddable":true,"href":"https:\/\/arena-ticket.com\/en\/wp-json\/wp\/v2\/media\/43636"}],"wp:attachment":[{"href":"https:\/\/arena-ticket.com\/en\/wp-json\/wp\/v2\/media?parent=43634"}],"wp:term":[{"taxonomy":"product_brand","embeddable":true,"href":"https:\/\/arena-ticket.com\/en\/wp-json\/wp\/v2\/product_brand?post=43634"},{"taxonomy":"product_cat","embeddable":true,"href":"https:\/\/arena-ticket.com\/en\/wp-json\/wp\/v2\/product_cat?post=43634"},{"taxonomy":"product_tag","embeddable":true,"href":"https:\/\/arena-ticket.com\/en\/wp-json\/wp\/v2\/product_tag?post=43634"}],"curies":[{"name":"wp","href":"https:\/\/api.w.org\/{rel}","templated":true}]}}