{"id":43637,"date":"2025-06-27T17:44:41","date_gmt":"2025-06-27T15:44:41","guid":{"rendered":"https:\/\/arena-ticket.com\/?p=43637&#038;post_type=product&#038;preview_id=43637"},"modified":"2026-01-13T08:12:31","modified_gmt":"2026-01-13T07:12:31","slug":"forced-to-mode-depeche-modes-dark-bright-lights-leipzig-haus-auensee-11-04-2026-2000-uhr","status":"publish","type":"product","link":"https:\/\/arena-ticket.com\/en\/product\/forced-to-mode-depeche-modes-dark-bright-lights-leipzig-haus-auensee-11-04-2026-2000-uhr\/","title":{"rendered":"Forced To Mode  - Depeche Mode's Dark &amp; Bright Lights"},"content":{"rendered":"<p>FORCED TO MODE k\u00fcndigt \u201eBLACK CELEBRATION Tour 2026\u201c an DEPECHE MODE'S Dark &amp; Bright Lights<\/p>\n<p>Es gibt Tribute-Bands. Und es gibt Forced To Mode. Mit einer Hingabe, die ihresgleichen sucht, und einem Sound, der unter die Haut geht, k\u00fcndigt die vielfach als \u201eweltbeste Depeche Mode-Coverband\u201c gefeierte Formation ihre gro\u00dfe \u201eBlack Celebration Tour 2026\u201c an.<\/p>\n<p>Hamburg - Unter dem Tourmotto \u201e40 Years of Black Celebration\u201c bringt Forced To Mode ein Live-Erlebnis auf die B\u00fchne, das nicht nur die gro\u00dfen Meilensteine von Depeche Mode feiert, sondern auch die dunklen, selten geh\u00f6rten Perlen aus vier Jahrzehnten Bandgeschichte ins Rampenlicht r\u00fcckt. Eine musikalische Reise zwischen Licht und Schatten \u2013 kompromisslos, leidenschaftlich und detailverliebt.<\/p>\n<p>Seit \u00fcber einem Jahrzehnt z\u00e4hlen die drei Musiker aus Berlin von Forced To Mode zu den gefragtesten Live-Acts im Tribute-Sektor - \u00fcber 500 Shows in 18 L\u00e4ndern, ein beeindruckendes Repertoire aus \u00fcber 130 Depeche Mode-Songs, eine stetig wachsende Fanbase und Millionen Aufrufe auf dem eigenen YouTube-Kanal belegen, was in jeder Sekunde dieser Konzerte sp\u00fcrbar wird: Diese Band lebt Depeche Mode \u2013 in jedem Ton, in jedem Arrangement, in jeder Geste.<\/p>\n<p>Forced To Mode stehen nicht f\u00fcr blo\u00dfe Reproduktion - ihre Konzerte feiern das Original und sind dabei weit mehr als blo\u00dfe Huldigung: Ihre sp\u00fcrbare Hingabe, mit der sie selbst seltene B-Seiten, fast vergessene Albumtracks und emotional aufgeladene Klassiker zur\u00fcck ins Rampenlicht holen \u2013 machen jedes Konzert zu einem Unikat.<\/p>\n<p>Mit der \u201eBlack Celebration Tour 2026\u201c setzen Forced To Mode dieses eindrucksvolle Kapitel fort. Sie lassen den Spirit der fr\u00fcheren, ikonischen Depeche Mode-Epochen wieder auferstehen und feiern das 40-j\u00e4hrige Jubil\u00e4um dieses wegweisenden und beliebten Albums absolut gekonnt, mit ihrer typischen Raffinesse in Show und Sound. F2M liefern ein echtes Tribute-Erlebnis, das tief in die Geschichte von Depeche Mode eintaucht und sich eindr\u00fccklich in den K\u00f6pfen und Herzen der Fans verankert.<\/p>","protected":false},"excerpt":{"rendered":"<p>Secure your tickets!<\/p>","protected":false},"featured_media":63211,"template":"","meta":{"_acf_changed":false,"inline_featured_image":false},"product_brand":[],"product_cat":[31,344,86,64,35,6730,21,58],"product_tag":[5949,941,3777,962,942,943,944,947,948],"class_list":{"0":"post-43637","1":"product","2":"type-product","3":"status-publish","4":"has-post-thumbnail","6":"product_cat-events","7":"product_cat-haus-auensee","8":"product_cat-leipzig","9":"product_cat-musical-show","10":"product_cat-orte","11":"product_cat-show","12":"product_cat-ticket","13":"product_cat-veranstaltung","14":"product_tag-depeche-modes-dark-bright-lights","15":"product_tag-events","16":"product_tag-forced-to-mode","17":"product_tag-haus-auensee","18":"product_tag-konzert","19":"product_tag-leipzig","20":"product_tag-orte","21":"product_tag-ticket","22":"product_tag-veranstaltung","23":"product_shipping_class-nur_paketversand","24":"pa_discount-normalpreis","25":"pa_preiskategorie-stehplatz","27":"first","28":"outofstock","29":"taxable","30":"shipping-taxable","31":"purchasable","32":"product-type-variable","33":"has-default-attributes"},"group_of_quantity":0,"min_quantity":0,"max_quantity":"","exclude_order_quantity_value_rules":"no","exclude_category_quantity_rules":"no","combine_variations":"no","acf":[],"_links":{"self":[{"href":"https:\/\/arena-ticket.com\/en\/wp-json\/wp\/v2\/product\/43637","targetHints":{"allow":["GET"]}}],"collection":[{"href":"https:\/\/arena-ticket.com\/en\/wp-json\/wp\/v2\/product"}],"about":[{"href":"https:\/\/arena-ticket.com\/en\/wp-json\/wp\/v2\/types\/product"}],"wp:featuredmedia":[{"embeddable":true,"href":"https:\/\/arena-ticket.com\/en\/wp-json\/wp\/v2\/media\/63211"}],"wp:attachment":[{"href":"https:\/\/arena-ticket.com\/en\/wp-json\/wp\/v2\/media?parent=43637"}],"wp:term":[{"taxonomy":"product_brand","embeddable":true,"href":"https:\/\/arena-ticket.com\/en\/wp-json\/wp\/v2\/product_brand?post=43637"},{"taxonomy":"product_cat","embeddable":true,"href":"https:\/\/arena-ticket.com\/en\/wp-json\/wp\/v2\/product_cat?post=43637"},{"taxonomy":"product_tag","embeddable":true,"href":"https:\/\/arena-ticket.com\/en\/wp-json\/wp\/v2\/product_tag?post=43637"}],"curies":[{"name":"wp","href":"https:\/\/api.w.org\/{rel}","templated":true}]}}