{"id":43654,"date":"2025-06-28T15:31:40","date_gmt":"2025-06-28T13:31:40","guid":{"rendered":"https:\/\/arena-ticket.com\/?p=43654&#038;post_type=product&#038;preview_id=43654"},"modified":"2025-07-24T15:31:34","modified_gmt":"2025-07-24T13:31:34","slug":"the-aristocrats-the-duck-tour-2026-der-anker-10-04-2026-2000-uhr","status":"publish","type":"product","link":"https:\/\/arena-ticket.com\/en\/product\/the-aristocrats-the-duck-tour-2026-der-anker-10-04-2026-2000-uhr\/","title":{"rendered":"The Aristocrats  - The Duck Tour 2026"},"content":{"rendered":"<p>The Aristocrats sind eine der musikalisch originellsten Instrumental-Rock-Fusion-Bands der Welt und kommen im Fr\u00fchjahr 2026 auf Deutschland Tour, um ihr aktuelles Album \u201eDuck\u201c auch hierzulande live zu pr\u00e4sentieren.<\/p>\n<p>Der Zufall mit die drei Musiker zu einer Band<\/p>\n<p>Auch wenn es Zufall war, dass die drei Musiker Guthrie Govan (Gitarre \u2013 Asia, Steven Wilson Band), Bryan Beller (Bass \u2013 Steve Vai, Joe Satriani) und Marco Minnemann (Drums \u2013 Steven Wilson Band, Joe Satriani, Steve Hackett) eine Band gr\u00fcndeten, sind seitdem 14 Jahre vergangen, in denen The Aristocrats mehrere, von der Kritik gefeierte Alben ver\u00f6ffentlichten und um die Welt tourten.<\/p>\n<p>Nach 13 Jahren Bandgeschichte: das erste Konzeptalbum<\/p>\n<p>2024 ver\u00f6ffentlichten The Aristocrats mit \u201eDuck\u201c ihr erstes Konzeptalbum, das sie im kommenden Fr\u00fchjahr live auf deutschen B\u00fchnen pr\u00e4sentieren. Mit diesem Langspieler, ein musikalisches Kaleidoskop aus genretypischen und einfallsreichen neuen Arrangements, erz\u00e4hlt das Trio nicht nur eine Geschichte, sondern erschafft ein musikalisches Universum, das deutlich macht, dass sich The Aristocrats mit ihrer kollektiven Kunstfertigkeit auf ein v\u00f6llig neues Niveau erhoben haben.<\/p>\n<p>Drei Musiker \u2013 eine Band?<\/p>\n<p>Die Musiker Govan, Beller, Minnemann sind eine echte Band \u2013 eine Band, die musikalisch originell und erfrischend respektlos ist. The Aristocrats haben sich als erstaunlich unterhaltsame Instrumental-Rock-Fusion-Band international etabliert und ihre Liveshows sind stets ein musikalischer Hochseilakt: Rock, Pop, Metal, Jazz, Country - und alles dazwischen \u2013 kommen zum Einsatz und dank der Improvisationsfreudigkeit des Trios ist auf der B\u00fchne jederzeit alles m\u00f6glich.<\/p>\n<p>Eine unberechenbare Liveband, die Spitzenqualit\u00e4t garantiert<\/p>\n<p>2026 kommt das Trio endlich wieder nach Deutschland! Fans und Musikliebhaber k\u00f6nnen sich auf eine Show freuen, bei der nur eins sicher ist: das musikalische Spitzenniveau der drei Musiker.<\/p>","protected":false},"excerpt":{"rendered":"<p>Das Instrumental-Fusion-Rock Trio The Aristocrats kommt 2026 auf Club-Tour, um das aktuelle Album \u201eDuck\u201c auf deutschen B\u00fchnen live zu pr\u00e4sentieren.<\/p>","protected":false},"featured_media":43656,"template":"","meta":{"_acf_changed":false,"inline_featured_image":false},"product_brand":[],"product_cat":[388,31,69,86,35,6732,21,58],"product_tag":[971,2859,941,942,943,944,5950,5951,947,948],"class_list":{"0":"post-43654","1":"product","2":"type-product","3":"status-publish","4":"has-post-thumbnail","6":"product_cat-anker","7":"product_cat-events","8":"product_cat-konzert","9":"product_cat-leipzig","10":"product_cat-orte","11":"product_cat-rock-hard-rock","12":"product_cat-ticket","13":"product_cat-veranstaltung","14":"product_tag-anker","15":"product_tag-der-anker","16":"product_tag-events","17":"product_tag-konzert","18":"product_tag-leipzig","19":"product_tag-orte","20":"product_tag-the-aristocrats","21":"product_tag-the-duck-tour-2026","22":"product_tag-ticket","23":"product_tag-veranstaltung","24":"product_shipping_class-nur_paketversand","25":"pa_discount-normalpreis","26":"pa_preiskategorie-stehplatz","28":"first","29":"instock","30":"taxable","31":"shipping-taxable","32":"purchasable","33":"product-type-variable"},"group_of_quantity":0,"min_quantity":0,"max_quantity":"","exclude_order_quantity_value_rules":"no","exclude_category_quantity_rules":"no","combine_variations":"no","acf":[],"_links":{"self":[{"href":"https:\/\/arena-ticket.com\/en\/wp-json\/wp\/v2\/product\/43654","targetHints":{"allow":["GET"]}}],"collection":[{"href":"https:\/\/arena-ticket.com\/en\/wp-json\/wp\/v2\/product"}],"about":[{"href":"https:\/\/arena-ticket.com\/en\/wp-json\/wp\/v2\/types\/product"}],"wp:featuredmedia":[{"embeddable":true,"href":"https:\/\/arena-ticket.com\/en\/wp-json\/wp\/v2\/media\/43656"}],"wp:attachment":[{"href":"https:\/\/arena-ticket.com\/en\/wp-json\/wp\/v2\/media?parent=43654"}],"wp:term":[{"taxonomy":"product_brand","embeddable":true,"href":"https:\/\/arena-ticket.com\/en\/wp-json\/wp\/v2\/product_brand?post=43654"},{"taxonomy":"product_cat","embeddable":true,"href":"https:\/\/arena-ticket.com\/en\/wp-json\/wp\/v2\/product_cat?post=43654"},{"taxonomy":"product_tag","embeddable":true,"href":"https:\/\/arena-ticket.com\/en\/wp-json\/wp\/v2\/product_tag?post=43654"}],"curies":[{"name":"wp","href":"https:\/\/api.w.org\/{rel}","templated":true}]}}