{"id":43704,"date":"2025-06-30T09:57:08","date_gmt":"2025-06-30T07:57:08","guid":{"rendered":"https:\/\/arena-ticket.com\/?p=43704&#038;post_type=product&#038;preview_id=43704"},"modified":"2025-12-18T18:49:01","modified_gmt":"2025-12-18T17:49:01","slug":"annenmaykantereit-live-2026-tour-quarterback-immobilien-arena-leipzig-11-09-2026-2000-uhr","status":"publish","type":"product","link":"https:\/\/arena-ticket.com\/en\/product\/annenmaykantereit-live-2026-tour-quarterback-immobilien-arena-leipzig-11-09-2026-2000-uhr\/","title":{"rendered":"AnnenMayKantereit - Live 2026"},"content":{"rendered":"<p>\"Alles nix Konkretes\": So hie\u00df 2016 das erste Album der K\u00f6lner Band AnnenMayKantereit.<br \/>\nEs h\u00e4tte keinen besseren Titel geben k\u00f6nnen. Denn es gab ja damals tats\u00e4chlich keinen<br \/>\nKarriereplan, das Motto war eher: erst mal machen, dem Vibe folgen, gucken, was passiert.<br \/>\nSo hatten Christopher Annen (Gitarre), Henning May (Gesang) und Severin Kantereit<br \/>\n(Schlagzeug) es bereits gehalten, als sie sich in der Schule kennenlernten und gemeinsam<br \/>\nals Stra\u00dfenmusiker auftraten, so blieb es, als sie fr\u00fche Songs bei YouTube ver\u00f6ffentlichten,<br \/>\nein erstes, heute l\u00e4ngst vergriffenes Album selbst produzierten und schlie\u00dflich 2015 eine<br \/>\nDeb\u00fct-EP unter dem ebenfalls bezeichnenden Titel \"Wird schon irgendwie gehen\".<br \/>\nUnd wie es ging: Was seitdem passiert ist, ist ganz und gar au\u00dfergew\u00f6hnlich und \u2013 nun<br \/>\neben doch \u2013 eine der beeindruckendsten Karrieren im deutschen Pop der vergangenen<br \/>\nJahrzehnte. Seit der Gr\u00fcndung der Band im Jahre 2011 haben sich AnnenMayKantereit<br \/>\nkontinuierlich vom K\u00f6lner Geheimtipp zu einer der erfolgreichsten Bands der Republik<br \/>\nentwickelt, ohne jemals die Bodenhaftung zu verlieren.<br \/>\nAuch international haben sich AnnenMayKantereit gro\u00dfe Fangemeinden in L\u00e4ndern wie<br \/>\nMexiko, der Ukraine und der T\u00fcrkei erspielt. Ihre gemeinsam mit Giant Rooks eingespielte<br \/>\nVersion von Suzanne Vegas Klassiker \"Tom\u2019s Diner\" wurde in den USA mit Gold<br \/>\nausgezeichnet, die Band hat insgesamt \u00fcber 400 Shows gespielt, zahlreiche Preise verliehen<br \/>\nbekommen und sich im September 2023 mit einem ausverkauften Konzert im K\u00f6lner<br \/>\nRheinEnergieSTADION einen Traum erf\u00fcllt.<br \/>\n2026 kehren AnnenMayKantereit endlich mit einer neuen Tour zur\u00fcck: Ab Juli wird die Band<br \/>\nneben einer weiteren Show im K\u00f6lner Stadion in Deutschland, \u00d6sterreich, Luxemburg und<br \/>\nder Schweiz wieder Konzerte spielen.<\/p>","protected":false},"excerpt":{"rendered":"<p><strong>Der Vorverkauf l\u00e4uft!<\/strong><\/p>","protected":false},"featured_media":60260,"template":"","meta":{"_acf_changed":false,"inline_featured_image":false},"product_brand":[],"product_cat":[31,69,86,35,37,6746,21,22,58],"product_tag":[5953,941,942,943,4819,944,945,947,973,948],"class_list":{"0":"post-43704","1":"product","2":"type-product","3":"status-publish","4":"has-post-thumbnail","6":"product_cat-events","7":"product_cat-konzert","8":"product_cat-leipzig","9":"product_cat-orte","10":"product_cat-quarterback-immobilien-arena","11":"product_cat-singer-songwriter","12":"product_cat-ticket","13":"product_cat-ticketupgrades-zusatzleistungen","14":"product_cat-veranstaltung","15":"product_tag-annenmaykantereit","16":"product_tag-events","17":"product_tag-konzert","18":"product_tag-leipzig","19":"product_tag-live-2026","20":"product_tag-orte","21":"product_tag-quarterback-immobilien-arena","22":"product_tag-ticket","23":"product_tag-ticketupgrades-zusatzleistungen","24":"product_tag-veranstaltung","25":"product_shipping_class-abholung_paketversand","26":"pa_discount-inklusive-begleitperson","27":"pa_discount-normalpreis","28":"pa_discount-vip-sitzplatz","29":"pa_preiskategorie-ggv-up","30":"pa_preiskategorie-pgv-up","31":"pa_preiskategorie-pk-i","32":"pa_preiskategorie-pk1-stehplatz","33":"pa_preiskategorie-pk-ii","34":"pa_preiskategorie-pk-iii","35":"pa_preiskategorie-pk3-stehplatz","36":"pa_preiskategorie-pk-iv","37":"pa_preiskategorie-rollstuhlfahrer","38":"pa_preiskategorie-stehplatz","39":"pa_preiskategorie-vip-package","40":"pa_preiskategorie-vip-package-backstage-club","41":"pa_preiskategorie-vipu-up","43":"first","44":"instock","45":"taxable","46":"shipping-taxable","47":"purchasable","48":"product-type-variable"},"group_of_quantity":0,"min_quantity":0,"max_quantity":"","exclude_order_quantity_value_rules":"no","exclude_category_quantity_rules":"no","combine_variations":"no","acf":[],"_links":{"self":[{"href":"https:\/\/arena-ticket.com\/en\/wp-json\/wp\/v2\/product\/43704","targetHints":{"allow":["GET"]}}],"collection":[{"href":"https:\/\/arena-ticket.com\/en\/wp-json\/wp\/v2\/product"}],"about":[{"href":"https:\/\/arena-ticket.com\/en\/wp-json\/wp\/v2\/types\/product"}],"wp:featuredmedia":[{"embeddable":true,"href":"https:\/\/arena-ticket.com\/en\/wp-json\/wp\/v2\/media\/60260"}],"wp:attachment":[{"href":"https:\/\/arena-ticket.com\/en\/wp-json\/wp\/v2\/media?parent=43704"}],"wp:term":[{"taxonomy":"product_brand","embeddable":true,"href":"https:\/\/arena-ticket.com\/en\/wp-json\/wp\/v2\/product_brand?post=43704"},{"taxonomy":"product_cat","embeddable":true,"href":"https:\/\/arena-ticket.com\/en\/wp-json\/wp\/v2\/product_cat?post=43704"},{"taxonomy":"product_tag","embeddable":true,"href":"https:\/\/arena-ticket.com\/en\/wp-json\/wp\/v2\/product_tag?post=43704"}],"curies":[{"name":"wp","href":"https:\/\/api.w.org\/{rel}","templated":true}]}}