{"id":43721,"date":"2025-06-30T11:56:52","date_gmt":"2025-06-30T09:56:52","guid":{"rendered":"https:\/\/arena-ticket.com\/?p=43721&#038;post_type=product&#038;preview_id=43721"},"modified":"2026-02-27T17:02:51","modified_gmt":"2026-02-27T16:02:51","slug":"kaffkiez-wir-tour-2026-leipzig-haus-auensee-18-04-2026-2000-uhr","status":"publish","type":"product","link":"https:\/\/arena-ticket.com\/en\/product\/kaffkiez-wir-tour-2026-leipzig-haus-auensee-18-04-2026-2000-uhr\/","title":{"rendered":"KAFFKIEZ  - Wir Tour 2026"},"content":{"rendered":"<p>WIR sind jetzt wieder da. Nach \u00fcber einem Jahr ohne Tour &amp; Festivals gehen KAFFKIEZ mit ihrem neuen Album WIR auf die bislang gr\u00f6\u00dfte Tour ihrer Bandgeschichte. Die vorherige Tour? Restlos ausverkauft. Schwei\u00df, G\u00e4nsehaut, Vollgas \u2013 einmal quer durch den deutschsprachigen Raum. KAFFKIEZ-Shows stehen f\u00fcr ehrliche Live-Momente ohne Schnickschnack. Dicht an der Crowd, laut &amp; roh \u2013 ein Familientreffen im Moshpit.<\/p>\n<p>Die f\u00fcnf Jungs aus Rosenheim liefern ihre Energie ohne Filter, treffen mitten rein und schaffen es trotzdem, auch in gro\u00dfen Hallen die echte N\u00e4he zu erzeugen, f\u00fcr die man sie kennt. 2024 haben sie mit Platz 3 in den deutschen Albumcharts bereits gezeigt, dass sie mit ihrer immer gr\u00f6\u00dfer werdenden Fangemeinde gekommen sind, um zu bleiben.<\/p>","protected":false},"excerpt":{"rendered":"<p>Secure your tickets!<\/p>","protected":false},"featured_media":43723,"template":"","meta":{"_acf_changed":false,"inline_featured_image":false},"product_brand":[],"product_cat":[31,344,6748,69,86,35,21,58],"product_tag":[941,962,6827,1640,942,943,944,947,948,5954],"class_list":{"0":"post-43721","1":"product","2":"type-product","3":"status-publish","4":"has-post-thumbnail","6":"product_cat-events","7":"product_cat-haus-auensee","8":"product_cat-indie","9":"product_cat-konzert","10":"product_cat-leipzig","11":"product_cat-orte","12":"product_cat-ticket","13":"product_cat-veranstaltung","14":"product_tag-events","15":"product_tag-haus-auensee","16":"product_tag-indie","17":"product_tag-kaffkiez","18":"product_tag-konzert","19":"product_tag-leipzig","20":"product_tag-orte","21":"product_tag-ticket","22":"product_tag-veranstaltung","23":"product_tag-wir-tour-2026","24":"product_shipping_class-nur_paketversand","25":"pa_discount-inklusive-begleitperson","26":"pa_discount-normalpreis","27":"pa_preiskategorie-rollstuhlfahrer","28":"pa_preiskategorie-stehplatz","30":"first","31":"outofstock","32":"taxable","33":"shipping-taxable","34":"purchasable","35":"product-type-variable","36":"has-default-attributes"},"group_of_quantity":0,"min_quantity":0,"max_quantity":"","exclude_order_quantity_value_rules":"no","exclude_category_quantity_rules":"no","combine_variations":"no","acf":[],"_links":{"self":[{"href":"https:\/\/arena-ticket.com\/en\/wp-json\/wp\/v2\/product\/43721","targetHints":{"allow":["GET"]}}],"collection":[{"href":"https:\/\/arena-ticket.com\/en\/wp-json\/wp\/v2\/product"}],"about":[{"href":"https:\/\/arena-ticket.com\/en\/wp-json\/wp\/v2\/types\/product"}],"wp:featuredmedia":[{"embeddable":true,"href":"https:\/\/arena-ticket.com\/en\/wp-json\/wp\/v2\/media\/43723"}],"wp:attachment":[{"href":"https:\/\/arena-ticket.com\/en\/wp-json\/wp\/v2\/media?parent=43721"}],"wp:term":[{"taxonomy":"product_brand","embeddable":true,"href":"https:\/\/arena-ticket.com\/en\/wp-json\/wp\/v2\/product_brand?post=43721"},{"taxonomy":"product_cat","embeddable":true,"href":"https:\/\/arena-ticket.com\/en\/wp-json\/wp\/v2\/product_cat?post=43721"},{"taxonomy":"product_tag","embeddable":true,"href":"https:\/\/arena-ticket.com\/en\/wp-json\/wp\/v2\/product_tag?post=43721"}],"curies":[{"name":"wp","href":"https:\/\/api.w.org\/{rel}","templated":true}]}}