{"id":43726,"date":"2025-06-30T12:32:51","date_gmt":"2025-06-30T10:32:51","guid":{"rendered":"https:\/\/arena-ticket.com\/?p=43726&#038;post_type=product&#038;preview_id=43726"},"modified":"2026-04-14T12:31:23","modified_gmt":"2026-04-14T10:31:23","slug":"falco-meets-amadeus-live-2026-tour-quarterback-immobilien-arena-leipzig-14-04-2026-2000-uhr","status":"publish","type":"product","link":"https:\/\/arena-ticket.com\/en\/product\/falco-meets-amadeus-live-2026-tour-quarterback-immobilien-arena-leipzig-14-04-2026-2000-uhr\/","title":{"rendered":"Falco Meets Amadeus - Live 2026"},"content":{"rendered":"<p>\u201eDer Kommissar\u201c ist zur\u00fcck! Nach hunderten Vorstellungen, unz\u00e4hligen ausverkauften Shows und \u00fcber einer halben Million begeisterten Besuchern bringen die Macher von \u201eFALCO \u2013 Das Musical\u201c nun das neueste Meisterwerk aus der Feder des Kreativ-Teams um Hauptdarsteller Alexander Kerbst auf Tour und lassen dabei den Mythos noch einmal aufleben: \u201eFALCO MEETS AMADEUS\u201c erz\u00e4hlt ebenso bildgewaltig und exzentrisch von zwei absoluten Ausnahmeerscheinungen in der Musikgeschichte und kombiniert dabei alle gro\u00dfen Falco-Hits live mit der spannenden Geschichte des legend\u00e4ren Wieners. Die sensationelle neue B\u00fchnenshow gew\u00e4hrt einen tiefen Einblick in die Gedanken- und Gef\u00fchlswelt des K\u00fcnstlers und des Menschen hinter der schillernden Pop-Ikone und w\u00fcrdigt dabei das gro\u00dfartige Lebenswerk des \u201eFalken\u201c. 2026 geht \u201eFALCO MEETS AMADEUS\u201c auf gro\u00dfe Premieren-Tournee durch Deutschland, \u00d6sterreich, die Schweiz und Italien<\/p>","protected":false},"excerpt":{"rendered":"<p>Zum Jubil\u00e4um \u201e40 Jahre Rock Me Amadeus\u201c: Der B\u00fchnenerfolg in einer Neufassung von den Machern von \u201eFALCO \u2013 Das Musical\u201c!<\/p>","protected":false},"featured_media":49259,"template":"","meta":{"_acf_changed":false,"inline_featured_image":false},"product_brand":[],"product_cat":[31,86,6729,64,35,37,21,22,58],"product_tag":[941,5955,943,4819,963,6773,944,945,947,973,948],"class_list":{"0":"post-43726","1":"product","2":"type-product","3":"status-publish","4":"has-post-thumbnail","6":"product_cat-events","7":"product_cat-leipzig","8":"product_cat-musical","9":"product_cat-musical-show","10":"product_cat-orte","11":"product_cat-quarterback-immobilien-arena","12":"product_cat-ticket","13":"product_cat-ticketupgrades-zusatzleistungen","14":"product_cat-veranstaltung","15":"product_tag-events","16":"product_tag-falco-meets-amadeus","17":"product_tag-leipzig","18":"product_tag-live-2026","19":"product_tag-musical","20":"product_tag-musical-show","21":"product_tag-orte","22":"product_tag-quarterback-immobilien-arena","23":"product_tag-ticket","24":"product_tag-ticketupgrades-zusatzleistungen","25":"product_tag-veranstaltung","26":"product_shipping_class-abholung_paketversand","27":"pa_discount-inklusive-begleitperson","28":"pa_discount-normalpreis","29":"pa_preiskategorie-ggv-up","30":"pa_preiskategorie-golden-circle-sitzplatz","31":"pa_preiskategorie-pgv-up","32":"pa_preiskategorie-pk-i","33":"pa_preiskategorie-pk-ii","34":"pa_preiskategorie-pk-iii","35":"pa_preiskategorie-pk-iv","36":"pa_preiskategorie-pk-v","37":"pa_preiskategorie-rollstuhlfahrer","38":"pa_preiskategorie-vip-package","40":"first","41":"instock","42":"taxable","43":"shipping-taxable","44":"purchasable","45":"product-type-variable"},"group_of_quantity":0,"min_quantity":0,"max_quantity":"","exclude_order_quantity_value_rules":"no","exclude_category_quantity_rules":"no","combine_variations":"no","acf":[],"_links":{"self":[{"href":"https:\/\/arena-ticket.com\/en\/wp-json\/wp\/v2\/product\/43726","targetHints":{"allow":["GET"]}}],"collection":[{"href":"https:\/\/arena-ticket.com\/en\/wp-json\/wp\/v2\/product"}],"about":[{"href":"https:\/\/arena-ticket.com\/en\/wp-json\/wp\/v2\/types\/product"}],"wp:featuredmedia":[{"embeddable":true,"href":"https:\/\/arena-ticket.com\/en\/wp-json\/wp\/v2\/media\/49259"}],"wp:attachment":[{"href":"https:\/\/arena-ticket.com\/en\/wp-json\/wp\/v2\/media?parent=43726"}],"wp:term":[{"taxonomy":"product_brand","embeddable":true,"href":"https:\/\/arena-ticket.com\/en\/wp-json\/wp\/v2\/product_brand?post=43726"},{"taxonomy":"product_cat","embeddable":true,"href":"https:\/\/arena-ticket.com\/en\/wp-json\/wp\/v2\/product_cat?post=43726"},{"taxonomy":"product_tag","embeddable":true,"href":"https:\/\/arena-ticket.com\/en\/wp-json\/wp\/v2\/product_tag?post=43726"}],"curies":[{"name":"wp","href":"https:\/\/api.w.org\/{rel}","templated":true}]}}