{"id":43737,"date":"2025-06-30T12:38:59","date_gmt":"2025-06-30T10:38:59","guid":{"rendered":"https:\/\/arena-ticket.com\/?p=43737&#038;post_type=product&#038;preview_id=43737"},"modified":"2026-01-26T14:40:18","modified_gmt":"2026-01-26T13:40:18","slug":"silvester-gala-2025-mit-den-leipziger-philharmonikern-kongresshalle-am-zoo-leipzig-31-12-2025-1800-uhr","status":"publish","type":"product","link":"https:\/\/arena-ticket.com\/en\/product\/silvester-gala-2025-mit-den-leipziger-philharmonikern-kongresshalle-am-zoo-leipzig-31-12-2025-1800-uhr\/","title":{"rendered":"Silvester - Gala 2025 mit den Leipziger Philharmonikern"},"content":{"rendered":"<p>Erleben Sie einen unvergesslichen Abend in der Kongresshalle Leipzig, wenn die Leipziger Philharmoniker Sie mit einem festlichen Gala-Konzert in das Jahr 2026 begleiten. Ab 18 Uhr erwartet Sie ein Programm voller klassischer Meisterwerke, schwungvoller Walzer und mitrei\u00dfender Ouvert\u00fcren \u2013 perfekt, um das alte Jahr stilvoll zu verabschieden und das neue Jahr beschwingt zu begr\u00fc\u00dfen. Lassen Sie sich von der einzigartigen Atmosph\u00e4re, der brillanten Akustik und der musikalischen Exzellenz dieses Ensembles verzaubern und genie\u00dfen Sie einen glamour\u00f6sen Jahresausklang. <\/p>\n<p>Beginn:  31.12.2025 18:00<br \/>\nEnde:    31.12.2025 21:00<\/p>","protected":false},"excerpt":{"rendered":"<p>Secure your tickets!<\/p>","protected":false},"featured_media":63638,"template":"","meta":{"_acf_changed":false,"inline_featured_image":false},"product_brand":[],"product_cat":[31,422,922,86,35,6772,58],"product_tag":[941,5643,5957,5502,4227,942,951,943,944,958,5956,6779,5642,948],"class_list":{"0":"post-43737","1":"product","2":"type-product","3":"status-publish","4":"has-post-thumbnail","6":"product_cat-events","7":"product_cat-kongresshalle-am-zoo","8":"product_cat-kultur","9":"product_cat-leipzig","10":"product_cat-orte","11":"product_cat-sonstiges_kultur","12":"product_cat-veranstaltung","13":"product_tag-events","14":"product_tag-festival","15":"product_tag-gala-2025-mit-den-leipziger-philharmonikern","16":"product_tag-kongresshalle","17":"product_tag-kongresshalle-am-zoo","18":"product_tag-konzert","19":"product_tag-kultur","20":"product_tag-leipzig","21":"product_tag-orte","22":"product_tag-show","23":"product_tag-silvester","24":"product_tag-sonstiges","25":"product_tag-sport","26":"product_tag-veranstaltung","27":"product_shipping_class-nur_paketversand","28":"pa_discount-normalpreis","29":"pa_preiskategorie-pk-i","30":"pa_preiskategorie-pk-ii","31":"pa_preiskategorie-pk-iii","33":"first","34":"instock","35":"taxable","36":"shipping-taxable","37":"purchasable","38":"product-type-variable"},"group_of_quantity":0,"min_quantity":0,"max_quantity":"","exclude_order_quantity_value_rules":"no","exclude_category_quantity_rules":"no","combine_variations":"no","acf":[],"_links":{"self":[{"href":"https:\/\/arena-ticket.com\/en\/wp-json\/wp\/v2\/product\/43737","targetHints":{"allow":["GET"]}}],"collection":[{"href":"https:\/\/arena-ticket.com\/en\/wp-json\/wp\/v2\/product"}],"about":[{"href":"https:\/\/arena-ticket.com\/en\/wp-json\/wp\/v2\/types\/product"}],"wp:featuredmedia":[{"embeddable":true,"href":"https:\/\/arena-ticket.com\/en\/wp-json\/wp\/v2\/media\/63638"}],"wp:attachment":[{"href":"https:\/\/arena-ticket.com\/en\/wp-json\/wp\/v2\/media?parent=43737"}],"wp:term":[{"taxonomy":"product_brand","embeddable":true,"href":"https:\/\/arena-ticket.com\/en\/wp-json\/wp\/v2\/product_brand?post=43737"},{"taxonomy":"product_cat","embeddable":true,"href":"https:\/\/arena-ticket.com\/en\/wp-json\/wp\/v2\/product_cat?post=43737"},{"taxonomy":"product_tag","embeddable":true,"href":"https:\/\/arena-ticket.com\/en\/wp-json\/wp\/v2\/product_tag?post=43737"}],"curies":[{"name":"wp","href":"https:\/\/api.w.org\/{rel}","templated":true}]}}