{"id":43742,"date":"2025-06-30T12:56:32","date_gmt":"2025-06-30T10:56:32","guid":{"rendered":"https:\/\/arena-ticket.com\/?p=43742&#038;post_type=product&#038;preview_id=43742"},"modified":"2025-06-30T13:05:48","modified_gmt":"2025-06-30T11:05:48","slug":"paleface-swiss-eu-tour-2026-special-guests-stick-to-your-guns-static-dress-leipzig-haus-auensee-18-04-2026-2000-uhr-kopie","status":"publish","type":"product","link":"https:\/\/arena-ticket.com\/en\/product\/paleface-swiss-eu-tour-2026-special-guests-stick-to-your-guns-static-dress-leipzig-haus-auensee-18-04-2026-2000-uhr-kopie\/","title":{"rendered":"PALEFACE SWISS EU Tour 2026  - Special Guests: STICK TO YOUR GUNS, STATIC DRESS"},"content":{"rendered":"<p>Switzerland's finest, Paleface Swiss, kommen auf gro\u00dfe EU-Headliner-Tournee \u00fcber europ\u00e4ischen Boden. Das lange Warten seit ihrem Durchbruch im Jahr 2020 mit dem Longplayer \"Chapter 3: The Last Selection\" und dem Nackenbrecher \"Fear &amp; Dagger\" hat sich gelohnt. Die Jungs aus Z\u00fcrich haben bisher alles zerst\u00f6rt, was nicht niet- und nagelfest war. Sei es ihre letzte US-Tour als Direct Support f\u00fcr The Ghost Inside oder die nahezu ausverkaufte Tour mit dem West Coast Outfit Lionheart \u2013 sie haben sich fest in der NU- und Deathcore-Szene etabliert.<\/p>\n<p>Die 2017 gegr\u00fcndete Formation um den markanten und charismatischen S\u00e4nger Marc \"Zelli\" Zellweger hat sich auch mit ausverkauften US-Tourneen einen Namen gemacht. Da stellt sich nat\u00fcrlich die Frage, warum bisher keine EU-Headliner-Tour gespielt wurde. Die Antwort ist nun da und umfasst 29 Termine!<\/p>\n<p>Die Support-Acts wurden bisher noch nicht bekannt gegeben, aber ein Schweizer K\u00e4sepaket mit dem extra Aroma an Headbangs und Moshpits sollte man sich bei dieser Truppe nicht entgehen lassen.<\/p>\n<p>Zellis Kommentar zur Ank\u00fcndigung:<\/p>\n<p>\u201eWir haben solange darauf gewartetet unsere erste richtige EU Headline Tour zu machen\u2026 ich bin so froh und aufgeregt das wir das jetzt durchziehen k\u00f6nnen. Am liebsten w\u00fcrde ich schon morgen im Tourbus sitzen. Aber wie bei K\u00e4se muss das auch mal erst gut reifen hahaha!\u201c<\/p>","protected":false},"excerpt":{"rendered":"<p>Secure your tickets!<\/p>","protected":false},"featured_media":43746,"template":"","meta":{"_acf_changed":false,"inline_featured_image":false},"product_brand":[],"product_cat":[31,344,69,86,6736,35,21,58],"product_tag":[941,962,942,943,944,5958,5960,5959,5961,947,948],"class_list":{"0":"post-43742","1":"product","2":"type-product","3":"status-publish","4":"has-post-thumbnail","6":"product_cat-events","7":"product_cat-haus-auensee","8":"product_cat-konzert","9":"product_cat-leipzig","10":"product_cat-metal-metalcore","11":"product_cat-orte","12":"product_cat-ticket","13":"product_cat-veranstaltung","14":"product_tag-events","15":"product_tag-haus-auensee","16":"product_tag-konzert","17":"product_tag-leipzig","18":"product_tag-orte","19":"product_tag-paleface-swiss-eu-tour-2026","20":"product_tag-special-guests-stick-to-your-guns","21":"product_tag-special-guests-stick-to-your-guns-static-dress","22":"product_tag-static-dress","23":"product_tag-ticket","24":"product_tag-veranstaltung","25":"product_shipping_class-nur_paketversand","26":"pa_discount-normalpreis","27":"pa_preiskategorie-stehplatz","29":"first","30":"instock","31":"taxable","32":"shipping-taxable","33":"purchasable","34":"product-type-variable","35":"has-default-attributes"},"group_of_quantity":0,"min_quantity":0,"max_quantity":"","exclude_order_quantity_value_rules":"no","exclude_category_quantity_rules":"no","combine_variations":"no","acf":[],"_links":{"self":[{"href":"https:\/\/arena-ticket.com\/en\/wp-json\/wp\/v2\/product\/43742","targetHints":{"allow":["GET"]}}],"collection":[{"href":"https:\/\/arena-ticket.com\/en\/wp-json\/wp\/v2\/product"}],"about":[{"href":"https:\/\/arena-ticket.com\/en\/wp-json\/wp\/v2\/types\/product"}],"wp:featuredmedia":[{"embeddable":true,"href":"https:\/\/arena-ticket.com\/en\/wp-json\/wp\/v2\/media\/43746"}],"wp:attachment":[{"href":"https:\/\/arena-ticket.com\/en\/wp-json\/wp\/v2\/media?parent=43742"}],"wp:term":[{"taxonomy":"product_brand","embeddable":true,"href":"https:\/\/arena-ticket.com\/en\/wp-json\/wp\/v2\/product_brand?post=43742"},{"taxonomy":"product_cat","embeddable":true,"href":"https:\/\/arena-ticket.com\/en\/wp-json\/wp\/v2\/product_cat?post=43742"},{"taxonomy":"product_tag","embeddable":true,"href":"https:\/\/arena-ticket.com\/en\/wp-json\/wp\/v2\/product_tag?post=43742"}],"curies":[{"name":"wp","href":"https:\/\/api.w.org\/{rel}","templated":true}]}}