{"id":43748,"date":"2025-06-30T13:07:41","date_gmt":"2025-06-30T11:07:41","guid":{"rendered":"https:\/\/arena-ticket.com\/?p=43748&#038;post_type=product&#038;preview_id=43748"},"modified":"2025-09-12T16:27:03","modified_gmt":"2025-09-12T14:27:03","slug":"dirty-sound-magnet-leipzig-werk-2-24-03-2026-2000-uhr","status":"publish","type":"product","link":"https:\/\/arena-ticket.com\/en\/product\/dirty-sound-magnet-leipzig-werk-2-24-03-2026-2000-uhr\/","title":{"rendered":"Dirty Sound Magnet"},"content":{"rendered":"<p>Mit beeindruckenden \u00fcber 500 Shows in ganz Europa, Gro\u00dfbritannien und Mexiko, drei Studioalben und einem fesselnden Live-Album und das alles erst seit 2017 ist die Schweizer Band Dirty Sound Magnet eine unaufhaltsame, ungebrochene Kraft des Rock. Die Einzigartigkeit ihrer hypnotisierenden Musik und kinetischen Live-Performances hat das Publikum auf der ganzen Welt \u00fcberzeugt. Ihre Show ist unberechenbar: schamanische B\u00fchnenpr\u00e4senz, Rockstar-Charisma, instrumentales K\u00f6nnen, poetischer Gesang, verlockende Dynamik. Erwartet das Unerwartete.<\/p>","protected":false},"excerpt":{"rendered":"<p>Get your tickets here now!<\/p>","protected":false},"featured_media":48924,"template":"","meta":{"_acf_changed":false,"inline_featured_image":false},"product_brand":[],"product_cat":[31,69,86,35,6732,21,58,513],"product_tag":[5962,941,942,943,947,948,972],"class_list":{"0":"post-43748","1":"product","2":"type-product","3":"status-publish","4":"has-post-thumbnail","6":"product_cat-events","7":"product_cat-konzert","8":"product_cat-leipzig","9":"product_cat-orte","10":"product_cat-rock-hard-rock","11":"product_cat-ticket","12":"product_cat-veranstaltung","13":"product_cat-werk-zwei","14":"product_tag-dirty-sound-magnet","15":"product_tag-events","16":"product_tag-konzert","17":"product_tag-leipzig","18":"product_tag-ticket","19":"product_tag-veranstaltung","20":"product_tag-werk-2","21":"product_shipping_class-nur_paketversand","22":"pa_preiskategorie-stehplatz","24":"first","25":"instock","26":"taxable","27":"shipping-taxable","28":"purchasable","29":"product-type-variable"},"group_of_quantity":0,"min_quantity":0,"max_quantity":"","exclude_order_quantity_value_rules":"no","exclude_category_quantity_rules":"no","combine_variations":"no","acf":[],"_links":{"self":[{"href":"https:\/\/arena-ticket.com\/en\/wp-json\/wp\/v2\/product\/43748","targetHints":{"allow":["GET"]}}],"collection":[{"href":"https:\/\/arena-ticket.com\/en\/wp-json\/wp\/v2\/product"}],"about":[{"href":"https:\/\/arena-ticket.com\/en\/wp-json\/wp\/v2\/types\/product"}],"wp:featuredmedia":[{"embeddable":true,"href":"https:\/\/arena-ticket.com\/en\/wp-json\/wp\/v2\/media\/48924"}],"wp:attachment":[{"href":"https:\/\/arena-ticket.com\/en\/wp-json\/wp\/v2\/media?parent=43748"}],"wp:term":[{"taxonomy":"product_brand","embeddable":true,"href":"https:\/\/arena-ticket.com\/en\/wp-json\/wp\/v2\/product_brand?post=43748"},{"taxonomy":"product_cat","embeddable":true,"href":"https:\/\/arena-ticket.com\/en\/wp-json\/wp\/v2\/product_cat?post=43748"},{"taxonomy":"product_tag","embeddable":true,"href":"https:\/\/arena-ticket.com\/en\/wp-json\/wp\/v2\/product_tag?post=43748"}],"curies":[{"name":"wp","href":"https:\/\/api.w.org\/{rel}","templated":true}]}}