{"id":43760,"date":"2025-06-30T13:25:32","date_gmt":"2025-06-30T11:25:32","guid":{"rendered":"https:\/\/arena-ticket.com\/?p=43760&#038;post_type=product&#038;preview_id=43760"},"modified":"2026-02-26T18:02:11","modified_gmt":"2026-02-26T17:02:11","slug":"elvis-das-musical-gewandhaus-zu-leipzig-grosser-saal-14-03-2026-2000-uhr","status":"publish","type":"product","link":"https:\/\/arena-ticket.com\/en\/product\/elvis-das-musical-gewandhaus-zu-leipzig-grosser-saal-14-03-2026-2000-uhr\/","title":{"rendered":"Elvis  - Das Musical"},"content":{"rendered":"<p style=\"font-weight: 400\">70 Jahre nach dem Durchbruch des \u201eKing\u201c:\u00a0Der Musical-Erfolg mit Grahame Patrick und Ed Enoch\u00a0geht erneut auf gro\u00dfe Tournee!<\/p>\n<p style=\"font-weight: 400\"><b><strong>Sein Blick, seine Stimme, sein legend\u00e4rer H\u00fcftschwung: Elvis Presley gilt mit einer Milliarde verkaufter Tontr\u00e4ger als der erfolgreichste Solok\u00fcnstler aller Zeiten. \u201eELVIS - Das Musical\u201c ist gespickt mit all seinen gro\u00dfen Hits und eine einzigartige Zeitreise durch das Leben der Rock\u2019n\u2019Roll-Ikone. Seit der Tour-Premiere im Jahr 2014 begeisterte die Erfolgs-Produktion bereits \u00fcber eine halbe Million Zuschauer und kehrt 2024 auf gro\u00dfer Jubil\u00e4umstournee zum 10-j\u00e4hrigen Tour-Bestehen zur\u00fcck.<\/strong><\/b><\/p>\n<p style=\"font-weight: 400\">Emotional, stimmgewaltig und mitrei\u00dfend: Bei \u201eELVIS \u2013 Das Musical\u201c k\u00f6nnen die Zuschauer das Idol einer ganzen Generation an verschiedenen Stationen seines Lebens noch einmal hautnah erleben. Von der ersten Studioaufnahme als Geschenk f\u00fcr seine Mutter, \u00fcber die Anf\u00e4nge mit Sam Philipps beim regionalen Label Sun Records und der ersten ver\u00f6ffentlichten Single \u201eThat\u2019s All Right\u201c 1954, dem Wechsel zum nationalen RCA-Label und dem internationalen Durchbruch 1956 mit \u201eHeartbreak Hotel\u201c, dem Deb\u00fctalbum \u201eElvis Presley\u201c und seinem Manager \u201eColonel\u201c Tom Parker bis hin zum Konzert der Superlative \u201eAloha from Hawaii\u201c 1973 in der Honolulu International Center Arena, das als erstes Konzert eines Solok\u00fcnstlers via Satellit in \u00fcber 40 L\u00e4nder der Erde \u00fcbertragen wurde und in den USA eine h\u00f6here Einschaltquote erreichte, als wenige Jahre zuvor die erste Mondlandung.<\/p>\n<p style=\"font-weight: 400\">Elvis Aaron Presley, geboren am 8. Januar 1935 in Tupelo, Mississippi, wurde im Laufe seiner unvergleichlichen Karriere zum \u201eKing of Rock\u2019n\u2019Roll\u201c und zum wichtigsten Vertreter der Rock- und Popkultur des 20. Jahrhunderts. Sein letztes Konzert gab Presley im Juni 1977, ehe er nur kurze Zeit sp\u00e4ter am 16. August offiziell an einem pl\u00f6tzlichen Herzstillstand auf seinem Anwesen Graceland in Memphis, Tennessee, verstarb. Doch um seinen\u00a0Tod ranken sich nach wie vor Legenden und Mythen, die den \u201eKing\u201c bis heute unvergesslich machen.\u00a0F\u00fcr seine Fans lebt er immer noch - zumindest in ihren Herzen.<\/p>","protected":false},"excerpt":{"rendered":"<p>Get your tickets here now!<\/p>","protected":false},"featured_media":62542,"template":"","meta":{"_acf_changed":false,"inline_featured_image":false},"product_brand":[],"product_cat":[31,345,936,86,6729,64,35,21,58],"product_tag":[2777,1917,941,956,2832,957,942,943,963,6773,944,947,948],"class_list":{"0":"post-43760","1":"product","2":"type-product","3":"status-publish","4":"has-post-thumbnail","6":"product_cat-events","7":"product_cat-gewandhaus","8":"product_cat-grosser-saal","9":"product_cat-leipzig","10":"product_cat-musical","11":"product_cat-musical-show","12":"product_cat-orte","13":"product_cat-ticket","14":"product_cat-veranstaltung","15":"product_tag-das-musical","16":"product_tag-elvis","17":"product_tag-events","18":"product_tag-gewandhaus","19":"product_tag-gewandhaus-grosser-saal","20":"product_tag-grosser-saal","21":"product_tag-konzert","22":"product_tag-leipzig","23":"product_tag-musical","24":"product_tag-musical-show","25":"product_tag-orte","26":"product_tag-ticket","27":"product_tag-veranstaltung","28":"product_shipping_class-nur_paketversand","29":"pa_discount-ermaessigt","30":"pa_discount-normalpreis","31":"pa_preiskategorie-pk-i","32":"pa_preiskategorie-pk-ii","33":"pa_preiskategorie-pk-iii","34":"pa_preiskategorie-pk-iv","35":"pa_preiskategorie-pk-v","36":"pa_preiskategorie-premium","37":"pa_preiskategorie-premium-sitzplatz","39":"first","40":"outofstock","41":"taxable","42":"shipping-taxable","43":"purchasable","44":"product-type-variable"},"group_of_quantity":0,"min_quantity":0,"max_quantity":"","exclude_order_quantity_value_rules":"no","exclude_category_quantity_rules":"no","combine_variations":"no","acf":[],"_links":{"self":[{"href":"https:\/\/arena-ticket.com\/en\/wp-json\/wp\/v2\/product\/43760","targetHints":{"allow":["GET"]}}],"collection":[{"href":"https:\/\/arena-ticket.com\/en\/wp-json\/wp\/v2\/product"}],"about":[{"href":"https:\/\/arena-ticket.com\/en\/wp-json\/wp\/v2\/types\/product"}],"wp:featuredmedia":[{"embeddable":true,"href":"https:\/\/arena-ticket.com\/en\/wp-json\/wp\/v2\/media\/62542"}],"wp:attachment":[{"href":"https:\/\/arena-ticket.com\/en\/wp-json\/wp\/v2\/media?parent=43760"}],"wp:term":[{"taxonomy":"product_brand","embeddable":true,"href":"https:\/\/arena-ticket.com\/en\/wp-json\/wp\/v2\/product_brand?post=43760"},{"taxonomy":"product_cat","embeddable":true,"href":"https:\/\/arena-ticket.com\/en\/wp-json\/wp\/v2\/product_cat?post=43760"},{"taxonomy":"product_tag","embeddable":true,"href":"https:\/\/arena-ticket.com\/en\/wp-json\/wp\/v2\/product_tag?post=43760"}],"curies":[{"name":"wp","href":"https:\/\/api.w.org\/{rel}","templated":true}]}}