{"id":43771,"date":"2025-06-30T13:39:37","date_gmt":"2025-06-30T11:39:37","guid":{"rendered":"https:\/\/arena-ticket.com\/?p=43771&#038;post_type=product&#038;preview_id=43771"},"modified":"2026-02-27T15:04:16","modified_gmt":"2026-02-27T14:04:16","slug":"die-schoene-und-das-biest-das-musical-theater-liberi-grosser-saal-leipzig-06-04-2026-1500-uhr","status":"publish","type":"product","link":"https:\/\/arena-ticket.com\/en\/product\/die-schoene-und-das-biest-das-musical-theater-liberi-grosser-saal-leipzig-06-04-2026-1500-uhr\/","title":{"rendered":"Die Sch\u00f6ne und das Biest  - das Musical | Theater Liberi"},"content":{"rendered":"<p><b>Die Sch\u00f6ne und das Biest \u2013 das Musical<br \/>\n<\/b><br \/>\nUngeheuer sch\u00f6n: In seinem Musical-Highlight \u201eDie Sch\u00f6ne und das Biest\u201c, erz\u00e4hlt das Theater Liberi eindrucksvoll die ber\u00fchrende Geschichte \u00fcber die wahre Liebe. Gef\u00fchlvolle Eigenkompositionen und viel Poesie entf\u00fchren gemeinsam mit Witz und Emotion in die Welt dieses bezaubernden M\u00e4rchens \u2013 ein Live-Erlebnis f\u00fcr die ganze Familie!<\/p>\n<p><b>Romantische Musical-Show in m\u00e4rchenhafter Kulisse<\/b><br \/>\nDas f\u00fcr seine fantasievollen Musicals bekannte Theater Liberi pr\u00e4sentiert das franz\u00f6sische Volksm\u00e4rchen in einer zeitgem\u00e4\u00dfen und unterhaltsamen Fassung. Ein bestens ausgebildetes Ensemble begeistert das Publikum mit abwechslungsreichen Choreografien zu romantischen Balladen und poppigen Songs mit Hitpotenzial. Auf der B\u00fchne entsteht eine m\u00e4rchenhafte Kulisse: das wandelbare B\u00fchnenbild wechselt zwischen Belles Zuhause und dem verzauberten Schloss, das mit den traumhaften Kost\u00fcmen um die Wette funkelt.<\/p>\n<p><b>Wenn Liebe den Fluch besiegt<\/b><br \/>\nSeit Jahrhunderten erz\u00e4hlen sich die Menschen schon das M\u00e4rchen von der Sch\u00f6nen und dem Biest und der Kraft ihrer Liebe, die so stark ist, dass sie sogar einen Fluch brechen kann. Einen Fluch, der den Prinzen in ein furchteinfl\u00f6\u00dfendes Biest verwandelt hat. Als sich eines Tages ein armer Kaufmann in den Schlossgarten verirrt und dort eine Rose pfl\u00fcckt, fordert das Biest daf\u00fcr einen hohen Preis. Fortan muss die j\u00fcngste Tochter Belle im verwunschenen Schloss leben. Belles anf\u00e4ngliche Angst weicht jedoch schnell der Neugier, als sie feststellt, dass hinter der harten Schale des Biestes ein weicher Kern steckt und dass sie mit ihm sogar lachen und tanzen kann. Doch Belle ist hin- und hergerissen, denn sie stellt sich viele Fragen: Was hat es mit dem geheimnisvollen Prinzen im Spiegel auf sich? Und warum gibt es diese verzauberten Wesen im Schloss? Belle begibt sich auf die Suche nach Antworten\u2026<\/p>","protected":false},"excerpt":{"rendered":"<p>Ungeheuer sch\u00f6n: Dieses Live-Erlebnis f\u00fcr die ganze Familie entf\u00fchrt Gro\u00df und Klein in eine m\u00e4rchenhafte Welt voller Zauber und Poesie!<\/p>\n<p>&nbsp;<\/p>","protected":false},"featured_media":66456,"template":"","meta":{"_acf_changed":false,"inline_featured_image":false},"product_brand":[],"product_cat":[31,345,936,86,6729,64,35,21,58],"product_tag":[3760,5967,941,956,2832,957,942,943,963,6773,944,947,948],"class_list":{"0":"post-43771","1":"product","2":"type-product","3":"status-publish","4":"has-post-thumbnail","6":"product_cat-events","7":"product_cat-gewandhaus","8":"product_cat-grosser-saal","9":"product_cat-leipzig","10":"product_cat-musical","11":"product_cat-musical-show","12":"product_cat-orte","13":"product_cat-ticket","14":"product_cat-veranstaltung","15":"product_tag-das-musical-theater-liberi","16":"product_tag-die-schoene-und-das-biest","17":"product_tag-events","18":"product_tag-gewandhaus","19":"product_tag-gewandhaus-grosser-saal","20":"product_tag-grosser-saal","21":"product_tag-konzert","22":"product_tag-leipzig","23":"product_tag-musical","24":"product_tag-musical-show","25":"product_tag-orte","26":"product_tag-ticket","27":"product_tag-veranstaltung","28":"product_shipping_class-nur_paketversand","29":"pa_discount-kind-bis-14-jahre","30":"pa_discount-normalpreis","31":"pa_preiskategorie-pk-i","32":"pa_preiskategorie-pk-ii","33":"pa_preiskategorie-pk-iii","35":"first","36":"instock","37":"taxable","38":"shipping-taxable","39":"purchasable","40":"product-type-variable"},"group_of_quantity":0,"min_quantity":0,"max_quantity":"","exclude_order_quantity_value_rules":"no","exclude_category_quantity_rules":"no","combine_variations":"no","acf":[],"_links":{"self":[{"href":"https:\/\/arena-ticket.com\/en\/wp-json\/wp\/v2\/product\/43771","targetHints":{"allow":["GET"]}}],"collection":[{"href":"https:\/\/arena-ticket.com\/en\/wp-json\/wp\/v2\/product"}],"about":[{"href":"https:\/\/arena-ticket.com\/en\/wp-json\/wp\/v2\/types\/product"}],"wp:featuredmedia":[{"embeddable":true,"href":"https:\/\/arena-ticket.com\/en\/wp-json\/wp\/v2\/media\/66456"}],"wp:attachment":[{"href":"https:\/\/arena-ticket.com\/en\/wp-json\/wp\/v2\/media?parent=43771"}],"wp:term":[{"taxonomy":"product_brand","embeddable":true,"href":"https:\/\/arena-ticket.com\/en\/wp-json\/wp\/v2\/product_brand?post=43771"},{"taxonomy":"product_cat","embeddable":true,"href":"https:\/\/arena-ticket.com\/en\/wp-json\/wp\/v2\/product_cat?post=43771"},{"taxonomy":"product_tag","embeddable":true,"href":"https:\/\/arena-ticket.com\/en\/wp-json\/wp\/v2\/product_tag?post=43771"}],"curies":[{"name":"wp","href":"https:\/\/api.w.org\/{rel}","templated":true}]}}