{"id":43776,"date":"2025-06-30T13:41:54","date_gmt":"2025-06-30T11:41:54","guid":{"rendered":"https:\/\/arena-ticket.com\/?p=43776&#038;post_type=product&#038;preview_id=43776"},"modified":"2025-06-30T13:48:54","modified_gmt":"2025-06-30T11:48:54","slug":"babyhaikonzerte-halle-freilichtbuehne-peissnitz-07-06-2026-1000-uhr","status":"publish","type":"product","link":"https:\/\/arena-ticket.com\/en\/product\/babyhaikonzerte-halle-freilichtbuehne-peissnitz-07-06-2026-1000-uhr\/","title":{"rendered":"Babyhaikonzerte"},"content":{"rendered":"<p>Willkommen in der zauberhaften Welt der Babyhai- &amp; Krabbelkonzerte \u2013 dem besonderen Musikerlebnis f\u00fcr die Allerkleinsten und ihre Bezugspersonen! Unter der einf\u00fchlsamen Leitung der Harfenistin Ursula Heins entsteht ein gesch\u00fctzter Raum, in dem Babys und Kleinkinder Musik ganz unmittelbar erleben d\u00fcrfen.<\/p>\n<p>F\u00fchlen statt nur h\u00f6ren<br \/>\nSanfte Kl\u00e4nge, vertraute Stimmen, warme T\u00f6ne: Die Musik l\u00e4dt zum Lauschen, Tr\u00e4umen und Mitwippen ein \u2013 kindgerecht, beruhigend und liebevoll gestaltet.<\/p>\n<p>Ganz nah dran<br \/>\nIn wohliger Atmosph\u00e4re sitzen Gro\u00df und Klein mitten im Geschehen. Kein B\u00fchnenabstand, kein Stillsein-M\u00fcssen \u2013 hier darf gegluckst, gelauscht, gekrabbelt und gestaunt werden.<\/p>\n<p>Ein sinnliches Konzerterlebnis f\u00fcr die ganze Familie<br \/>\nIdeal f\u00fcr Kinder von 0 bis 3 Jahren \u2013 und f\u00fcr Eltern, die besondere musikalische Momente mit ihren Kleinsten teilen m\u00f6chten.<\/p>","protected":false},"excerpt":{"rendered":"<p>Get your tickets here now!<\/p>","protected":false},"featured_media":43775,"template":"","meta":{"_acf_changed":false,"inline_featured_image":false},"product_brand":[],"product_cat":[31,405,102,94,35,21,58],"product_tag":[5966,941,1004,999,942,944,947,948],"class_list":{"0":"post-43776","1":"product","2":"type-product","3":"status-publish","4":"has-post-thumbnail","6":"product_cat-events","7":"product_cat-freilichtbuehne-peissnitz","8":"product_cat-halle","9":"product_cat-kinder","10":"product_cat-orte","11":"product_cat-ticket","12":"product_cat-veranstaltung","13":"product_tag-babyhaikonzerte","14":"product_tag-events","15":"product_tag-freilichtbuehne-peissnitz","16":"product_tag-halle","17":"product_tag-konzert","18":"product_tag-orte","19":"product_tag-ticket","20":"product_tag-veranstaltung","21":"product_shipping_class-nur_paketversand","22":"pa_discount-freie-platzwahl","23":"pa_discount-vip-golden-circle","24":"pa_discount-normalpreis","25":"pa_preiskategorie-freie-platzwahl","27":"first","28":"instock","29":"taxable","30":"shipping-taxable","31":"purchasable","32":"product-type-variable"},"group_of_quantity":0,"min_quantity":0,"max_quantity":"","exclude_order_quantity_value_rules":"no","exclude_category_quantity_rules":"no","combine_variations":"no","acf":[],"_links":{"self":[{"href":"https:\/\/arena-ticket.com\/en\/wp-json\/wp\/v2\/product\/43776","targetHints":{"allow":["GET"]}}],"collection":[{"href":"https:\/\/arena-ticket.com\/en\/wp-json\/wp\/v2\/product"}],"about":[{"href":"https:\/\/arena-ticket.com\/en\/wp-json\/wp\/v2\/types\/product"}],"wp:featuredmedia":[{"embeddable":true,"href":"https:\/\/arena-ticket.com\/en\/wp-json\/wp\/v2\/media\/43775"}],"wp:attachment":[{"href":"https:\/\/arena-ticket.com\/en\/wp-json\/wp\/v2\/media?parent=43776"}],"wp:term":[{"taxonomy":"product_brand","embeddable":true,"href":"https:\/\/arena-ticket.com\/en\/wp-json\/wp\/v2\/product_brand?post=43776"},{"taxonomy":"product_cat","embeddable":true,"href":"https:\/\/arena-ticket.com\/en\/wp-json\/wp\/v2\/product_cat?post=43776"},{"taxonomy":"product_tag","embeddable":true,"href":"https:\/\/arena-ticket.com\/en\/wp-json\/wp\/v2\/product_tag?post=43776"}],"curies":[{"name":"wp","href":"https:\/\/api.w.org\/{rel}","templated":true}]}}