{"id":43814,"date":"2025-07-01T09:58:59","date_gmt":"2025-07-01T07:58:59","guid":{"rendered":"https:\/\/arena-ticket.com\/?p=43814&#038;post_type=product&#038;preview_id=43814"},"modified":"2025-07-23T14:35:16","modified_gmt":"2025-07-23T12:35:16","slug":"ludwig-van-beethoven-9-sinfonie-philharmonie-leipzig-philharmonischer-chor-leipzig-gewandhaus-zu-leipzig-grosser-saal-09-10-2025-2000-uhr","status":"publish","type":"product","link":"https:\/\/arena-ticket.com\/en\/product\/ludwig-van-beethoven-9-sinfonie-philharmonie-leipzig-philharmonischer-chor-leipzig-gewandhaus-zu-leipzig-grosser-saal-09-10-2025-2000-uhr\/","title":{"rendered":"Ludwig van Beethoven  - 9. Sinfonie | Philharmonie Leipzig, Philharmonischer Chor Leipzig"},"content":{"rendered":"<p class=\"\" data-rte-preserve-empty=\"true\">Mit dem Chor der Oper Halle, dem Extrachor der Oper Halle und dem Gesangverein zu Langenbernsdorf<\/p>\n<p class=\"\" data-rte-preserve-empty=\"true\">Mit einem einzigartigen Konzert begehen die Leipziger Philharmoniker das Leipziger Jubil\u00e4um der Friedlichen Revolution am 9. Oktober 2025. Ein magischer, geschichtstr\u00e4chtiger Moment unserer Stadt soll an diesem Abend erlebbar werden. Wir begr\u00fc\u00dfen an diesem Abend als Zeitzeugen <strong>Friedhelm Eberle,<\/strong> der mit einer Rede diesen Abend er\u00f6ffnen wird.<\/p>\n<p class=\"\" data-rte-preserve-empty=\"true\">Die Philharmoniker mit Chefdirigent Michael Koehler haben f\u00fcr diesen Abend mit der 9. Sinfonie von Beethoven das Werk auf dem Programm, das auch Leonard Bernstein 1989 in Berlin zum Fall der Berliner Mauer auff\u00fchrte. In Erinnerung an den Herbst '89 waren es besonders die Leipziger B\u00fcrger, die den friedlichen Verlauf der Revolution erm\u00f6glichten. Ein hochkar\u00e4tig besetztes Solistenquartett mit dem Philharmonischen Chor und dem Gesangverein zu Langenbernsdorf versprechen besonderen Musikgenuss.<\/p>","protected":false},"excerpt":{"rendered":"<p>Secure your tickets!<\/p>","protected":false},"featured_media":43825,"template":"","meta":{"_acf_changed":false,"inline_featured_image":false},"product_brand":[],"product_cat":[31,345,936,6741,69,86,35,21,58],"product_tag":[5971,5970,941,956,2832,957,942,943,5969,5972,947,948],"class_list":{"0":"post-43814","1":"product","2":"type-product","3":"status-publish","4":"has-post-thumbnail","6":"product_cat-events","7":"product_cat-gewandhaus","8":"product_cat-grosser-saal","9":"product_cat-klassik","10":"product_cat-konzert","11":"product_cat-leipzig","12":"product_cat-orte","13":"product_cat-ticket","14":"product_cat-veranstaltung","15":"product_tag-9-sinfonie-philharmonie-leipzig","16":"product_tag-9-sinfonie-philharmonie-leipzig-philharmonischer-chor-leipzig","17":"product_tag-events","18":"product_tag-gewandhaus","19":"product_tag-gewandhaus-grosser-saal","20":"product_tag-grosser-saal","21":"product_tag-konzert","22":"product_tag-leipzig","23":"product_tag-ludwig-van-beethoven","24":"product_tag-philharmonischer-chor-leipzig","25":"product_tag-ticket","26":"product_tag-veranstaltung","27":"product_shipping_class-nur_paketversand","28":"pa_discount-ermaessigt","29":"pa_discount-normalpreis","30":"pa_preiskategorie-pk-i","31":"pa_preiskategorie-pk-ii","32":"pa_preiskategorie-pk-iii","33":"pa_preiskategorie-premium-sitzplatz","35":"first","36":"instock","37":"taxable","38":"shipping-taxable","39":"purchasable","40":"product-type-variable"},"group_of_quantity":0,"min_quantity":0,"max_quantity":"","exclude_order_quantity_value_rules":"no","exclude_category_quantity_rules":"no","combine_variations":"no","acf":[],"_links":{"self":[{"href":"https:\/\/arena-ticket.com\/en\/wp-json\/wp\/v2\/product\/43814","targetHints":{"allow":["GET"]}}],"collection":[{"href":"https:\/\/arena-ticket.com\/en\/wp-json\/wp\/v2\/product"}],"about":[{"href":"https:\/\/arena-ticket.com\/en\/wp-json\/wp\/v2\/types\/product"}],"wp:featuredmedia":[{"embeddable":true,"href":"https:\/\/arena-ticket.com\/en\/wp-json\/wp\/v2\/media\/43825"}],"wp:attachment":[{"href":"https:\/\/arena-ticket.com\/en\/wp-json\/wp\/v2\/media?parent=43814"}],"wp:term":[{"taxonomy":"product_brand","embeddable":true,"href":"https:\/\/arena-ticket.com\/en\/wp-json\/wp\/v2\/product_brand?post=43814"},{"taxonomy":"product_cat","embeddable":true,"href":"https:\/\/arena-ticket.com\/en\/wp-json\/wp\/v2\/product_cat?post=43814"},{"taxonomy":"product_tag","embeddable":true,"href":"https:\/\/arena-ticket.com\/en\/wp-json\/wp\/v2\/product_tag?post=43814"}],"curies":[{"name":"wp","href":"https:\/\/api.w.org\/{rel}","templated":true}]}}