{"id":43878,"date":"2025-07-01T17:57:47","date_gmt":"2025-07-01T15:57:47","guid":{"rendered":"https:\/\/arena-ticket.com\/?p=43878&#038;post_type=product&#038;preview_id=43878"},"modified":"2026-01-06T15:21:33","modified_gmt":"2026-01-06T14:21:33","slug":"the-12-tenors-songs-of-eternity-gewandhaus-zu-leipzig-18-04-2026-2000-uhr","status":"publish","type":"product","link":"https:\/\/arena-ticket.com\/en\/product\/the-12-tenors-songs-of-eternity-gewandhaus-zu-leipzig-18-04-2026-2000-uhr\/","title":{"rendered":"The 12 Tenors  - Songs of Eternity"},"content":{"rendered":"<p>Seit mehr als 15 Jahren begeistern sie ihr Publikum mit gro\u00dfen Stimmen, eindrucksvollen Choreographien, witzigem Entertainment und charmanten Moderationen auf ihren Konzerten in Europa, China, Japan und S\u00fcdkorea. Nun sind sie mit ihrer neuen Show auf Tournee - ein musikalisches Erlebnis, das die Grenzen von Zeit und Raum sprengt!<br \/>\nMit dem Motto SONGS OF ETERNITY entf\u00fchren die 12 Ausnahmes\u00e4nger das Publikum in eine Welt, in der Musik zu einem unsterblichen Begleiter wird. Die au\u00dfergew\u00f6hnliche Show feiert ikonische Lieder, die \u00fcber Generationen hinweg die Herzen der Menschen ber\u00fchrt haben. Von Klassikern der Popgeschichte \u00fcber unvergessliche Balladen bis hin zu ergreifenden Hymnen der letzten Jahrzehnte \u2013 SONGS OF ETERNITY pr\u00e4sentiert eine sorgf\u00e4ltige Auswahl an Liedern, die mit ihrer Sch\u00f6nheit und Tiefe einen bleibenden<br \/>\nEindruck hinterlassen. Ob in ruhigen Momenten der Besinnung oder in kraftvollen H\u00f6hepunkten der musikalischen Energie - diese Show verspricht, den Zuschauer in eine andere Dimension zu entf\u00fchren, in der die Musik das einzige Ma\u00df f\u00fcr Zeit ist. Jede Performance ist eine Hommage an das Erbe der Musik, die uns durch unser Leben begleitet \u2013 von den ersten Melodien der Kindheit bis hin zu den Liedern, die uns als Erwachsene pr\u00e4gen.<\/p>","protected":false},"excerpt":{"rendered":"<p>12 grandiose Stimmen, eine unvergessliche Show und die zeitlose Magie der Musik THE 12 TENORS gelten als eine der erfolgreichsten Tenorformationen der Welt.<\/p>","protected":false},"featured_media":62561,"template":"","meta":{"_acf_changed":false,"inline_featured_image":false},"product_brand":[],"product_cat":[31,345,936,6741,69,86,35,21,58],"product_tag":[941,956,2832,957,942,943,944,5979,5978,947,948],"class_list":{"0":"post-43878","1":"product","2":"type-product","3":"status-publish","4":"has-post-thumbnail","6":"product_cat-events","7":"product_cat-gewandhaus","8":"product_cat-grosser-saal","9":"product_cat-klassik","10":"product_cat-konzert","11":"product_cat-leipzig","12":"product_cat-orte","13":"product_cat-ticket","14":"product_cat-veranstaltung","15":"product_tag-events","16":"product_tag-gewandhaus","17":"product_tag-gewandhaus-grosser-saal","18":"product_tag-grosser-saal","19":"product_tag-konzert","20":"product_tag-leipzig","21":"product_tag-orte","22":"product_tag-songs-of-eternity","23":"product_tag-the-12-tenors","24":"product_tag-ticket","25":"product_tag-veranstaltung","26":"product_shipping_class-nur_paketversand","27":"pa_discount-normalpreis","28":"pa_preiskategorie-pk-i","29":"pa_preiskategorie-pk-ii","30":"pa_preiskategorie-pk-iii","31":"pa_preiskategorie-pk-iv","32":"pa_preiskategorie-pk-v","33":"pa_preiskategorie-premium","35":"first","36":"instock","37":"taxable","38":"shipping-taxable","39":"purchasable","40":"product-type-variable"},"group_of_quantity":0,"min_quantity":0,"max_quantity":"","exclude_order_quantity_value_rules":"no","exclude_category_quantity_rules":"no","combine_variations":"no","acf":[],"_links":{"self":[{"href":"https:\/\/arena-ticket.com\/en\/wp-json\/wp\/v2\/product\/43878","targetHints":{"allow":["GET"]}}],"collection":[{"href":"https:\/\/arena-ticket.com\/en\/wp-json\/wp\/v2\/product"}],"about":[{"href":"https:\/\/arena-ticket.com\/en\/wp-json\/wp\/v2\/types\/product"}],"wp:featuredmedia":[{"embeddable":true,"href":"https:\/\/arena-ticket.com\/en\/wp-json\/wp\/v2\/media\/62561"}],"wp:attachment":[{"href":"https:\/\/arena-ticket.com\/en\/wp-json\/wp\/v2\/media?parent=43878"}],"wp:term":[{"taxonomy":"product_brand","embeddable":true,"href":"https:\/\/arena-ticket.com\/en\/wp-json\/wp\/v2\/product_brand?post=43878"},{"taxonomy":"product_cat","embeddable":true,"href":"https:\/\/arena-ticket.com\/en\/wp-json\/wp\/v2\/product_cat?post=43878"},{"taxonomy":"product_tag","embeddable":true,"href":"https:\/\/arena-ticket.com\/en\/wp-json\/wp\/v2\/product_tag?post=43878"}],"curies":[{"name":"wp","href":"https:\/\/api.w.org\/{rel}","templated":true}]}}