{"id":44052,"date":"2025-07-03T14:56:02","date_gmt":"2025-07-03T12:56:02","guid":{"rendered":"https:\/\/arena-ticket.com\/?p=44052&#038;post_type=product&#038;preview_id=44052"},"modified":"2025-07-04T15:11:31","modified_gmt":"2025-07-04T13:11:31","slug":"zeit-verbrechen-live-tour-2025-berlin-uber-arena-25-09-2025-2000-uhr","status":"publish","type":"product","link":"https:\/\/arena-ticket.com\/en\/product\/zeit-verbrechen-live-tour-2025-berlin-uber-arena-25-09-2025-2000-uhr\/","title":{"rendered":"ZEIT - VERBRECHEN  - LIVE TOUR 2025"},"content":{"rendered":"<div class=\"moretext js-moretext expanded\" data-qa=\"readMoreText\">\n<div class=\"moretext-teaser\">\n<p><b>Kriminalpodcast ZEIT VERBRECHEN geht 2025 auf Arena-Tour<\/b><\/p>\n<p>ZEIT VERBRECHEN, der Kriminalpodcast von ZEIT und ZEIT ONLINE, bespielt 2025 vier gro\u00dfe Arenen in Deutschland. Gastgeber der ZEIT VERBRECHEN LIVE TOUR 2025 sind die Podcast-Hosts Anne Kunze, Daniel M\u00fcller, Sabine R\u00fcckert und Andreas Sentker. In Berlin, D\u00fcsseldorf, M\u00fcnchen und Hamburg sprechen die vier vor jeweils bis zu 10.000 Menschen \u00fcber zwei F\u00e4lle. Veranstaltet wird die Tour von FKP Scorpio.<\/p>\n<p>ZEIT VERBRECHEN ist mit 3,3 Millionen Downloads pro Monat (ma Podcast, Januar 2025) einer der erfolgreichsten deutschsprachigen Podcasts und wurde bereits mit dem Deutschen Podcast Preis ausgezeichnet. Der Podcast erscheint alle 14 Tage dienstags, f\u00fcr Abonnentinnen und Abonnenten des ZEIT Podcast-Abos gibt es eine exklusive Zusatzfolge im Monat. Das Magazin mit einer verkauften Auflage von 55.000 Exemplaren erscheint sechsmal im Jahr. Auf Instagram folgen 139.000 Menschen dem Account von ZEIT VERBRECHEN.<\/p>\n<p><b>Mitteilung des Veranstalters:<\/b> Wir behalten uns \u00c4nderungen im Programm sowie bei der Besetzung der Protagonisten vor.<\/p>\n<\/div>\n<\/div>\n<div class=\"link moretext-toggle\"><\/div>","protected":false},"excerpt":{"rendered":"<div>\n<p style=\"font-weight: 400\">Der Kult-Podcast auf gro\u00dfer Live-Tournee!<\/p>\n<\/div>","protected":false},"featured_media":44063,"template":"","meta":{"_acf_changed":false,"inline_featured_image":false},"product_brand":[],"product_cat":[31,315,922,6764,35,517,58],"product_tag":[1332,941,942,951,4284,944,3638,948,5981],"class_list":{"0":"post-44052","1":"product","2":"type-product","3":"status-publish","4":"has-post-thumbnail","6":"product_cat-events","7":"product_cat-berlin","8":"product_cat-kultur","9":"product_cat-lesung","10":"product_cat-orte","11":"product_cat-uber-arena","12":"product_cat-veranstaltung","13":"product_tag-berlin","14":"product_tag-events","15":"product_tag-konzert","16":"product_tag-kultur","17":"product_tag-live-tour-2025","18":"product_tag-orte","19":"product_tag-uber-arena","20":"product_tag-veranstaltung","21":"product_tag-zeit-verbrechen","22":"product_shipping_class-nur_paketversand","23":"pa_discount-ermaessigt","24":"pa_discount-normalpreis","25":"pa_discount-schueler-student","26":"pa_preiskategorie-pk-i","27":"pa_preiskategorie-pk-ii","28":"pa_preiskategorie-pk-iii","30":"first","31":"instock","32":"taxable","33":"shipping-taxable","34":"purchasable","35":"product-type-variable","36":"has-default-attributes"},"group_of_quantity":0,"min_quantity":0,"max_quantity":"","exclude_order_quantity_value_rules":"no","exclude_category_quantity_rules":"no","combine_variations":"no","acf":[],"_links":{"self":[{"href":"https:\/\/arena-ticket.com\/en\/wp-json\/wp\/v2\/product\/44052","targetHints":{"allow":["GET"]}}],"collection":[{"href":"https:\/\/arena-ticket.com\/en\/wp-json\/wp\/v2\/product"}],"about":[{"href":"https:\/\/arena-ticket.com\/en\/wp-json\/wp\/v2\/types\/product"}],"wp:featuredmedia":[{"embeddable":true,"href":"https:\/\/arena-ticket.com\/en\/wp-json\/wp\/v2\/media\/44063"}],"wp:attachment":[{"href":"https:\/\/arena-ticket.com\/en\/wp-json\/wp\/v2\/media?parent=44052"}],"wp:term":[{"taxonomy":"product_brand","embeddable":true,"href":"https:\/\/arena-ticket.com\/en\/wp-json\/wp\/v2\/product_brand?post=44052"},{"taxonomy":"product_cat","embeddable":true,"href":"https:\/\/arena-ticket.com\/en\/wp-json\/wp\/v2\/product_cat?post=44052"},{"taxonomy":"product_tag","embeddable":true,"href":"https:\/\/arena-ticket.com\/en\/wp-json\/wp\/v2\/product_tag?post=44052"}],"curies":[{"name":"wp","href":"https:\/\/api.w.org\/{rel}","templated":true}]}}