{"id":44152,"date":"2025-07-04T15:21:45","date_gmt":"2025-07-04T13:21:45","guid":{"rendered":"https:\/\/arena-ticket.com\/?p=44152&#038;post_type=product&#038;preview_id=44152"},"modified":"2025-07-05T10:37:44","modified_gmt":"2025-07-05T08:37:44","slug":"the-gospel-people-heal-the-world-tour-2025-2026-philippuskirche-27-12-2025-1930-uhr","status":"publish","type":"product","link":"https:\/\/arena-ticket.com\/en\/product\/the-gospel-people-heal-the-world-tour-2025-2026-philippuskirche-27-12-2025-1930-uhr\/","title":{"rendered":"The Gospel People  - Heal the World Tour 2025-2026"},"content":{"rendered":"<h1 data-v-0d4c50a8=\"\">The Gospel People<\/h1>\n<h3 data-v-0d4c50a8=\"\">Heal the Word Tour 2025<\/h3>\n<p>&nbsp;<\/p>\n<div data-v-0d4c50a8=\"\">\n<p>Ein Zeichen des Friedens und der Freude f\u00fcr unsere Welt!<br \/>\n,Havin\u00b4 a good time\u201c hei\u00dft es wieder, wenn 'The Gospel People' in Deutschland, den Beneluxl\u00e4nder und der Schweiz unterwegs sind, um das Publikum auf eine musikalischen Reise ins Herz der USA, ihrer \u201aBlack Churches\u2018 und deren freudigem Erweckungserlebnis mitzunehmen. Das rund zweist\u00fcndige Programm erstreckt sich von Liedern aus dem traditionellen ,,Black Gospel\u201c \u00fcber den von Jazz und Soul inspirierten Gospel bis hin zum aktuellen ,,Contemporary Gospel\u201c mit seinen Rock- Pop- und Rap-Elementen. Ein Abend mit einer packenden B\u00fchnen-Performance, der G\u00e4nsehaut-Feeling verspricht.<\/p>\n<p>Die Gospeltruppe um den k\u00fcnstlerischen Leiter, Frontman und Arrangeur Owen Nixon f\u00e4llt es nicht schwer, ihr Publikum zu begeistern. In immer wieder anderen Konstellationen \u2013 von Ensembleszenen bis zu eindrucksvollen Soloauftritten \u2013 und gepaart mit einer B\u00fchnenshow aus fast schon extatischen Tanzeinlagen bringen sie jede Location zum Kochen. Irgendwann h\u00e4lt es die Konzertbesucher nicht mehr auf den B\u00e4nken, und viele singen die St\u00fccke begeistert mit. Man nimmt den K\u00fcnstlerinnen und K\u00fcnstlern einfach die Leidenschaft ab, mit der sie Botschaften vermitteln. Und Owen Nixon k\u00f6nnte man auch Prediger bezeichnen. Denn Gospel ist f\u00fcr ihn nicht einfach nur Musik, sondern \u2018The Good News\u2018, die Gute Nachricht weiterzugeben.<\/p>\n<p>Neu dabei in der Gruppe ist Jessica Fox (Alt + Sopran) mit einer unglaublichen Stimme. Hier d\u00fcrfen sich die Besucher auf auf ein gro\u00dfartiges Talent freuen. Schon seit vergangenem Jahr an Bord sind die Sopranistin Toneisha Jones Harris, einer Finalistin beim Wettbewerb \u201eThe Voice\u201c, und Madyson \u201eSymphony\u201c McSwain (Alt). Zusammen konnten sie vor allem mit dem Klassiker \u201eStand by me\u201c \u00fcberzeugen. Eigene Titel und viele bekannte Melodien reihen sich nahtlos aneinander bis zu einem furiosen Finale. \u201eThe Anthem\u201c und \u201eRevelation\u201c gehen in ein fulminante \u201eHallelujah\u201c \u00fcber, bis \u201eOh happy Day\u201c und \u201eWe are the World\u201d f\u00fcr rhythmisches Klatschen und st\u00fcrmischen Beifall sorgen werden. Kirchenmusik muss eben nicht getragen klingen. Rockiger Beat und Soul- und Bluesgesang machen eine Show daraus. Dieser Spirit und die frohe Botschaft des Gospels geben Mut in schwierigen Zeiten von Krieg und Zukunftsangst.<\/p>\n<\/div>","protected":false},"excerpt":{"rendered":"<p>Secure your tickets!<\/p>","protected":false},"featured_media":44154,"template":"","meta":{"_acf_changed":false,"inline_featured_image":false},"product_brand":[],"product_cat":[31,69,86,35,476,6749,21,58],"product_tag":[941,5984,942,943,964,2449,5983,947,948],"class_list":{"0":"post-44152","1":"product","2":"type-product","3":"status-publish","4":"has-post-thumbnail","6":"product_cat-events","7":"product_cat-konzert","8":"product_cat-leipzig","9":"product_cat-orte","10":"product_cat-peterskirche","11":"product_cat-sonstiges_konzert","12":"product_cat-ticket","13":"product_cat-veranstaltung","14":"product_tag-events","15":"product_tag-heal-the-world-tour-2025-2026","16":"product_tag-konzert","17":"product_tag-leipzig","18":"product_tag-peterskirche","19":"product_tag-philippuskirche","20":"product_tag-the-gospel-people","21":"product_tag-ticket","22":"product_tag-veranstaltung","23":"product_shipping_class-nur_paketversand","24":"pa_discount-kind","25":"pa_discount-normalpreis","26":"pa_preiskategorie-freie-platzwahl","28":"first","29":"instock","30":"taxable","31":"shipping-taxable","32":"purchasable","33":"product-type-variable"},"group_of_quantity":0,"min_quantity":0,"max_quantity":"","exclude_order_quantity_value_rules":"no","exclude_category_quantity_rules":"no","combine_variations":"no","acf":[],"_links":{"self":[{"href":"https:\/\/arena-ticket.com\/en\/wp-json\/wp\/v2\/product\/44152","targetHints":{"allow":["GET"]}}],"collection":[{"href":"https:\/\/arena-ticket.com\/en\/wp-json\/wp\/v2\/product"}],"about":[{"href":"https:\/\/arena-ticket.com\/en\/wp-json\/wp\/v2\/types\/product"}],"wp:featuredmedia":[{"embeddable":true,"href":"https:\/\/arena-ticket.com\/en\/wp-json\/wp\/v2\/media\/44154"}],"wp:attachment":[{"href":"https:\/\/arena-ticket.com\/en\/wp-json\/wp\/v2\/media?parent=44152"}],"wp:term":[{"taxonomy":"product_brand","embeddable":true,"href":"https:\/\/arena-ticket.com\/en\/wp-json\/wp\/v2\/product_brand?post=44152"},{"taxonomy":"product_cat","embeddable":true,"href":"https:\/\/arena-ticket.com\/en\/wp-json\/wp\/v2\/product_cat?post=44152"},{"taxonomy":"product_tag","embeddable":true,"href":"https:\/\/arena-ticket.com\/en\/wp-json\/wp\/v2\/product_tag?post=44152"}],"curies":[{"name":"wp","href":"https:\/\/api.w.org\/{rel}","templated":true}]}}