{"id":44166,"date":"2025-07-04T16:39:34","date_gmt":"2025-07-04T14:39:34","guid":{"rendered":"https:\/\/arena-ticket.com\/?p=44166&#038;post_type=product&#038;preview_id=44166"},"modified":"2025-11-24T17:47:02","modified_gmt":"2025-11-24T16:47:02","slug":"disney-in-concert-2026-wishes-and-wonders-mit-dem-hollywood-sound-orchestra-2026-berlin-uber-arena-03-11-2026-1930-uhr","status":"publish","type":"product","link":"https:\/\/arena-ticket.com\/en\/product\/disney-in-concert-2026-wishes-and-wonders-mit-dem-hollywood-sound-orchestra-2026-berlin-uber-arena-03-11-2026-1930-uhr\/","title":{"rendered":"Disney in Concert 2026 - Wishes and Wonders mit dem Hollywood Sound Orchestra"},"content":{"rendered":"<p>Wenn das Licht erlischt, die ersten T\u00f6ne erklingen und sich ein einzigartiger Zauber \u00fcber das Publikum legt, beginnt ein Abend voller Wunder: \u201eDisney in Concert\u201c kehrt mit der neuen Show \u201eWishes and Wonders\u201c ab dem 23. Oktober 2026 nach Deutschland und \u00d6sterreich zur\u00fcck.<\/p>\n<p>Bereits zum achten Mal begibt sich \u201eDisney in Concert\u201c auf gro\u00dfe Tournee und nimmt sein Publikum mit auf eine unvergessliche Reise durch die musikalischen Highlights von Disney.<\/p>\n<p>Ob die majest\u00e4tischen Kl\u00e4nge aus dem Klassiker \u201eDer K\u00f6nig der L\u00f6wen\u201c, in dem Simba davon tr\u00e4umt, eines Tages ein gro\u00dfer K\u00f6nig zu sein oder die beschwingten Melodien des Films \u201eDas Dschungelbuch\u201c, in dem Balu sich nichts sehnlicher w\u00fcnscht als ein Leben voller Leichtigkeit und Freude \u2013 das neue Motto \u201eWishes and Wonders\u201c l\u00e4sst uns tief in die emotionalen Welten unserer liebsten Disney Figuren eintauchen.<\/p>\n<p>Dabei vereint \u201eDisney in Concert\u201c diese Gef\u00fchlswelten als multimediales Gesamterlebnis. Wenn sich auf der gro\u00dfen Leinwand Filmszenen mit der Musik verweben und der Sound des renommierten Hollywood-Sound-Orchestras gemeinsam mit herausragenden Solistinnen und Solisten verschmilzt, entsteht ein Abend voller G\u00e4nsehautmomente.<\/p>","protected":false},"excerpt":{"rendered":"<p>Get your tickets here now!<\/p>","protected":false},"featured_media":55740,"template":"","meta":{"_acf_changed":false,"inline_featured_image":false},"product_brand":[],"product_cat":[31,315,6744,69,35,517,58],"product_tag":[1332,5985,941,942,944,3638,948,5986],"class_list":{"0":"post-44166","1":"product","2":"type-product","3":"status-publish","4":"has-post-thumbnail","6":"product_cat-events","7":"product_cat-berlin","8":"product_cat-filmmusik","9":"product_cat-konzert","10":"product_cat-orte","11":"product_cat-uber-arena","12":"product_cat-veranstaltung","13":"product_tag-berlin","14":"product_tag-disney-in-concert-2026","15":"product_tag-events","16":"product_tag-konzert","17":"product_tag-orte","18":"product_tag-uber-arena","19":"product_tag-veranstaltung","20":"product_tag-wishes-and-wonders-mit-dem-hollywood-sound-orchestra","21":"product_shipping_class-nur_paketversand","22":"pa_discount-kind","23":"pa_discount-normalpreis","24":"pa_preiskategorie-pk-i","25":"pa_preiskategorie-pk-ii","26":"pa_preiskategorie-pk-iii","27":"pa_preiskategorie-pk-iv","28":"pa_preiskategorie-pk-v","30":"first","31":"instock","32":"taxable","33":"shipping-taxable","34":"purchasable","35":"product-type-variable","36":"has-default-attributes"},"group_of_quantity":0,"min_quantity":0,"max_quantity":"","exclude_order_quantity_value_rules":"no","exclude_category_quantity_rules":"no","combine_variations":"no","acf":[],"_links":{"self":[{"href":"https:\/\/arena-ticket.com\/en\/wp-json\/wp\/v2\/product\/44166","targetHints":{"allow":["GET"]}}],"collection":[{"href":"https:\/\/arena-ticket.com\/en\/wp-json\/wp\/v2\/product"}],"about":[{"href":"https:\/\/arena-ticket.com\/en\/wp-json\/wp\/v2\/types\/product"}],"wp:featuredmedia":[{"embeddable":true,"href":"https:\/\/arena-ticket.com\/en\/wp-json\/wp\/v2\/media\/55740"}],"wp:attachment":[{"href":"https:\/\/arena-ticket.com\/en\/wp-json\/wp\/v2\/media?parent=44166"}],"wp:term":[{"taxonomy":"product_brand","embeddable":true,"href":"https:\/\/arena-ticket.com\/en\/wp-json\/wp\/v2\/product_brand?post=44166"},{"taxonomy":"product_cat","embeddable":true,"href":"https:\/\/arena-ticket.com\/en\/wp-json\/wp\/v2\/product_cat?post=44166"},{"taxonomy":"product_tag","embeddable":true,"href":"https:\/\/arena-ticket.com\/en\/wp-json\/wp\/v2\/product_tag?post=44166"}],"curies":[{"name":"wp","href":"https:\/\/api.w.org\/{rel}","templated":true}]}}