{"id":44189,"date":"2025-07-04T17:47:09","date_gmt":"2025-07-04T15:47:09","guid":{"rendered":"https:\/\/arena-ticket.com\/?p=44189&#038;post_type=product&#038;preview_id=44189"},"modified":"2025-10-16T13:40:53","modified_gmt":"2025-10-16T11:40:53","slug":"beatrice-egli-tanzen-lachen-leben-tour-2026-berlin-uber-arena-24-10-2026-1900-uhr","status":"publish","type":"product","link":"https:\/\/arena-ticket.com\/en\/product\/beatrice-egli-tanzen-lachen-leben-tour-2026-berlin-uber-arena-24-10-2026-1900-uhr\/","title":{"rendered":"Beatrice Egli  - Tanzen Lachen Leben Tour 2026"},"content":{"rendered":"<p>Sie ist die strahlende Schlagerk\u00f6nigin aus der Schweiz: Beatrice Egli! Wie kaum eine andere K\u00fcnstlerin hat sie dem modernen Schlager-Genre ein frisches Update verpasst, es massiv gepr\u00e4gt und mit grenzenloser Lebensfreude geradezu revolutioniert. Ihre einzigartige Stimme \u2013 unter Tausenden auf Anhieb zu erkennen. Ihr Charisma \u2013 wie das eines internationalen Weltstars. Ihre B\u00fchnenpr\u00e4senz? Pures Feuerwerk! Seit weit mehr als zehn Jahren verzaubert Beatrice Egli nun schon Millionen von Menschen und gilt heute als eine der erfolgreichsten deutschsprachigen Schlagers\u00e4ngerinnen. Im Herbst 2026 geht das Ausnahmetalent auf gro\u00dfe Tournee und macht dabei ihr pers\u00f6nliches Credo zum Programm \u201eTanzen \u2013 Lachen \u2013 Leben\u201c.<\/p>","protected":false},"excerpt":{"rendered":"<p>Get your tickets here now!<\/p>","protected":false},"featured_media":36993,"template":"","meta":{"_acf_changed":false,"inline_featured_image":false},"product_brand":[],"product_cat":[31,315,69,35,6734,517,58],"product_tag":[3932,1332,941,942,944,5333,3638,948],"class_list":{"0":"post-44189","1":"product","2":"type-product","3":"status-publish","4":"has-post-thumbnail","6":"product_cat-events","7":"product_cat-berlin","8":"product_cat-konzert","9":"product_cat-orte","10":"product_cat-schlager","11":"product_cat-uber-arena","12":"product_cat-veranstaltung","13":"product_tag-beatrice-egli","14":"product_tag-berlin","15":"product_tag-events","16":"product_tag-konzert","17":"product_tag-orte","18":"product_tag-tanzen-lachen-leben-tour-2026","19":"product_tag-uber-arena","20":"product_tag-veranstaltung","21":"product_shipping_class-nur_paketversand","22":"pa_discount-normalpreis","23":"pa_preiskategorie-pk-i","24":"pa_preiskategorie-pk-ii","25":"pa_preiskategorie-pk-iii","26":"pa_preiskategorie-pk-iv","27":"pa_preiskategorie-pk-v","29":"first","30":"instock","31":"taxable","32":"shipping-taxable","33":"purchasable","34":"product-type-variable","35":"has-default-attributes"},"group_of_quantity":0,"min_quantity":0,"max_quantity":"","exclude_order_quantity_value_rules":"no","exclude_category_quantity_rules":"no","combine_variations":"no","acf":[],"_links":{"self":[{"href":"https:\/\/arena-ticket.com\/en\/wp-json\/wp\/v2\/product\/44189","targetHints":{"allow":["GET"]}}],"collection":[{"href":"https:\/\/arena-ticket.com\/en\/wp-json\/wp\/v2\/product"}],"about":[{"href":"https:\/\/arena-ticket.com\/en\/wp-json\/wp\/v2\/types\/product"}],"wp:featuredmedia":[{"embeddable":true,"href":"https:\/\/arena-ticket.com\/en\/wp-json\/wp\/v2\/media\/36993"}],"wp:attachment":[{"href":"https:\/\/arena-ticket.com\/en\/wp-json\/wp\/v2\/media?parent=44189"}],"wp:term":[{"taxonomy":"product_brand","embeddable":true,"href":"https:\/\/arena-ticket.com\/en\/wp-json\/wp\/v2\/product_brand?post=44189"},{"taxonomy":"product_cat","embeddable":true,"href":"https:\/\/arena-ticket.com\/en\/wp-json\/wp\/v2\/product_cat?post=44189"},{"taxonomy":"product_tag","embeddable":true,"href":"https:\/\/arena-ticket.com\/en\/wp-json\/wp\/v2\/product_tag?post=44189"}],"curies":[{"name":"wp","href":"https:\/\/api.w.org\/{rel}","templated":true}]}}