{"id":44195,"date":"2025-07-04T17:56:32","date_gmt":"2025-07-04T15:56:32","guid":{"rendered":"https:\/\/arena-ticket.com\/?p=44195&#038;post_type=product&#038;preview_id=44195"},"modified":"2026-03-07T10:58:32","modified_gmt":"2026-03-07T09:58:32","slug":"dikka-boah-ist-das-krass-2-live-2026-berlin-uber-arena-04-07-2026-1700-uhr","status":"publish","type":"product","link":"https:\/\/arena-ticket.com\/en\/product\/dikka-boah-ist-das-krass-2-live-2026-berlin-uber-arena-04-07-2026-1700-uhr\/","title":{"rendered":"DIKKA - Boah ist das krass 2  - LIVE 2026"},"content":{"rendered":"<p>Bitte beachte folgende Bedingungen und Hinweise des Veranstalters:<br \/>\n- Kinder d\u00fcrfen die Veranstaltung nur in Begleitung eines Erwachsenen besuchen.<br \/>\n- Tickets im Kinderstehbereich sind nur f\u00fcr Kinder von 3-7 Jahren bzw. f\u00fcr Kinder von 8-12 Jahren g\u00fcltig.<br \/>\n- Die Tickets im Kinder- Stehbereich sind nur in Verbindung eines Innenraumtickets f\u00fcr eine erziehungsberechtigte Person g\u00fcltig.<br \/>\n- Kinder unter 3 Jahren k\u00f6nnen im Sitzplatzbereich als \"Scho\u00dfkind\" ohne eigenes Ticket mitgenommen werden. Im Stehplatzbereich sind \"Scho\u00dfkinder\" nicht erlaubt.<br \/>\n- keine Mitnahme von Sitzerh\u00f6hungen gestattet<br \/>\n- keine Kinderwagen im Saal - Abgabe beim Einlass an der Asservate m\u00f6glich<br \/>\n- Einlass ab 15:00 Uhr<br \/>\n- Lautst\u00e4rke wird kindgerecht angepasst --&gt; dennoch Geh\u00f6rschutzempfehlung<br \/>\n- erlaubt: Babyflaschen, Baby- bzw. Kleinkindnahrung (wie z.B. Quetschies, Riegel), Kindertrinkflaschen in Plastikflaschen<br \/>\n- Bitte dringend vor Konzert die Webseite des Veranstalters auf \u00c4nderungen pr\u00fcfen.<\/p>","protected":false},"excerpt":{"rendered":"<p>Get your tickets here now!<\/p>","protected":false},"featured_media":51943,"template":"","meta":{"_acf_changed":false,"inline_featured_image":false},"product_brand":[],"product_cat":[31,315,94,35,517,58],"product_tag":[1332,5987,941,978,942,4819,944,3638,948],"class_list":{"0":"post-44195","1":"product","2":"type-product","3":"status-publish","4":"has-post-thumbnail","6":"product_cat-events","7":"product_cat-berlin","8":"product_cat-kinder","9":"product_cat-orte","10":"product_cat-uber-arena","11":"product_cat-veranstaltung","12":"product_tag-berlin","13":"product_tag-dikka-boah-ist-das-krass-2","14":"product_tag-events","15":"product_tag-kinder","16":"product_tag-konzert","17":"product_tag-live-2026","18":"product_tag-orte","19":"product_tag-uber-arena","20":"product_tag-veranstaltung","21":"product_shipping_class-nur_paketversand","22":"pa_discount-kind","23":"pa_discount-normalpreis","24":"pa_preiskategorie-pk-i","25":"pa_preiskategorie-pk-ii","26":"pa_preiskategorie-pk-iii","27":"pa_preiskategorie-stehplatz","29":"first","30":"instock","31":"taxable","32":"shipping-taxable","33":"purchasable","34":"product-type-variable","35":"has-default-attributes"},"group_of_quantity":0,"min_quantity":0,"max_quantity":"","exclude_order_quantity_value_rules":"no","exclude_category_quantity_rules":"no","combine_variations":"no","acf":[],"_links":{"self":[{"href":"https:\/\/arena-ticket.com\/en\/wp-json\/wp\/v2\/product\/44195","targetHints":{"allow":["GET"]}}],"collection":[{"href":"https:\/\/arena-ticket.com\/en\/wp-json\/wp\/v2\/product"}],"about":[{"href":"https:\/\/arena-ticket.com\/en\/wp-json\/wp\/v2\/types\/product"}],"wp:featuredmedia":[{"embeddable":true,"href":"https:\/\/arena-ticket.com\/en\/wp-json\/wp\/v2\/media\/51943"}],"wp:attachment":[{"href":"https:\/\/arena-ticket.com\/en\/wp-json\/wp\/v2\/media?parent=44195"}],"wp:term":[{"taxonomy":"product_brand","embeddable":true,"href":"https:\/\/arena-ticket.com\/en\/wp-json\/wp\/v2\/product_brand?post=44195"},{"taxonomy":"product_cat","embeddable":true,"href":"https:\/\/arena-ticket.com\/en\/wp-json\/wp\/v2\/product_cat?post=44195"},{"taxonomy":"product_tag","embeddable":true,"href":"https:\/\/arena-ticket.com\/en\/wp-json\/wp\/v2\/product_tag?post=44195"}],"curies":[{"name":"wp","href":"https:\/\/api.w.org\/{rel}","templated":true}]}}