{"id":44229,"date":"2025-07-05T12:15:32","date_gmt":"2025-07-05T10:15:32","guid":{"rendered":"https:\/\/arena-ticket.com\/?p=44229&#038;post_type=product&#038;preview_id=44229"},"modified":"2025-07-15T12:39:49","modified_gmt":"2025-07-15T10:39:49","slug":"talco-20th-anniversary-tour-leipzig-felsenkeller-23-01-2026-2000-uhr","status":"publish","type":"product","link":"https:\/\/arena-ticket.com\/en\/product\/talco-20th-anniversary-tour-leipzig-felsenkeller-23-01-2026-2000-uhr\/","title":{"rendered":"Talco  - 20th Anniversary Tour"},"content":{"rendered":"<p>TALCO, die bedeutendste und bekannteste italienische Punkrock-Band unserer Zeit, blickt auf eine \u00fcber 18-j\u00e4hrige Geschichte, acht Studioalben, unz\u00e4hlige ausverkaufte Clubkonzerte und intensive Festivalauftritte in ganz Europa zur\u00fcck.<\/p>\n<p>Es ist der mitrei\u00dfende Punkrock-Stil, eine progressive Mischung aus Punkrock, Folk, Latin und Ska \u2013 TALCOs Markenzeichen \u2013, der Menschen in ganz Europa zum Tanzen bringt.<\/p>\n<p>TALCO ist jedoch weit mehr als nur eine Partyband, die Spa\u00df macht. Ihre Texte tauchen tief in existenzielle menschliche Fragen ein, wie das Konzept von Wahrheit, menschlicher Erniedrigung und Selbstwertgef\u00fchl. Dar\u00fcber hinaus thematisiert TALCO immer wieder politische Missst\u00e4nde und soziales Versagen \u2013 eine Folge der degradierten sozialen Entwicklung der heutigen modernen Gesellschaft.<\/p>\n<p>TALCO ist eine internationale Punkrock-Band mit Einfl\u00fcssen von Brass, Folk und Latin, die ihre Stimme erhebt und ganz Europa mit ihrer Musik und ihrer Botschaft aufr\u00fcttelt!<\/p>\n<p>\u201eWir waren schon immer eine Band, die viel auf Tournee war, und haben uns w\u00e4hrend unserer gesamten musikalischen Reise auf diesen Aspekt konzentriert. Wir waren fest davon \u00fcberzeugt, dass wir den Wert unserer Opfer nur durch harte Arbeit in ganz Europa wirklich verstehen konnten. Wir lieben es, live zu spielen, wir sind verr\u00fcckt nach Festivals, aber unsere Leidenschaft f\u00fcr Clubkonzerte ist auch nach Jahren ungebrochen. Deshalb haben wir uns nach eurer unglaublichen Unterst\u00fctzung im letzten Winter entschlossen, erneut auf Tour zu gehen und unsere 20-Jahre-Jubil\u00e4umstournee zur\u00fcck auf die B\u00fchne zu bringen.\u201c<\/p>","protected":false},"excerpt":{"rendered":"<p>Die legend\u00e4re italienische Punkrock-Band setzt ihre Jubil\u00e4umstour fort!<\/p>","protected":false},"featured_media":44231,"template":"","meta":{"_acf_changed":false,"inline_featured_image":false},"product_brand":[],"product_cat":[31,348,69,86,35,6732,21,58],"product_tag":[5989,941,1476,942,943,944,5988,947,948],"class_list":{"0":"post-44229","1":"product","2":"type-product","3":"status-publish","4":"has-post-thumbnail","6":"product_cat-events","7":"product_cat-felsenkeller","8":"product_cat-konzert","9":"product_cat-leipzig","10":"product_cat-orte","11":"product_cat-rock-hard-rock","12":"product_cat-ticket","13":"product_cat-veranstaltung","14":"product_tag-20th-anniversary-tour","15":"product_tag-events","16":"product_tag-felsenkeller","17":"product_tag-konzert","18":"product_tag-leipzig","19":"product_tag-orte","20":"product_tag-talco","21":"product_tag-ticket","22":"product_tag-veranstaltung","23":"product_shipping_class-nur_paketversand","24":"pa_discount-normalpreis","25":"pa_preiskategorie-stehplatz","27":"first","28":"instock","29":"taxable","30":"shipping-taxable","31":"purchasable","32":"product-type-variable","33":"has-default-attributes"},"group_of_quantity":0,"min_quantity":0,"max_quantity":"","exclude_order_quantity_value_rules":"no","exclude_category_quantity_rules":"no","combine_variations":"no","acf":[],"_links":{"self":[{"href":"https:\/\/arena-ticket.com\/en\/wp-json\/wp\/v2\/product\/44229","targetHints":{"allow":["GET"]}}],"collection":[{"href":"https:\/\/arena-ticket.com\/en\/wp-json\/wp\/v2\/product"}],"about":[{"href":"https:\/\/arena-ticket.com\/en\/wp-json\/wp\/v2\/types\/product"}],"wp:featuredmedia":[{"embeddable":true,"href":"https:\/\/arena-ticket.com\/en\/wp-json\/wp\/v2\/media\/44231"}],"wp:attachment":[{"href":"https:\/\/arena-ticket.com\/en\/wp-json\/wp\/v2\/media?parent=44229"}],"wp:term":[{"taxonomy":"product_brand","embeddable":true,"href":"https:\/\/arena-ticket.com\/en\/wp-json\/wp\/v2\/product_brand?post=44229"},{"taxonomy":"product_cat","embeddable":true,"href":"https:\/\/arena-ticket.com\/en\/wp-json\/wp\/v2\/product_cat?post=44229"},{"taxonomy":"product_tag","embeddable":true,"href":"https:\/\/arena-ticket.com\/en\/wp-json\/wp\/v2\/product_tag?post=44229"}],"curies":[{"name":"wp","href":"https:\/\/api.w.org\/{rel}","templated":true}]}}