{"id":44232,"date":"2025-07-05T12:21:33","date_gmt":"2025-07-05T10:21:33","guid":{"rendered":"https:\/\/arena-ticket.com\/?p=44232&#038;post_type=product&#038;preview_id=44232"},"modified":"2025-07-05T13:42:37","modified_gmt":"2025-07-05T11:42:37","slug":"haematom-gagamania-tour-2026-leipzig-haus-auensee-07-11-2026-1900-uhr","status":"publish","type":"product","link":"https:\/\/arena-ticket.com\/en\/product\/haematom-gagamania-tour-2026-leipzig-haus-auensee-07-11-2026-1900-uhr\/","title":{"rendered":"H\u00e4matom  - Gagamania Tour 2026"},"content":{"rendered":"<p>Laut. Bunt. Schrill. Skurril. Abgefahren - Die Eskalation geht weiter!<\/p>\n<p>H\u00c4MATOM laden ein zur verr\u00fccktesten Tour ihrer Bandgeschichte! Die Masken sind poliert, die Verst\u00e4rker bis zum Anschlag aufgedreht \u2013 H\u00c4MATOM kehren mit voller Wucht zur\u00fcck auf die B\u00fchnen der Republik! Mit ihrer neuen Tour GAGAMANIA bringen die vier maskierten Ausnahmeerscheinungen nicht nur ihr gewohnt explosives Live-Feuerwerk mit, sondern er\u00f6ffnen ein v\u00f6llig neues Kapitel ihrer Bandgeschichte. Aus normaler Live-Show wird ein Event, der alle bisher bekannten Konzertabende auf den Kopf stellt. Wie auf einem durchgeknallten Jahrmarkt steuert man von einer absurden Attraktion zur n\u00e4chsten \u2013 und ehe man sich versieht, dr\u00fcckt einem ein stelzenlaufender Freak Zuckerwatte in die Hand, w\u00e4hrend man doch eigentlich Karaoke singen wollte.<\/p>\n<p>Nach dem Erfolg ihres letzten Albums und ausverkauften Shows in Deutschland, \u00d6sterreich, der Schweiz und Tschechien, steht H\u00c4MATOM 2026 f\u00fcr eine Tour bereit, die alle Grenzen sprengt: schriller, lauter, verr\u00fcckter \u2013 GAGAMANIA ist der Name und das Programm zugleich. Die Band verspricht ein einzigartiges Erlebnis zwischen Wahnsinn und Wirklichkeit, zwischen brachialem Metal, packenden Hooks und einem audiovisuellen Spektakel, das seinesgleichen sucht.<\/p>\n<p>F\u00fcr diese au\u00dfergew\u00f6hnliche Tour hat sich die H\u00c4MATOM zwei ganz besondere Special-Guests an Bord geholt: Mit J.B.O., den Meistern des Fun-Metals, trifft anarchischer Humor auf rosa Metal-Power \u2013 ein Garant f\u00fcr Party und Spa\u00df auf h\u00f6chstem Niveau.<\/p>\n<p>Anstandslos &amp; Durchgeknallt sorgen mit ihrem elektronisch treibenden Sound f\u00fcr v\u00f6llig neue Klangwelten \u2013 irgendwo zwischen Ekstase, Eskalation und Ausnahmezustand.<\/p>\n<p>Das werden keine normalen Konzerte \u2013 das wird ein Erlebnis. Ein grell leuchtendes Paralleluniversum namens GAGAMANIA, das einen nicht mehr losl\u00e4sst, sobald man es erlebt hat.<\/p>\n<p>Dieses Spektakel d\u00fcrft ihr nicht verpassen.<br \/>\nWillkommen zu GAGAMANIA.<\/p>","protected":false},"excerpt":{"rendered":"<p>H\u00c4MATOM laden ein zur verr\u00fccktesten Tour ihrer Bandgeschichte<\/p>","protected":false},"featured_media":44234,"template":"","meta":{"_acf_changed":false,"inline_featured_image":false},"product_brand":[],"product_cat":[31,344,69,86,35,6732,21,58],"product_tag":[941,5990,4412,962,942,943,944,947,948],"class_list":{"0":"post-44232","1":"product","2":"type-product","3":"status-publish","4":"has-post-thumbnail","6":"product_cat-events","7":"product_cat-haus-auensee","8":"product_cat-konzert","9":"product_cat-leipzig","10":"product_cat-orte","11":"product_cat-rock-hard-rock","12":"product_cat-ticket","13":"product_cat-veranstaltung","14":"product_tag-events","15":"product_tag-gagamania-tour-2026","16":"product_tag-haematom","17":"product_tag-haus-auensee","18":"product_tag-konzert","19":"product_tag-leipzig","20":"product_tag-orte","21":"product_tag-ticket","22":"product_tag-veranstaltung","23":"product_shipping_class-nur_paketversand","24":"pa_discount-normalpreis","25":"pa_preiskategorie-stehplatz","27":"first","28":"instock","29":"taxable","30":"shipping-taxable","31":"purchasable","32":"product-type-variable","33":"has-default-attributes"},"group_of_quantity":0,"min_quantity":0,"max_quantity":"","exclude_order_quantity_value_rules":"no","exclude_category_quantity_rules":"no","combine_variations":"no","acf":[],"_links":{"self":[{"href":"https:\/\/arena-ticket.com\/en\/wp-json\/wp\/v2\/product\/44232","targetHints":{"allow":["GET"]}}],"collection":[{"href":"https:\/\/arena-ticket.com\/en\/wp-json\/wp\/v2\/product"}],"about":[{"href":"https:\/\/arena-ticket.com\/en\/wp-json\/wp\/v2\/types\/product"}],"wp:featuredmedia":[{"embeddable":true,"href":"https:\/\/arena-ticket.com\/en\/wp-json\/wp\/v2\/media\/44234"}],"wp:attachment":[{"href":"https:\/\/arena-ticket.com\/en\/wp-json\/wp\/v2\/media?parent=44232"}],"wp:term":[{"taxonomy":"product_brand","embeddable":true,"href":"https:\/\/arena-ticket.com\/en\/wp-json\/wp\/v2\/product_brand?post=44232"},{"taxonomy":"product_cat","embeddable":true,"href":"https:\/\/arena-ticket.com\/en\/wp-json\/wp\/v2\/product_cat?post=44232"},{"taxonomy":"product_tag","embeddable":true,"href":"https:\/\/arena-ticket.com\/en\/wp-json\/wp\/v2\/product_tag?post=44232"}],"curies":[{"name":"wp","href":"https:\/\/api.w.org\/{rel}","templated":true}]}}