{"id":44235,"date":"2025-07-05T13:41:19","date_gmt":"2025-07-05T11:41:19","guid":{"rendered":"https:\/\/arena-ticket.com\/?p=44235&#038;post_type=product&#038;preview_id=44235"},"modified":"2025-10-29T01:44:45","modified_gmt":"2025-10-29T00:44:45","slug":"in-extremo-rauhnaechte-tour-2025-leipzig-haus-auensee-30-12-2025-1930-uhr","status":"publish","type":"product","link":"https:\/\/arena-ticket.com\/en\/product\/in-extremo-rauhnaechte-tour-2025-leipzig-haus-auensee-30-12-2025-1930-uhr\/","title":{"rendered":"In Extremo  - Rauhn\u00e4chte Tour 2025"},"content":{"rendered":"<p><b>Die Rauhn\u00e4chte<\/b>\u00a0sind eine Zeit \u201ezwischen den Jahren\u201c, die traditionell rund um die Wintersonnenwende beginnt und am Dreik\u00f6nigstag endet. Der Begriff stammt vermutlich vom mittelhochdeutschen r\u00fbch = \u201ehaarig\u201c und bezieht sich auf die pelzigen Gestalten der Winterd\u00e4monen. Die Rauhn\u00e4chte gelten in vielen Volksglauben und spirituellen Traditionen als eine magische Phase der Reinigung, R\u00fcckschau und Vorausschau. Viele Menschen nutzen sie f\u00fcr Rituale der Selbstreflexion, um das alte Jahr loszulassen und W\u00fcnsche f\u00fcr das neue zu manifestieren.<\/p>\n<p>Auch\u00a0<b>IN EXTREMO<\/b>\u00a0begeben sich zum Abschluss ihres Jubil\u00e4umsjahres \u2013 in dem sie ihr 30-j\u00e4hriges Bandbestehen gefeiert haben \u2013 noch einmal auf eine besondere Konzertreise, um ein aufregendes Jahr und 2025 geb\u00fchrend zu verabschieden: Mit einer eigens zusammengestellten Setliste voller Highlights und Hymnen, im Kreis der Lieben, f\u00fcr einen furiosen Jahresausklang.<\/p>\n<p>\u201eWir m\u00f6chten unseren treuen Fans zum Ende dieser \u00c4ra noch einmal etwas ganz Besonderes pr\u00e4sentieren und mit diesen Konzerten einfach Danke sagen \u2013 so, wie man es von uns kennt: laut, hart, aber herzlich und mit einer geh\u00f6rigen Portion Schalk im Nacken\u201c, freut sich die Band auf ein donnerndes\u00a0<b>Finale Furioso 2025.<\/b><\/p>\n<p>Als Special Guest mit an Bord:\u00a0<b>DOMINUM<\/b>, die mit ihrer unerh\u00f6rten Mixtur aus Power Metal und Zombie-Horror-Show daf\u00fcr sorgen werden, dass dieses Package mit Sicherheit eines der explosivsten Spektakel zum Jahreswechsel wird!<\/p>","protected":false},"excerpt":{"rendered":"<p>Secure your tickets!<\/p>","protected":false},"featured_media":44237,"template":"","meta":{"_acf_changed":false,"inline_featured_image":false},"product_brand":[],"product_cat":[31,344,69,86,35,6732,21,58],"product_tag":[941,962,4700,942,943,944,5991,947,948],"class_list":{"0":"post-44235","1":"product","2":"type-product","3":"status-publish","4":"has-post-thumbnail","6":"product_cat-events","7":"product_cat-haus-auensee","8":"product_cat-konzert","9":"product_cat-leipzig","10":"product_cat-orte","11":"product_cat-rock-hard-rock","12":"product_cat-ticket","13":"product_cat-veranstaltung","14":"product_tag-events","15":"product_tag-haus-auensee","16":"product_tag-in-extremo","17":"product_tag-konzert","18":"product_tag-leipzig","19":"product_tag-orte","20":"product_tag-rauhnaechte-tour-2025","21":"product_tag-ticket","22":"product_tag-veranstaltung","23":"product_shipping_class-nur_paketversand","24":"pa_discount-normalpreis","25":"pa_preiskategorie-stehplatz","27":"first","28":"instock","29":"taxable","30":"shipping-taxable","31":"purchasable","32":"product-type-variable","33":"has-default-attributes"},"group_of_quantity":0,"min_quantity":0,"max_quantity":"","exclude_order_quantity_value_rules":"no","exclude_category_quantity_rules":"no","combine_variations":"no","acf":[],"_links":{"self":[{"href":"https:\/\/arena-ticket.com\/en\/wp-json\/wp\/v2\/product\/44235","targetHints":{"allow":["GET"]}}],"collection":[{"href":"https:\/\/arena-ticket.com\/en\/wp-json\/wp\/v2\/product"}],"about":[{"href":"https:\/\/arena-ticket.com\/en\/wp-json\/wp\/v2\/types\/product"}],"wp:featuredmedia":[{"embeddable":true,"href":"https:\/\/arena-ticket.com\/en\/wp-json\/wp\/v2\/media\/44237"}],"wp:attachment":[{"href":"https:\/\/arena-ticket.com\/en\/wp-json\/wp\/v2\/media?parent=44235"}],"wp:term":[{"taxonomy":"product_brand","embeddable":true,"href":"https:\/\/arena-ticket.com\/en\/wp-json\/wp\/v2\/product_brand?post=44235"},{"taxonomy":"product_cat","embeddable":true,"href":"https:\/\/arena-ticket.com\/en\/wp-json\/wp\/v2\/product_cat?post=44235"},{"taxonomy":"product_tag","embeddable":true,"href":"https:\/\/arena-ticket.com\/en\/wp-json\/wp\/v2\/product_tag?post=44235"}],"curies":[{"name":"wp","href":"https:\/\/api.w.org\/{rel}","templated":true}]}}