{"id":44243,"date":"2025-07-05T14:13:35","date_gmt":"2025-07-05T12:13:35","guid":{"rendered":"https:\/\/arena-ticket.com\/?p=44243&#038;post_type=product&#038;preview_id=44243"},"modified":"2025-07-31T17:06:21","modified_gmt":"2025-07-31T15:06:21","slug":"one-vision-of-queen-feat-marc-martel-one-of-the-most-spectacular-queen-shows-2025-berlin-uber-arena-18-10-2025-1930-uhr","status":"publish","type":"product","link":"https:\/\/arena-ticket.com\/en\/product\/one-vision-of-queen-feat-marc-martel-one-of-the-most-spectacular-queen-shows-2025-berlin-uber-arena-18-10-2025-1930-uhr\/","title":{"rendered":"One Vision of Queen feat. Marc Martel  - One of the most spectacular Queen Shows - 2025"},"content":{"rendered":"<p>Er gilt als DIE stimmliche Reinkarnation des legend\u00e4ren Queen-S\u00e4ngers Freddie Mercury und ist zweifelsohne weltweit einer der besten und gefragtesten Interpretatoren der gro\u00dfen Rocklegende: Marc Martel begeisterte allein im deutschsprachigen Raum bereits mehr als 250.000 Zuschauer mit der grandiosen Live-Show \u201eOne Vision of Queen\u201c, die hier im Jahr 2020 zum ersten Mal stattfand und seitdem immer wiederkehrt. Vom \u00fcberragenden Erfolg der Show befl\u00fcgelt, erobert One Vision of Queen feat. Marc Martel zunehmend gr\u00f6\u00dfere Hallen in weiteren L\u00e4ndern der Europ\u00e4ischen Union und sogar \u00fcber deren L\u00e4ndergrenzen hinaus. 2025 stehen erstmals Metropolen wie London (UK), Paris (Frankreich) und Prag (Tschechische Republik) auf dem Tourplan. 32 Konzerte in 8 L\u00e4ndern gehen in den Verkauf, darunter erneut Termine in Belgien, den Niederlanden, \u00d6sterreich und Schweiz sowie der gr\u00f6\u00dfte Tourblock in Deutschland. Internationale Superstars wie Celine Dion, ja sogar die original Queen-Bandmitglieder und Entdecker des Gesangstalents selbst \u2013 Brian May und Roger Taylor \u2013 z\u00e4hlen sich zu seinen gr\u00f6\u00dften Fans. Mit seinen erstaunlichen Performances verwandelte Marc Martel NFL Halftime-Shows in unvergessliche H\u00f6hepunkte.<\/p>\n<p>Schon mehr als zehn Jahre tourt der geb\u00fcrtig aus Kanada stammende und in Nashville lebende S\u00e4nger und Entertainer Marc Martel mit seinen Queen-Shows um die Welt und zieht das Publikum mit seinem ganz eigenen Charme in den Bann. Kaum, dass seine Stimme erklingt, werden die Zuschauer magisch, wie auf einem Zeitstrahl, zur\u00fcck in die Vergangenheit katapultiert - und zwar genau dorthin, wo die Rockband Queen mit Frontmann Freddie Mercury ihre gr\u00f6\u00dften Erfolge feierte. Doch nicht nur Queen-Fans, sondern auch die Medien sind begeistert, er ist sowohl bei den angesagtesten internationalen TV-Shows (Ellen DeGeneres) zu Gast, als auch hierzulande bei der Giovanni Zarella Show. Seine YouTube-Videos erreichten bis dato insgesamt mehr als 250 Millionen Klicks, \u00fcber 1,4 Millionen Menschen folgen seinem Kanal.<\/p>\n<p>\u201cOne Vision of Queen \u2013 feat. Marc Martel\u201d will be even bigger, more spectacular and more impressive in 2025. In addition to the singer and his incredibly good band, the audience can of course look forward to a lot of Queen classics such as \u201cWe Will Rock You\u201d, \u201cBohemian Rhapsody\u201d, \u201cI Want To Break Free\u201d and \u201cSomebody To Love\u201d, with which he moved not only Celine Dion to tears.<\/p>\n<p>While Marc Martel wants to be as close to Freddie Mercury as possible in his Queen interpretations, he also wants to leave his own mark on a human level: &quot;People would of course like me to dress and move like Freddie Mercury did. But I think my voice is enough to remind them of him and I love being myself on stage.&quot;<\/p>\n<p>Despite all his tremendous power and vocal similarity, the exceptional talent has something very unique in his voice - in addition to the warmth, there is also a trace of vulnerability that is immediately touching and often leaves an audience amazed and deeply impressed. Marc Martel makes \u201cOne Vision of Queen\u201d a truly unique and unforgettable event.<\/p>","protected":false},"excerpt":{"rendered":"<p>Get your tickets here now!<\/p>","protected":false},"featured_media":44248,"template":"","meta":{"_acf_changed":false,"inline_featured_image":false},"product_brand":[],"product_cat":[31,315,64,35,6730,517,58],"product_tag":[1332,941,942,5994,3266,944,3638,948],"class_list":{"0":"post-44243","1":"product","2":"type-product","3":"status-publish","4":"has-post-thumbnail","6":"product_cat-events","7":"product_cat-berlin","8":"product_cat-musical-show","9":"product_cat-orte","10":"product_cat-show","11":"product_cat-uber-arena","12":"product_cat-veranstaltung","13":"product_tag-berlin","14":"product_tag-events","15":"product_tag-konzert","16":"product_tag-one-of-the-most-spectacular-queen-shows-2025","17":"product_tag-one-vision-of-queen-feat-marc-martel","18":"product_tag-orte","19":"product_tag-uber-arena","20":"product_tag-veranstaltung","21":"product_shipping_class-nur_paketversand","22":"pa_discount-normalpreis","23":"pa_preiskategorie-pk-i","24":"pa_preiskategorie-pk-ii","25":"pa_preiskategorie-pk-iii","26":"pa_preiskategorie-pk-iv","27":"pa_preiskategorie-pk-v","29":"first","30":"instock","31":"taxable","32":"shipping-taxable","33":"purchasable","34":"product-type-variable","35":"has-default-attributes"},"group_of_quantity":0,"min_quantity":0,"max_quantity":"","exclude_order_quantity_value_rules":"no","exclude_category_quantity_rules":"no","combine_variations":"no","acf":[],"_links":{"self":[{"href":"https:\/\/arena-ticket.com\/en\/wp-json\/wp\/v2\/product\/44243","targetHints":{"allow":["GET"]}}],"collection":[{"href":"https:\/\/arena-ticket.com\/en\/wp-json\/wp\/v2\/product"}],"about":[{"href":"https:\/\/arena-ticket.com\/en\/wp-json\/wp\/v2\/types\/product"}],"wp:featuredmedia":[{"embeddable":true,"href":"https:\/\/arena-ticket.com\/en\/wp-json\/wp\/v2\/media\/44248"}],"wp:attachment":[{"href":"https:\/\/arena-ticket.com\/en\/wp-json\/wp\/v2\/media?parent=44243"}],"wp:term":[{"taxonomy":"product_brand","embeddable":true,"href":"https:\/\/arena-ticket.com\/en\/wp-json\/wp\/v2\/product_brand?post=44243"},{"taxonomy":"product_cat","embeddable":true,"href":"https:\/\/arena-ticket.com\/en\/wp-json\/wp\/v2\/product_cat?post=44243"},{"taxonomy":"product_tag","embeddable":true,"href":"https:\/\/arena-ticket.com\/en\/wp-json\/wp\/v2\/product_tag?post=44243"}],"curies":[{"name":"wp","href":"https:\/\/api.w.org\/{rel}","templated":true}]}}