{"id":44249,"date":"2025-07-05T14:22:06","date_gmt":"2025-07-05T12:22:06","guid":{"rendered":"https:\/\/arena-ticket.com\/?p=44249&#038;post_type=product&#038;preview_id=44249"},"modified":"2025-11-25T10:30:31","modified_gmt":"2025-11-25T09:30:31","slug":"il-volo-tour-2025-berlin-uber-arena-03-11-2025-2000-uhr","status":"publish","type":"product","link":"https:\/\/arena-ticket.com\/en\/product\/il-volo-tour-2025-berlin-uber-arena-03-11-2025-2000-uhr\/","title":{"rendered":"IL VOLO  - Tour 2025"},"content":{"rendered":"<p>Die romantisch-leidenschaftliche Erfolgsreise von IL VOLO (italienisch f\u00fcr \u201eDer Flug\u201c) geht weiter: W\u00e4hrend Tausende deutsche Fans des weltweit gefeierten italienischen Trios noch den ausverkauften Deutschland-Konzerten 2024 in D\u00fcsseldorf, Berlin und Frankfurt entgegenfiebern, gibt es schon wieder neuen Grund zur Freude:<\/p>\n<p>Gianluca Ginoble, Piero Barone und Ignazio Boschetto kehren im Rahmen ihrer World Tour 2024\/2025 auch im kommenden Jahr mit ihrem \u201eBelcanto\u201c \u2013 Feeling auf die B\u00fchnen Deutschlands und \u00d6sterreich zur\u00fcck, diesmal sogar f\u00fcr insgesamt 7 Konzerte.<\/p>\n<p>With their distinctive combination of classical and pop vocals, IL VOLO has been a fixture on the international music scene since 2011. Millions of people love these charismatic heartthrobs for global hits like &quot;Volare,&quot; &quot;My Way,&quot; &quot;Nessun Dorma,&quot; and &quot;O Sole Mio,&quot; which the three Italian superstars bring to the stage with powerful voices and a healthy dose of wit and coolness. Goosebumps and pure entertainment are guaranteed at every single performance!<\/p>\n<p>The numbers alone speak for themselves: over 2.2 million fans on various social media platforms, more than 3.5 million albums sold and over two million viewers at their more than 300 concerts on three continents. In addition, 13 released albums since 2011 that have won multiple platinum awards, two Grammy nominations, and a sensational third place at the Eurovision Song Contest 2015 with &quot;Grande Amore&quot; - Il Volo can look back on a success story that is unparalleled.<\/p>\n<p>It&#039;s no wonder that the three tenors have already worked with greats such as Quincy Jones, Pl\u00e1cido Domingo, Eros Ramazzotti and Barbra Streisand. IL VOLO have long since created a monument to their very own role models, the Three Tenors - what&#039;s more, they have become stars themselves.<\/p>\n<p>Despite all their popularity, IL VOLO also always makes clear statements with their performances: in 2018 they toured Japan and Eastern Europe (Poland, Hungary, Slovakia, Slovenia and Croatia), met with the peacekeepers in Lebanon at the UNIFIL bases and dedicated their Christmas concert to them at the SHAMA base and in the theater of Tyre to support the Italian troops in their peacekeeping mission.<\/p>\n<p>In 2019, IL VOLO performed in Panama on the occasion of the XXXIV World Youth Day in front of Pope Francis and over a million people during the vigil at Campo San Juan Pablo II.<\/p>\n<p>With their upcoming tour, the trio will once again delight numerous fans all over the world - if you have missed the three&#039;s performances so far or just can&#039;t get enough, you will have 7 opportunities to experience IL VOLO live in Germany or Austria in 2025! Get your tickets now and look forward to evenings full of passion and emotion that are guaranteed to fly by but will always be remembered!<\/p>","protected":false},"excerpt":{"rendered":"<p>Get your tickets here now!<\/p>","protected":false},"featured_media":55808,"template":"","meta":{"_acf_changed":false,"inline_featured_image":false},"product_brand":[],"product_cat":[31,315,6741,69,35,517,58,6581],"product_tag":[1332,941,4117,942,944,2981,3638,948,2048],"class_list":{"0":"post-44249","1":"product","2":"type-product","3":"status-publish","4":"has-post-thumbnail","6":"product_cat-events","7":"product_cat-berlin","8":"product_cat-klassik","9":"product_cat-konzert","10":"product_cat-orte","11":"product_cat-uber-arena","12":"product_cat-veranstaltung","13":"product_cat-weihnachten","14":"product_tag-berlin","15":"product_tag-events","16":"product_tag-il-volo","17":"product_tag-konzert","18":"product_tag-orte","19":"product_tag-tour-2025","20":"product_tag-uber-arena","21":"product_tag-veranstaltung","22":"product_tag-weihnachten","23":"product_shipping_class-nur_paketversand","24":"pa_discount-normalpreis","25":"pa_preiskategorie-pk-i","26":"pa_preiskategorie-pk-ii","28":"first","29":"instock","30":"taxable","31":"shipping-taxable","32":"purchasable","33":"product-type-variable","34":"has-default-attributes"},"group_of_quantity":0,"min_quantity":0,"max_quantity":"","exclude_order_quantity_value_rules":"no","exclude_category_quantity_rules":"no","combine_variations":"no","acf":[],"_links":{"self":[{"href":"https:\/\/arena-ticket.com\/en\/wp-json\/wp\/v2\/product\/44249","targetHints":{"allow":["GET"]}}],"collection":[{"href":"https:\/\/arena-ticket.com\/en\/wp-json\/wp\/v2\/product"}],"about":[{"href":"https:\/\/arena-ticket.com\/en\/wp-json\/wp\/v2\/types\/product"}],"wp:featuredmedia":[{"embeddable":true,"href":"https:\/\/arena-ticket.com\/en\/wp-json\/wp\/v2\/media\/55808"}],"wp:attachment":[{"href":"https:\/\/arena-ticket.com\/en\/wp-json\/wp\/v2\/media?parent=44249"}],"wp:term":[{"taxonomy":"product_brand","embeddable":true,"href":"https:\/\/arena-ticket.com\/en\/wp-json\/wp\/v2\/product_brand?post=44249"},{"taxonomy":"product_cat","embeddable":true,"href":"https:\/\/arena-ticket.com\/en\/wp-json\/wp\/v2\/product_cat?post=44249"},{"taxonomy":"product_tag","embeddable":true,"href":"https:\/\/arena-ticket.com\/en\/wp-json\/wp\/v2\/product_tag?post=44249"}],"curies":[{"name":"wp","href":"https:\/\/api.w.org\/{rel}","templated":true}]}}