{"id":44261,"date":"2025-07-05T14:49:03","date_gmt":"2025-07-05T12:49:03","guid":{"rendered":"https:\/\/arena-ticket.com\/?p=44261&#038;post_type=product&#038;preview_id=44261"},"modified":"2025-10-28T15:19:59","modified_gmt":"2025-10-28T14:19:59","slug":"die-schlagernacht-des-jahres-das-original-berlin-uber-arena-22-11-2025-1800-uhr","status":"publish","type":"product","link":"https:\/\/arena-ticket.com\/en\/product\/die-schlagernacht-des-jahres-das-original-berlin-uber-arena-22-11-2025-1800-uhr\/","title":{"rendered":"Die Schlagernacht des Jahres  - DAS ORIGINAL"},"content":{"rendered":"<section class=\"c-full c-inner c-narrow\" data-c=\"stageteasertext\" data-qa=\"stageteasertext-component\">\n<div class=\"container\">\n<div class=\"external-content no-margin\">\n<div class=\"u-position-relative js-moretext-wrapper\">\n<div class=\"moretext js-moretext expanded\" data-qa=\"readMoreText\">\n<div class=\"moretext-teaser\">\n<p>Erlebt DAS ultimative Event f\u00fcr Schlagerfans \u2013 die Schlagernacht des Jahres \u2013 DAS ORIGINAL! Seit \u00fcber 25 Jahren begeistert die Schlagernacht des Jahres mit einer einmaligen Atmosph\u00e4re voller Lebensfreude, Musik und Emotionen. Einfach UNSCHLAGRBAR GUT!<\/p>\n<p>Auf der neu designten B\u00fchne pr\u00e4sentieren sich die gr\u00f6\u00dften Stars der Schlagerwelt und feiern mit den Fans sechs Stunden lang zu den gr\u00f6\u00dften Hits, aufregenden Newcomern und emotionalen Highlights. Jede Show ist ein einzigartiges Erlebnis, untermalt von einer atemberaubenden Licht- und B\u00fchnenshow. Seid dabei, wenn Deutschlands gr\u00f6\u00dfte Arenen in ein Meer aus blinkenden Kr\u00f6nchen getaucht werden und die Fans den gr\u00f6\u00dften Schlagerchor des Landes bilden!<\/p>\n<p>Die Schlagernacht des Jahres - DAS ORIGINAL! legt ihr bestes Blatt auf den Tisch und geht \u201eAll In\u201c mit den Herzdamen MICHELLE, KERSTIN OTT, ANNA-MARIA ZIMMERMANN, CHRISTIN STARK, SONIA LIEBING, PIA MALO, MARIE REIM und ANNA-Maria ZIVKOV, den Schlagerk\u00f6nigen DJ \u00d6TZI, MATTHIAS REIM, OLAF DER FLIPPER, NINO DE ANGELO, SEMINO ROSSI, ANDY BORG, BERNHARD BRINK und THOMAS ANDERS. Zudem geben sich die charmanten Schlagerbuben ERIC PHILIPPI, ESTERIORE BROTHERS, TIM PETERS, GEORG STENGEL und JULIAN REIM sowie die perfekte Zehn auf unserer Hand - VOXXCLUB, VINCENT GROSS, RAMON ROSELLY, PIA MALO und FANTASY die Ehre. Nat\u00fcrlich haben haben die kommenden Schlagern\u00e4chte mit MICKIE KRAUSE, OLI.P, PETER WACKEL und ROSS ANTONY noch weitere Asse im \u00c4rmel!<\/p>\n<p>Egal, ob ihr die Schlagernacht des Jahres zum ersten Mal erlebt oder bereits treue Wiederholungst\u00e4ter seid \u2013 2025 verspricht schlagertastische Abende voller Lieblingshits, G\u00e4nsehautmomente und Party pur. Da wird jede Nacht zu einem unvergesslichen Erlebnis. Wer dar\u00fcber hinaus schon f\u00fcr 2026 eine grandiose Schlagersause plant, kann sich freuen, denn nat\u00fcrlich wird die popul\u00e4rste Schlagerveranstaltung Deutschlands auch im kommenden Jahr in den gr\u00f6\u00dften Arenen auf Tournee sein.<\/p>\n<p>Das variierende Line-up der Schlagernacht des Jahres \u2013 DAS ORIGINAL sowie alle Termine k\u00f6nnen \u00fcber die eigene Webseite, die zugeh\u00f6rigen Social-Media-Kan\u00e4le als auch \u00fcber die Schlagernacht-APP abgerufen werden.<\/p>\n<\/div>\n<\/div>\n<div class=\"link moretext-toggle\"><\/div>\n<\/div>\n<\/div>\n<\/div>\n<\/section>\n<section class=\"c-inner c-full\" data-c=\"participatingartists\">\n<div class=\"container js-track-teaser-general\" data-component=\"participatingartists\" data-teaser-row=\"7\" data-cid=\"\" data-qa=\"participatingartists\"><\/div>\n<\/section>","protected":false},"excerpt":{"rendered":"<p>The top stars of the hit industry ensure unforgettable hours in the great halls of Germany!<\/p>","protected":false},"featured_media":53261,"template":"","meta":{"_acf_changed":false,"inline_featured_image":false},"product_brand":[],"product_cat":[31,315,69,35,6734,517,58],"product_tag":[1332,3746,2927,941,942,944,3638,948],"class_list":{"0":"post-44261","1":"product","2":"type-product","3":"status-publish","4":"has-post-thumbnail","6":"product_cat-events","7":"product_cat-berlin","8":"product_cat-konzert","9":"product_cat-orte","10":"product_cat-schlager","11":"product_cat-uber-arena","12":"product_cat-veranstaltung","13":"product_tag-berlin","14":"product_tag-das-original","15":"product_tag-die-schlagernacht-des-jahres","16":"product_tag-events","17":"product_tag-konzert","18":"product_tag-orte","19":"product_tag-uber-arena","20":"product_tag-veranstaltung","21":"product_shipping_class-nur_paketversand","22":"pa_discount-normalpreis","23":"pa_preiskategorie-pk-i","24":"pa_preiskategorie-pk-ii","25":"pa_preiskategorie-pk-iii","26":"pa_preiskategorie-pk-iv","27":"pa_preiskategorie-stehplatz","29":"first","30":"instock","31":"taxable","32":"shipping-taxable","33":"purchasable","34":"product-type-variable","35":"has-default-attributes"},"group_of_quantity":0,"min_quantity":0,"max_quantity":"","exclude_order_quantity_value_rules":"no","exclude_category_quantity_rules":"no","combine_variations":"no","acf":[],"_links":{"self":[{"href":"https:\/\/arena-ticket.com\/en\/wp-json\/wp\/v2\/product\/44261","targetHints":{"allow":["GET"]}}],"collection":[{"href":"https:\/\/arena-ticket.com\/en\/wp-json\/wp\/v2\/product"}],"about":[{"href":"https:\/\/arena-ticket.com\/en\/wp-json\/wp\/v2\/types\/product"}],"wp:featuredmedia":[{"embeddable":true,"href":"https:\/\/arena-ticket.com\/en\/wp-json\/wp\/v2\/media\/53261"}],"wp:attachment":[{"href":"https:\/\/arena-ticket.com\/en\/wp-json\/wp\/v2\/media?parent=44261"}],"wp:term":[{"taxonomy":"product_brand","embeddable":true,"href":"https:\/\/arena-ticket.com\/en\/wp-json\/wp\/v2\/product_brand?post=44261"},{"taxonomy":"product_cat","embeddable":true,"href":"https:\/\/arena-ticket.com\/en\/wp-json\/wp\/v2\/product_cat?post=44261"},{"taxonomy":"product_tag","embeddable":true,"href":"https:\/\/arena-ticket.com\/en\/wp-json\/wp\/v2\/product_tag?post=44261"}],"curies":[{"name":"wp","href":"https:\/\/api.w.org\/{rel}","templated":true}]}}