{"id":44268,"date":"2025-07-05T14:58:43","date_gmt":"2025-07-05T12:58:43","guid":{"rendered":"https:\/\/arena-ticket.com\/?p=44268&#038;post_type=product&#038;preview_id=44268"},"modified":"2025-07-31T17:10:01","modified_gmt":"2025-07-31T15:10:01","slug":"electric-callboy-world-tour-berlin-uber-arena-28-11-2025-2000-uhr","status":"publish","type":"product","link":"https:\/\/arena-ticket.com\/en\/product\/electric-callboy-world-tour-berlin-uber-arena-28-11-2025-2000-uhr\/","title":{"rendered":"Electric Callboy  - World Tour"},"content":{"rendered":"<p>Die Wartezeit ist endlich vorbei! Die mehrfach preisgekr\u00f6nte Band ELECTRIC CALLBOY freut sich, ihre mit Spannung erwartete WELTTOURNEE anzuk\u00fcndigen, die einige der ikonischsten Arenen Europas mit ihren energiegeladenen Performances zum Beben bringen wird. Bekannt daf\u00fcr, weltweit gro\u00dfe Veranstaltungsorte auszuverkaufen, verspricht ELECTRIC CALLBOY ein unvergessliches Live-Erlebnis, das mit mitrei\u00dfenden Beats, elektrisierenden Riffs und einer unaufhaltsamen Energie die Grenzen der Live-Musik sprengen wird.<\/p>\n<p>\u201eWir k\u00f6nnen es kaum erwarten, auf Tour zu gehen und diese Show unseren Fans auf der ganzen Welt zu pr\u00e4sentieren\u201c, sagt ELECTRIC CALLBOY.<\/p>\n<p>\u201eJedes Konzert dieser Tour wird eine riesige Feier, und wir sind gespannt darauf, jede Nacht unvergesslich zu machen. Wir haben hart an neuem Material und besonderen \u00dcberraschungen gearbeitet und sind bereit, dies zu unserer gr\u00f6\u00dften und elektrisierendsten Tour aller Zeiten zu machen.\u201c<\/p>","protected":false},"excerpt":{"rendered":"<p>Electric Callboy geht auf gro\u00dfe Welttournee!<\/p>","protected":false},"featured_media":44271,"template":"","meta":{"_acf_changed":false,"inline_featured_image":false},"product_brand":[],"product_cat":[31,315,69,6736,35,517,58],"product_tag":[1332,4306,941,942,944,3638,948,4307],"class_list":{"0":"post-44268","1":"product","2":"type-product","3":"status-publish","4":"has-post-thumbnail","6":"product_cat-events","7":"product_cat-berlin","8":"product_cat-konzert","9":"product_cat-metal-metalcore","10":"product_cat-orte","11":"product_cat-uber-arena","12":"product_cat-veranstaltung","13":"product_tag-berlin","14":"product_tag-electric-callboy","15":"product_tag-events","16":"product_tag-konzert","17":"product_tag-orte","18":"product_tag-uber-arena","19":"product_tag-veranstaltung","20":"product_tag-world-tour","21":"product_shipping_class-nur_paketversand","22":"pa_discount-normalpreis","23":"pa_preiskategorie-pk-i","24":"pa_preiskategorie-pk-ii","25":"pa_preiskategorie-stehplatz","27":"first","28":"instock","29":"taxable","30":"shipping-taxable","31":"purchasable","32":"product-type-variable","33":"has-default-attributes"},"group_of_quantity":0,"min_quantity":0,"max_quantity":"","exclude_order_quantity_value_rules":"no","exclude_category_quantity_rules":"no","combine_variations":"no","acf":[],"_links":{"self":[{"href":"https:\/\/arena-ticket.com\/en\/wp-json\/wp\/v2\/product\/44268","targetHints":{"allow":["GET"]}}],"collection":[{"href":"https:\/\/arena-ticket.com\/en\/wp-json\/wp\/v2\/product"}],"about":[{"href":"https:\/\/arena-ticket.com\/en\/wp-json\/wp\/v2\/types\/product"}],"wp:featuredmedia":[{"embeddable":true,"href":"https:\/\/arena-ticket.com\/en\/wp-json\/wp\/v2\/media\/44271"}],"wp:attachment":[{"href":"https:\/\/arena-ticket.com\/en\/wp-json\/wp\/v2\/media?parent=44268"}],"wp:term":[{"taxonomy":"product_brand","embeddable":true,"href":"https:\/\/arena-ticket.com\/en\/wp-json\/wp\/v2\/product_brand?post=44268"},{"taxonomy":"product_cat","embeddable":true,"href":"https:\/\/arena-ticket.com\/en\/wp-json\/wp\/v2\/product_cat?post=44268"},{"taxonomy":"product_tag","embeddable":true,"href":"https:\/\/arena-ticket.com\/en\/wp-json\/wp\/v2\/product_tag?post=44268"}],"curies":[{"name":"wp","href":"https:\/\/api.w.org\/{rel}","templated":true}]}}