{"id":44275,"date":"2025-07-05T15:41:28","date_gmt":"2025-07-05T13:41:28","guid":{"rendered":"https:\/\/arena-ticket.com\/?p=44275&#038;post_type=product&#038;preview_id=44275"},"modified":"2025-09-18T09:48:41","modified_gmt":"2025-09-18T07:48:41","slug":"we-love-mma-mixed-martial-arts-berlin-uber-arena-29-11-2025-1900-uhr","status":"publish","type":"product","link":"https:\/\/arena-ticket.com\/en\/product\/we-love-mma-mixed-martial-arts-berlin-uber-arena-29-11-2025-1900-uhr\/","title":{"rendered":"We Love MMA  - Mixed Martial Arts"},"content":{"rendered":"<section class=\"c-full c-inner c-narrow\" data-c=\"stageteasertext\" data-qa=\"stageteasertext-component\">\n<div class=\"container\">\n<div class=\"external-content no-margin\">\n<div class=\"u-position-relative js-moretext-wrapper\">\n<div class=\"moretext js-moretext expanded\" data-qa=\"readMoreText\">\n<div class=\"moretext-teaser\">\n<p><strong>Einlass ab 18 Jahren!<\/strong><\/p>\n<p>&nbsp;<\/p>\n<p>Die h\u00e4rteste Liga - die h\u00e4rtesten Fighter!<\/p>\n<p>We Love MMA ist das ultimative Kampfsportspektakel und eine der bekanntesten und erfolgreichsten Mixed Martial Arts-Serien Europas. Auch in der neuen Saison lassen es die Elite-Fighter im We-Love-MMA-K\u00e4fig krachen. Die MMA-Fans k\u00f6nnen sich auf spannende Fights und spektakul\u00e4re Titelk\u00e4mpfe in Deutschlands gr\u00f6\u00dften und attraktivsten Arenen freuen.<\/p>\n<p>Nicht nur bei den Zuschauern, auch unter den Sportlern sind die WE LOVE MMA-Events die absoluten Pflichttermine des Jahres. Hier will jeder zeigen, was f\u00fcr ein Fighter in ihm steckt. Mixed Martial Arts (MMA) ist ein Vollkontaktkampfsport, der ein breites Spektrum von Kampftechniken erlaubt, von einer Mischung traditioneller bis hin zu nicht traditionellen Wettkampftechniken. Die K\u00e4mpfer bedienen sich sowohl der Schlag- und Tritttechniken (Striking) des Boxens, Kickboxens, Muay Thai und Karate als auch der Bodenkampf- und Ringtechniken (Grappling) des Brazilian Jiu-Jitsu, Ringens, Judo und Samba so dass Wettk\u00e4mpfer mit unterschiedlichem Hintergrund aufeinander treffen k\u00f6nnen<\/p>\n<\/div>\n<\/div>\n<div class=\"link moretext-toggle\"><\/div>\n<\/div>\n<\/div>\n<\/div>\n<\/section>\n<section class=\"c-inner c-full\" data-c=\"participatingartists\">\n<div class=\"container js-track-teaser-general\" data-component=\"participatingartists\" data-teaser-row=\"7\" data-cid=\"\" data-qa=\"participatingartists\"><\/div>\n<\/section>","protected":false},"excerpt":{"rendered":"<p>Das Mixed Martial Arts Kampfsportspektakel - jetzt Tickets sichern!<\/p>","protected":false},"featured_media":49213,"template":"","meta":{"_acf_changed":false,"inline_featured_image":false},"product_brand":[],"product_cat":[31,315,35,6762,32,517,58],"product_tag":[1332,941,5996,944,5642,3638,948,5995],"class_list":{"0":"post-44275","1":"product","2":"type-product","3":"status-publish","4":"has-post-thumbnail","6":"product_cat-events","7":"product_cat-berlin","8":"product_cat-orte","9":"product_cat-sonstiges_sport","10":"product_cat-sport","11":"product_cat-uber-arena","12":"product_cat-veranstaltung","13":"product_tag-berlin","14":"product_tag-events","15":"product_tag-mixed-martial-arts","16":"product_tag-orte","17":"product_tag-sport","18":"product_tag-uber-arena","19":"product_tag-veranstaltung","20":"product_tag-we-love-mma","21":"product_shipping_class-nur_paketversand","22":"pa_discount-normalpreis","23":"pa_preiskategorie-pk-i","24":"pa_preiskategorie-pk-ii","25":"pa_preiskategorie-pk-iii","26":"pa_preiskategorie-pk-iv","27":"pa_preiskategorie-pk-v","28":"pa_preiskategorie-pk-vi","30":"first","31":"instock","32":"taxable","33":"shipping-taxable","34":"purchasable","35":"product-type-variable","36":"has-default-attributes"},"group_of_quantity":0,"min_quantity":0,"max_quantity":"","exclude_order_quantity_value_rules":"no","exclude_category_quantity_rules":"no","combine_variations":"no","acf":[],"_links":{"self":[{"href":"https:\/\/arena-ticket.com\/en\/wp-json\/wp\/v2\/product\/44275","targetHints":{"allow":["GET"]}}],"collection":[{"href":"https:\/\/arena-ticket.com\/en\/wp-json\/wp\/v2\/product"}],"about":[{"href":"https:\/\/arena-ticket.com\/en\/wp-json\/wp\/v2\/types\/product"}],"wp:featuredmedia":[{"embeddable":true,"href":"https:\/\/arena-ticket.com\/en\/wp-json\/wp\/v2\/media\/49213"}],"wp:attachment":[{"href":"https:\/\/arena-ticket.com\/en\/wp-json\/wp\/v2\/media?parent=44275"}],"wp:term":[{"taxonomy":"product_brand","embeddable":true,"href":"https:\/\/arena-ticket.com\/en\/wp-json\/wp\/v2\/product_brand?post=44275"},{"taxonomy":"product_cat","embeddable":true,"href":"https:\/\/arena-ticket.com\/en\/wp-json\/wp\/v2\/product_cat?post=44275"},{"taxonomy":"product_tag","embeddable":true,"href":"https:\/\/arena-ticket.com\/en\/wp-json\/wp\/v2\/product_tag?post=44275"}],"curies":[{"name":"wp","href":"https:\/\/api.w.org\/{rel}","templated":true}]}}