{"id":44355,"date":"2025-07-08T09:37:33","date_gmt":"2025-07-08T07:37:33","guid":{"rendered":"https:\/\/arena-ticket.com\/?p=44355&#038;post_type=product&#038;preview_id=44355"},"modified":"2026-02-23T12:51:15","modified_gmt":"2026-02-23T11:51:15","slug":"dj-bobo-the-great-adventure-berlin-uber-arena-13-06-2026-2000-uhr","status":"publish","type":"product","link":"https:\/\/arena-ticket.com\/en\/product\/dj-bobo-the-great-adventure-berlin-uber-arena-13-06-2026-2000-uhr\/","title":{"rendered":"DJ BoBo  - THE GREAT ADVENTURE"},"content":{"rendered":"<p>DJ BoBo \u2013 THE GREAT ADVENTURE<br \/>\nDie Arena-Tour 2026<\/p>\n<p>Mit \u201eThe Great Adventure\u201c startet DJ BoBo in seine neue Dimension der Live-Unterhaltung.<\/p>\n<p>Zwei Jahre Planung voller Herzblut, Kreativit\u00e4t und Vision:<\/p>\n<p>Atemberaubende Kost\u00fcme und ein spektakul\u00e4res B\u00fchnenbild sind das Ergebnis einer langen Reise hinter den Kulissen.<\/p>\n<p>Neue Songs und alle DJ BoBo-Hits, performt von seiner Band, gro\u00dfartigen S\u00e4nger:innen und \u00fcber 20 T\u00e4nzer:innen \/ Artist:innen.<\/p>\n<p>Freu dich auf die ganz gro\u00dfe Show!<\/p>","protected":false},"excerpt":{"rendered":"<p>DJ BoBo geht auf musikalische Abenteuerreise und l\u00e4dt 2026 zur \"The Great Adventure\"-Tour!<\/p>","protected":false},"featured_media":52309,"template":"","meta":{"_acf_changed":false,"inline_featured_image":false},"product_brand":[],"product_cat":[31,315,6738,69,35,517,58],"product_tag":[1332,1117,4205,941,942,944,5997,3638,948],"class_list":{"0":"post-44355","1":"product","2":"type-product","3":"status-publish","4":"has-post-thumbnail","6":"product_cat-events","7":"product_cat-berlin","8":"product_cat-dance","9":"product_cat-konzert","10":"product_cat-orte","11":"product_cat-uber-arena","12":"product_cat-veranstaltung","13":"product_tag-berlin","14":"product_tag-dance","15":"product_tag-dj-bobo","16":"product_tag-events","17":"product_tag-konzert","18":"product_tag-orte","19":"product_tag-the-great-adventure","20":"product_tag-uber-arena","21":"product_tag-veranstaltung","22":"product_shipping_class-nur_paketversand","23":"pa_discount-normalpreis","24":"pa_preiskategorie-pk-i","25":"pa_preiskategorie-pk-ii","26":"pa_preiskategorie-pk-iii","27":"pa_preiskategorie-pk-iv","28":"pa_preiskategorie-pk-v","30":"first","31":"instock","32":"taxable","33":"shipping-taxable","34":"purchasable","35":"product-type-variable","36":"has-default-attributes"},"group_of_quantity":0,"min_quantity":0,"max_quantity":"","exclude_order_quantity_value_rules":"no","exclude_category_quantity_rules":"no","combine_variations":"no","acf":[],"_links":{"self":[{"href":"https:\/\/arena-ticket.com\/en\/wp-json\/wp\/v2\/product\/44355","targetHints":{"allow":["GET"]}}],"collection":[{"href":"https:\/\/arena-ticket.com\/en\/wp-json\/wp\/v2\/product"}],"about":[{"href":"https:\/\/arena-ticket.com\/en\/wp-json\/wp\/v2\/types\/product"}],"wp:featuredmedia":[{"embeddable":true,"href":"https:\/\/arena-ticket.com\/en\/wp-json\/wp\/v2\/media\/52309"}],"wp:attachment":[{"href":"https:\/\/arena-ticket.com\/en\/wp-json\/wp\/v2\/media?parent=44355"}],"wp:term":[{"taxonomy":"product_brand","embeddable":true,"href":"https:\/\/arena-ticket.com\/en\/wp-json\/wp\/v2\/product_brand?post=44355"},{"taxonomy":"product_cat","embeddable":true,"href":"https:\/\/arena-ticket.com\/en\/wp-json\/wp\/v2\/product_cat?post=44355"},{"taxonomy":"product_tag","embeddable":true,"href":"https:\/\/arena-ticket.com\/en\/wp-json\/wp\/v2\/product_tag?post=44355"}],"curies":[{"name":"wp","href":"https:\/\/api.w.org\/{rel}","templated":true}]}}