{"id":44368,"date":"2025-07-08T11:04:32","date_gmt":"2025-07-08T09:04:32","guid":{"rendered":"https:\/\/arena-ticket.com\/?p=44368&#038;post_type=product&#038;preview_id=44368"},"modified":"2026-01-20T15:27:58","modified_gmt":"2026-01-20T14:27:58","slug":"tutty-tran-wok-life-balance-berlin-uber-arena-06-06-2026-2000-uhr","status":"publish","type":"product","link":"https:\/\/arena-ticket.com\/en\/product\/tutty-tran-wok-life-balance-berlin-uber-arena-06-06-2026-2000-uhr\/","title":{"rendered":"TUTTY TRAN - Wok-Life-Balance"},"content":{"rendered":"<p>Nach der Erfolgstournee \u201eHAI DAI MAU\u201c, mit der Tutty Tran bereits mehr als 100.000 Menschen in ausverkauften H\u00e4usern zum Lachen gebracht hat, legt der beliebte Comedian mit einem neuen Programm nach und pr\u00e4sentiert: \u201eWok-Life-Balance\u201c<br \/>\nTutty Trans Geschichten \u00fcber seinen vietnamesischen Vater samt liebenswertem Akzent sind l\u00e4ngst legend\u00e4r. Spr\u00fcche wie \u201eKein Flei?\u201c oder \u201eHAI DAI MAU\u201c fluten die sozialen Netzwerke und haben auch dar\u00fcber hinaus Kultstatus erreicht. Nun setzt \u201eDeutschlands bekanntester Reisb\u00fcrger\u201c noch einen drauf: Schonungslos direkt nimmt der Meister der Culture-Clash-Comedy in seinem neuem Programm Klischees treffsicher aufs Korn \u2013 ob sich selbst, die deutsch-vietnamesische Kultur oder seine Freunde mit und ohne Migrationshintergrund: Niemand ist vor ihm sicher. Selbst seine s\u00e4chsische Freundin nicht. Das ist gelebte Comedy-Inklusion!<\/p>\n<p>Humor ist f\u00fcr Tutty Tran die perfekte Methode, der gro\u00dfen und kleinen Herausforderungen des Alltags Herr*in zu werden: \u201eF\u00fcr mich ist ein erf\u00fclltes und entspanntes Leben eine Mischung aus verschiedenen Zutaten. Und wie beim Wok-Schwenken ist es gar nicht so einfach, die richtige Balance zu finden\u201c, erkl\u00e4rt er. \u201eIch will dem gef\u00fchlten Wahnsinn des Lebens mit einem breiten Grinsen begegnen. Und im besten Fall kann ich mein Publikum inspirieren, es auch so zu machen. Ganz nach dem Motto: \u201aWer sich selbst nicht zu ernst nimmt, hat mehr zu lachen!\u2018\u201c<\/p>\n<p>\u201cWok-Life-Balance\u201d: Comedy for (almost) the whole family \u2013 with friendly recommendation from 16, because some of the punchlines are simply too deep to be suitable for young people!<\/p>","protected":false},"excerpt":{"rendered":"<p>Nach der Erfolgstournee \u201eHAI DAI MAU\u201c, mit der Tutty Tran mehr als 100.000 Menschen in ausverkauften H\u00e4usern zum Lachen brachte, legt der Comedian jetzt nach und pr\u00e4sentiert: \u201eWok-Life-Balance\u201c.<\/p>","protected":false},"featured_media":52311,"template":"","meta":{"_acf_changed":false,"inline_featured_image":false},"product_brand":[],"product_cat":[315,6725,31,95,35,21,517,58],"product_tag":[1332,954,941,6774,944,947,2908,3638,948,5998],"class_list":{"0":"post-44368","1":"product","2":"type-product","3":"status-publish","4":"has-post-thumbnail","6":"product_cat-berlin","7":"product_cat-comedy","8":"product_cat-events","9":"product_cat-humor","10":"product_cat-orte","11":"product_cat-ticket","12":"product_cat-uber-arena","13":"product_cat-veranstaltung","14":"product_tag-berlin","15":"product_tag-comedy","16":"product_tag-events","17":"product_tag-humor","18":"product_tag-orte","19":"product_tag-ticket","20":"product_tag-tutty-tran","21":"product_tag-uber-arena","22":"product_tag-veranstaltung","23":"product_tag-wok-life-balance","24":"product_shipping_class-abholung_paketversand","25":"pa_discount-inklusive-begleitperson","26":"pa_discount-kind","27":"pa_discount-normalpreis","28":"pa_preiskategorie-ggv-up","29":"pa_preiskategorie-pgv-up","30":"pa_preiskategorie-pk-i","31":"pa_preiskategorie-pk-ii","32":"pa_preiskategorie-pk-iii","33":"pa_preiskategorie-rollstuhlfahrer","34":"pa_preiskategorie-schwerbeschaedigt","36":"first","37":"instock","38":"taxable","39":"shipping-taxable","40":"purchasable","41":"product-type-variable"},"group_of_quantity":0,"min_quantity":0,"max_quantity":"","exclude_order_quantity_value_rules":"no","exclude_category_quantity_rules":"no","combine_variations":"no","acf":[],"_links":{"self":[{"href":"https:\/\/arena-ticket.com\/en\/wp-json\/wp\/v2\/product\/44368","targetHints":{"allow":["GET"]}}],"collection":[{"href":"https:\/\/arena-ticket.com\/en\/wp-json\/wp\/v2\/product"}],"about":[{"href":"https:\/\/arena-ticket.com\/en\/wp-json\/wp\/v2\/types\/product"}],"wp:featuredmedia":[{"embeddable":true,"href":"https:\/\/arena-ticket.com\/en\/wp-json\/wp\/v2\/media\/52311"}],"wp:attachment":[{"href":"https:\/\/arena-ticket.com\/en\/wp-json\/wp\/v2\/media?parent=44368"}],"wp:term":[{"taxonomy":"product_brand","embeddable":true,"href":"https:\/\/arena-ticket.com\/en\/wp-json\/wp\/v2\/product_brand?post=44368"},{"taxonomy":"product_cat","embeddable":true,"href":"https:\/\/arena-ticket.com\/en\/wp-json\/wp\/v2\/product_cat?post=44368"},{"taxonomy":"product_tag","embeddable":true,"href":"https:\/\/arena-ticket.com\/en\/wp-json\/wp\/v2\/product_tag?post=44368"}],"curies":[{"name":"wp","href":"https:\/\/api.w.org\/{rel}","templated":true}]}}