{"id":44376,"date":"2025-07-08T12:24:41","date_gmt":"2025-07-08T10:24:41","guid":{"rendered":"https:\/\/arena-ticket.com\/?p=44376&#038;post_type=product&#038;preview_id=44376"},"modified":"2025-10-20T16:07:56","modified_gmt":"2025-10-20T14:07:56","slug":"schiller-euphoria-in-surround-arena-tour-2026-berlin-uber-arena-16-05-2026-2000-uhr","status":"publish","type":"product","link":"https:\/\/arena-ticket.com\/en\/product\/schiller-euphoria-in-surround-arena-tour-2026-berlin-uber-arena-16-05-2026-2000-uhr\/","title":{"rendered":"SCHILLER  - EUPHORIA - In Surround - Arena Tour 2026"},"content":{"rendered":"<p>Nach umjubelten Open Airs und mitrei\u00dfenden Clubshows kehrt Elektronik-Romantiker SCHILLER im Mai 2026 endlich zur\u00fcck in die sch\u00f6nsten Arenen Deutschlands. Die \"EUPHORIA\u201c - Tour wird uns in sattem Surround-Sound mit einem exakt auf die Musik abgestimmten Lichtkonzept in ein immersives Show-Erlebnis entf\u00fchren. Mit einem Line-Up internationaler Top-Musiker wird Christopher von Deylen alias SCHILLER euphorische Klangwelten kreieren und erneut beweisen, wie facettenreich und energiegeladen elektronische Livemusik ist.<\/p>\n<p>Die \u201eEUPHORIA\u201d Tour nimmt uns mit auf eine Reise durch SCHILLER\u2019s spektakul\u00e4ren Klangkosmos und begeistert mit epischen Klassikern sowie brandneuen Werken des gleichnamigen Albums (V\u00d6: Herbst 2025).<\/p>\n<p>Ob treuer Fan oder Neuentdecker: Die intensive Verschmelzung aus elektronischen Soundscapes, hypnotischen Beats und akustischen Instrumenten verspricht Emotionen pur. Umh\u00fcllt von atmosph\u00e4rischer Lichtpoesie und SCHILLER\u2019s preisgekr\u00f6ntem Surround-Sound schwebt das Publikum in einem Meer aus Klang und Euphorie. SCHILLER: \u201eNach atmosph\u00e4rischen Konzerten unter dem Sternenhimmel freue ich mich auf unvergessliche Energie-Momente mit einem phantastischen Publikum in den gr\u00f6\u00dften Arenen Deutschlands. Die Reise geht weiter.\u201d<\/p>","protected":false},"excerpt":{"rendered":"<p>Nach umjubelten Open Airs und mitrei\u00dfenden Clubshows kehrt Elektronik-Romantiker SCHILLER im Mai 2026 endlich zur\u00fcck in die sch\u00f6nsten Arenen Deutschlands. <\/p>","protected":false},"featured_media":52315,"template":"","meta":{"_acf_changed":false,"inline_featured_image":false},"product_brand":[],"product_cat":[31,315,6747,69,35,517,58],"product_tag":[1332,5999,941,942,944,1600,3638,948],"class_list":{"0":"post-44376","1":"product","2":"type-product","3":"status-publish","4":"has-post-thumbnail","6":"product_cat-events","7":"product_cat-berlin","8":"product_cat-electronic","9":"product_cat-konzert","10":"product_cat-orte","11":"product_cat-uber-arena","12":"product_cat-veranstaltung","13":"product_tag-berlin","14":"product_tag-euphoria-in-surround-arena-tour-2026","15":"product_tag-events","16":"product_tag-konzert","17":"product_tag-orte","18":"product_tag-schiller","19":"product_tag-uber-arena","20":"product_tag-veranstaltung","21":"product_shipping_class-nur_paketversand","22":"pa_discount-normalpreis","23":"pa_preiskategorie-pk-i","24":"pa_preiskategorie-pk-ii","25":"pa_preiskategorie-pk-iii","26":"pa_preiskategorie-pk-iv","27":"pa_preiskategorie-pk-v","29":"first","30":"instock","31":"taxable","32":"shipping-taxable","33":"purchasable","34":"product-type-variable","35":"has-default-attributes"},"group_of_quantity":0,"min_quantity":0,"max_quantity":"","exclude_order_quantity_value_rules":"no","exclude_category_quantity_rules":"no","combine_variations":"no","acf":[],"_links":{"self":[{"href":"https:\/\/arena-ticket.com\/en\/wp-json\/wp\/v2\/product\/44376","targetHints":{"allow":["GET"]}}],"collection":[{"href":"https:\/\/arena-ticket.com\/en\/wp-json\/wp\/v2\/product"}],"about":[{"href":"https:\/\/arena-ticket.com\/en\/wp-json\/wp\/v2\/types\/product"}],"wp:featuredmedia":[{"embeddable":true,"href":"https:\/\/arena-ticket.com\/en\/wp-json\/wp\/v2\/media\/52315"}],"wp:attachment":[{"href":"https:\/\/arena-ticket.com\/en\/wp-json\/wp\/v2\/media?parent=44376"}],"wp:term":[{"taxonomy":"product_brand","embeddable":true,"href":"https:\/\/arena-ticket.com\/en\/wp-json\/wp\/v2\/product_brand?post=44376"},{"taxonomy":"product_cat","embeddable":true,"href":"https:\/\/arena-ticket.com\/en\/wp-json\/wp\/v2\/product_cat?post=44376"},{"taxonomy":"product_tag","embeddable":true,"href":"https:\/\/arena-ticket.com\/en\/wp-json\/wp\/v2\/product_tag?post=44376"}],"curies":[{"name":"wp","href":"https:\/\/api.w.org\/{rel}","templated":true}]}}