{"id":44382,"date":"2025-07-08T12:45:30","date_gmt":"2025-07-08T10:45:30","guid":{"rendered":"https:\/\/arena-ticket.com\/?p=44382&#038;post_type=product&#038;preview_id=44382"},"modified":"2026-02-23T12:46:40","modified_gmt":"2026-02-23T11:46:40","slug":"michael-patrick-kelly-tour-2026-berlin-uber-arena-08-05-2026-2000-uhr","status":"publish","type":"product","link":"https:\/\/arena-ticket.com\/en\/product\/michael-patrick-kelly-tour-2026-berlin-uber-arena-08-05-2026-2000-uhr\/","title":{"rendered":"Michael Patrick Kelly  - Tour 2026"},"content":{"rendered":"<p>Erste Singleauskopplung \u201eThe One\u201c \u2013 Vorbote auf das neue Album<\/p>\n<p>Mit einer neuen Live-Show und frisch kreierter Musik geht der US-irische Singer-Songwriter Michael Patrick Kelly nach l\u00e4ngerer Pause 2026 wieder auf Tour: durch 14 St\u00e4dte in Deutschland, \u00d6sterreich, der Schweiz und Polen.<\/p>\n<p>Jetzt ver\u00f6ffentlichte der Multiinstrumentalist mit der unverkennbaren 4-Oktaven-Stimme mit seiner ersten Singleauskopplung \u201eThe One\u201c einen musikalischen Vorboten auf sein sechstes Studioalbum \u201eTraces\u201c. \u201eThe One\u201c trifft wie ein Versprechen die Sehnsucht der Menschen nach Stabilit\u00e4t und Best\u00e4ndigkeit in einer Welt, die sich st\u00e4ndig ver\u00e4ndert. Michael Patrick Kelly hat mit dieser Single einen Blick auf das Thema Beziehung gew\u00e4hlt, der sich von den meisten Love-Songs unterscheidet.<\/p>\n<p>Der Titel des neuen Albums \u201eTraces\u201c hat Symbolkraft. L\u00e4ngst ist Michael Patrick Kelly mehr als ein Suchender, der sich mit Werte- und Sinnfragen in der Kunst besch\u00e4ftigt. Vielmehr hat er gewaltige Spuren in der europ\u00e4ischen Musikgeschichte hinterlassen. Auf mehrere Welthits aus seiner Feder und \u00fcber 20 Millionen verkaufte Tontr\u00e4ger folgten mit seinem letzten Album \u201cB-O-A-T-S\u201c (2021) die erfolgreichsten Jahre seiner Solokarriere. Das Album entpuppte sich als wahre Hitsammlung (f\u00fcnf Top-5-Radiohits, international mehrfach #1, Gold und Platin in mehreren L\u00e4ndern, 250+ Millionen Streams). Europaweit hat er allein bei seiner letzten Konzerttournee Shows der Reihe nach ausverkauft und dabei \u00fcber eine halbe Million Menschen erreicht.<\/p>\n<p>Auch im Radio und im TV (aktuell \u201eSing meinen Song\u201c) ist Michael Patrick Kelly mit seinen Liedern und seiner pers\u00f6nlichen Strahlkraft ein Publikumsliebling. Sein umfangreiches Hit-Repertoire f\u00fcllt m\u00fchelos zweieinhalb Stunden fulminante Live-Atmosph\u00e4re, mit Balladen, Pop- und Rocksongs. Es sind wahre, pers\u00f6nliche und hoffnungsvolle Geschichten, die ihn zum Songschreiben inspirieren. Gerade deshalb schafft es Michael Patrick Kelly, generations\u00fcbergreifend Menschen tief zu ber\u00fchren. Auch bei seiner Traces Tournee 2026 sind unvergessliche Konzertabende zu erwarten, bei denen das Publikum seinen Emotionen freien Lauf lassen und neue Kraft tanken kann.<\/p>","protected":false},"excerpt":{"rendered":"<p>Michael Patrick Kelly 2026 auf gro\u00dfer \"Traces\"-Tour!<\/p>","protected":false},"featured_media":52321,"template":"","meta":{"_acf_changed":false,"inline_featured_image":false},"product_brand":[],"product_cat":[31,315,69,35,6746,517,58],"product_tag":[1332,941,942,4187,944,6814,4188,3638,948],"class_list":{"0":"post-44382","1":"product","2":"type-product","3":"status-publish","4":"has-post-thumbnail","6":"product_cat-events","7":"product_cat-berlin","8":"product_cat-konzert","9":"product_cat-orte","10":"product_cat-singer-songwriter","11":"product_cat-uber-arena","12":"product_cat-veranstaltung","13":"product_tag-berlin","14":"product_tag-events","15":"product_tag-konzert","16":"product_tag-michael-patrick-kelly","17":"product_tag-orte","18":"product_tag-singer-songwriter","19":"product_tag-tour-2026","20":"product_tag-uber-arena","21":"product_tag-veranstaltung","22":"product_shipping_class-nur_paketversand","23":"pa_discount-kind","24":"pa_discount-normalpreis","25":"pa_preiskategorie-pk-i","26":"pa_preiskategorie-pk-ii","27":"pa_preiskategorie-pk-iii","28":"pa_preiskategorie-pk-iv","29":"pa_preiskategorie-pk-v","31":"first","32":"instock","33":"taxable","34":"shipping-taxable","35":"purchasable","36":"product-type-variable","37":"has-default-attributes"},"group_of_quantity":0,"min_quantity":0,"max_quantity":"","exclude_order_quantity_value_rules":"no","exclude_category_quantity_rules":"no","combine_variations":"no","acf":[],"_links":{"self":[{"href":"https:\/\/arena-ticket.com\/en\/wp-json\/wp\/v2\/product\/44382","targetHints":{"allow":["GET"]}}],"collection":[{"href":"https:\/\/arena-ticket.com\/en\/wp-json\/wp\/v2\/product"}],"about":[{"href":"https:\/\/arena-ticket.com\/en\/wp-json\/wp\/v2\/types\/product"}],"wp:featuredmedia":[{"embeddable":true,"href":"https:\/\/arena-ticket.com\/en\/wp-json\/wp\/v2\/media\/52321"}],"wp:attachment":[{"href":"https:\/\/arena-ticket.com\/en\/wp-json\/wp\/v2\/media?parent=44382"}],"wp:term":[{"taxonomy":"product_brand","embeddable":true,"href":"https:\/\/arena-ticket.com\/en\/wp-json\/wp\/v2\/product_brand?post=44382"},{"taxonomy":"product_cat","embeddable":true,"href":"https:\/\/arena-ticket.com\/en\/wp-json\/wp\/v2\/product_cat?post=44382"},{"taxonomy":"product_tag","embeddable":true,"href":"https:\/\/arena-ticket.com\/en\/wp-json\/wp\/v2\/product_tag?post=44382"}],"curies":[{"name":"wp","href":"https:\/\/api.w.org\/{rel}","templated":true}]}}