{"id":44393,"date":"2025-07-08T14:03:57","date_gmt":"2025-07-08T12:03:57","guid":{"rendered":"https:\/\/arena-ticket.com\/?p=44393&#038;post_type=product&#038;preview_id=44393"},"modified":"2026-02-23T12:42:05","modified_gmt":"2026-02-23T11:42:05","slug":"abbamania-the-show-dancing-queen-tour-2026-berlin-uber-arena-18-04-2026-1930-uhr","status":"publish","type":"product","link":"https:\/\/arena-ticket.com\/en\/product\/abbamania-the-show-dancing-queen-tour-2026-berlin-uber-arena-18-04-2026-1930-uhr\/","title":{"rendered":"ABBAMANIA THE SHOW - Dancing Queen - Tour 2026"},"content":{"rendered":"<p>Nach dem spektakul\u00e4ren 20-j\u00e4hrigen B\u00fchnenjubil\u00e4um hat ABBAMANIA THE SHOW auch 2026 wieder einen besonderen Grund zum Feiern: Seit nunmehr 50 Jahren erobert \"Dancing Queen\" die Herzen der ABBA-Fans! Anlass genug f\u00fcr die gr\u00f6\u00dfte ABBA-Tribute-Show der Welt, dieses Jubil\u00e4um geb\u00fchrend zu zelebrieren. Mit einer einzigartigen Hommage an die schwedische Kultband bringt ABBAMANIA THE SHOW die beliebtesten Hits erneut auf die B\u00fchne - ein unvergessliches Erlebnis f\u00fcr alle Generationen. Gemeinsam mit dem Symphonic Rock Orchester und der ABBAMANIA-Band, lassen herausragende S\u00e4ngerinnen und S\u00e4nger die Magie der 70er und 80er-Jahre wieder aufleben. Originalgetreue Kost\u00fcme, mitrei\u00dfende Performances und eine ph\u00e4nomenale Lichtshow sorgen f\u00fcr das perfekte ABBA-Erlebnis und nicht zuletzt das begeisterte, tanzende Publikum macht die Atmosph\u00e4re einzigartig.<\/p>","protected":false},"excerpt":{"rendered":"<p>Get your tickets here now!<\/p>","protected":false},"featured_media":52469,"template":"","meta":{"_acf_changed":false,"inline_featured_image":false},"product_brand":[],"product_cat":[31,315,64,35,6730,517,58],"product_tag":[6000,1332,6001,941,942,6773,944,958,3638,948],"class_list":{"0":"post-44393","1":"product","2":"type-product","3":"status-publish","4":"has-post-thumbnail","6":"product_cat-events","7":"product_cat-berlin","8":"product_cat-musical-show","9":"product_cat-orte","10":"product_cat-show","11":"product_cat-uber-arena","12":"product_cat-veranstaltung","13":"product_tag-abbamania-the-show","14":"product_tag-berlin","15":"product_tag-dancing-queen-tour-2026","16":"product_tag-events","17":"product_tag-konzert","18":"product_tag-musical-show","19":"product_tag-orte","20":"product_tag-show","21":"product_tag-uber-arena","22":"product_tag-veranstaltung","23":"product_shipping_class-nur_paketversand","24":"pa_discount-normalpreis","25":"pa_preiskategorie-pk-i","26":"pa_preiskategorie-pk-ii","27":"pa_preiskategorie-pk-iii","28":"pa_preiskategorie-pk-iv","29":"pa_preiskategorie-pk-v","31":"first","32":"instock","33":"taxable","34":"shipping-taxable","35":"purchasable","36":"product-type-variable","37":"has-default-attributes"},"group_of_quantity":0,"min_quantity":0,"max_quantity":"","exclude_order_quantity_value_rules":"no","exclude_category_quantity_rules":"no","combine_variations":"no","acf":[],"_links":{"self":[{"href":"https:\/\/arena-ticket.com\/en\/wp-json\/wp\/v2\/product\/44393","targetHints":{"allow":["GET"]}}],"collection":[{"href":"https:\/\/arena-ticket.com\/en\/wp-json\/wp\/v2\/product"}],"about":[{"href":"https:\/\/arena-ticket.com\/en\/wp-json\/wp\/v2\/types\/product"}],"wp:featuredmedia":[{"embeddable":true,"href":"https:\/\/arena-ticket.com\/en\/wp-json\/wp\/v2\/media\/52469"}],"wp:attachment":[{"href":"https:\/\/arena-ticket.com\/en\/wp-json\/wp\/v2\/media?parent=44393"}],"wp:term":[{"taxonomy":"product_brand","embeddable":true,"href":"https:\/\/arena-ticket.com\/en\/wp-json\/wp\/v2\/product_brand?post=44393"},{"taxonomy":"product_cat","embeddable":true,"href":"https:\/\/arena-ticket.com\/en\/wp-json\/wp\/v2\/product_cat?post=44393"},{"taxonomy":"product_tag","embeddable":true,"href":"https:\/\/arena-ticket.com\/en\/wp-json\/wp\/v2\/product_tag?post=44393"}],"curies":[{"name":"wp","href":"https:\/\/api.w.org\/{rel}","templated":true}]}}