{"id":44402,"date":"2025-07-08T14:26:11","date_gmt":"2025-07-08T12:26:11","guid":{"rendered":"https:\/\/arena-ticket.com\/?p=44402&#038;post_type=product&#038;preview_id=44402"},"modified":"2026-01-22T15:17:27","modified_gmt":"2026-01-22T14:17:27","slug":"howard-carpendale-meine-abschiedstournee-lets-do-it-again-again-live-2026-berlin-uber-arena-16-04-2026-2000-uhr","status":"publish","type":"product","link":"https:\/\/arena-ticket.com\/en\/product\/howard-carpendale-meine-abschiedstournee-lets-do-it-again-again-live-2026-berlin-uber-arena-16-04-2026-2000-uhr\/","title":{"rendered":"HOWARD CARPENDALE  - MEINE ABSCHIEDSTOURNEE - LET'S DO IT AGAIN, AGAIN! - Live 2026"},"content":{"rendered":"<p>Meine Abschiedstournee 2026<br \/>\nHoward Carpendale<br \/>\n\u201eLet\u00b4s do it again, again!\u201c<\/p>\n<p>Es wird eines der gro\u00dfen Konzerthighlights 2026 \u2013 Howard Carpendale auf seiner letzten gro\u00dfen Hallentournee durch Deutschland, \u00d6sterreich und der Schweiz. Ein w\u00fcrdiger Abschied, der Geschichte schreiben wird: Howard Carpendale feiert 2026 seinen 80. Geburtstag mit seiner letzten gro\u00dfen Tournee. Diese Abschiedstournee wird nicht nur eines der musikalischen Highlights in dem Jahr, sondern f\u00e4llt auch auf einen bedeutenden Meilenstein im Leben des Ausnahmek\u00fcnstlers \u2013 Howard Carpendale feiert 2026 seinen 80. Geburtstag und blickt gleichzeitig auf 60 unglaubliche Jahre auf den B\u00fchnen dieser Welt zur\u00fcck. Mit unvergesslichen Hits wie \u201eHello Again\u201c, \u201eTi Amo\u201c und \u201eNachts, wenn alles schl\u00e4ft\u201c hat Howard Carpendale Generationen von Fans begeistert. Jetzt, bei seinem letzten gro\u00dfen B\u00fchnenabschied, gibt es die einmalige Chance, diesen einzigartigen Entertainer noch einmal live zu erleben. Diese einmalige Gelegenheit, Howard Carpendale ein letztes Mal so live zu erleben, wird es in dieser Form nie wieder geben.<\/p>","protected":false},"excerpt":{"rendered":"<p>Ein w\u00fcrdiger Abschied, der Geschichte schreiben wird: Howard Carpendale feiert 2026 seinen 80. Geburtstag mit seiner letzten gro\u00dfen Tournee.<\/p>","protected":false},"featured_media":55736,"template":"","meta":{"_acf_changed":false,"inline_featured_image":false},"product_brand":[],"product_cat":[31,315,69,35,6734,517,58],"product_tag":[6004,1332,941,3909,942,6003,6002,944,2568,3638,948],"class_list":{"0":"post-44402","1":"product","2":"type-product","3":"status-publish","4":"has-post-thumbnail","6":"product_cat-events","7":"product_cat-berlin","8":"product_cat-konzert","9":"product_cat-orte","10":"product_cat-schlager","11":"product_cat-uber-arena","12":"product_cat-veranstaltung","13":"product_tag-again-live-2026","14":"product_tag-berlin","15":"product_tag-events","16":"product_tag-howard-carpendale","17":"product_tag-konzert","18":"product_tag-meine-abschiedstournee-lets-do-it-again","19":"product_tag-meine-abschiedstournee-lets-do-it-again-again-live-2026","20":"product_tag-orte","21":"product_tag-schlager","22":"product_tag-uber-arena","23":"product_tag-veranstaltung","24":"product_shipping_class-nur_paketversand","25":"pa_discount-normalpreis","26":"pa_preiskategorie-pk-i","27":"pa_preiskategorie-pk-ii","28":"pa_preiskategorie-pk-iii","29":"pa_preiskategorie-pk-iv","30":"pa_preiskategorie-pk-v","32":"first","33":"instock","34":"taxable","35":"shipping-taxable","36":"purchasable","37":"product-type-variable","38":"has-default-attributes"},"group_of_quantity":0,"min_quantity":0,"max_quantity":"","exclude_order_quantity_value_rules":"no","exclude_category_quantity_rules":"no","combine_variations":"no","acf":[],"_links":{"self":[{"href":"https:\/\/arena-ticket.com\/en\/wp-json\/wp\/v2\/product\/44402","targetHints":{"allow":["GET"]}}],"collection":[{"href":"https:\/\/arena-ticket.com\/en\/wp-json\/wp\/v2\/product"}],"about":[{"href":"https:\/\/arena-ticket.com\/en\/wp-json\/wp\/v2\/types\/product"}],"wp:featuredmedia":[{"embeddable":true,"href":"https:\/\/arena-ticket.com\/en\/wp-json\/wp\/v2\/media\/55736"}],"wp:attachment":[{"href":"https:\/\/arena-ticket.com\/en\/wp-json\/wp\/v2\/media?parent=44402"}],"wp:term":[{"taxonomy":"product_brand","embeddable":true,"href":"https:\/\/arena-ticket.com\/en\/wp-json\/wp\/v2\/product_brand?post=44402"},{"taxonomy":"product_cat","embeddable":true,"href":"https:\/\/arena-ticket.com\/en\/wp-json\/wp\/v2\/product_cat?post=44402"},{"taxonomy":"product_tag","embeddable":true,"href":"https:\/\/arena-ticket.com\/en\/wp-json\/wp\/v2\/product_tag?post=44402"}],"curies":[{"name":"wp","href":"https:\/\/api.w.org\/{rel}","templated":true}]}}