{"id":44471,"date":"2025-07-10T12:06:50","date_gmt":"2025-07-10T10:06:50","guid":{"rendered":"https:\/\/arena-ticket.com\/?p=44471&#038;post_type=product&#038;preview_id=44471"},"modified":"2025-12-02T14:59:36","modified_gmt":"2025-12-02T13:59:36","slug":"kerstin-ott-fuer-immer-fuer-euch-live-mit-band-live-2026-berlin-uber-arena-03-12-2025-2000-uhr","status":"publish","type":"product","link":"https:\/\/arena-ticket.com\/en\/product\/kerstin-ott-fuer-immer-fuer-euch-live-mit-band-live-2026-berlin-uber-arena-03-12-2025-2000-uhr\/","title":{"rendered":"Kerstin Ott  - F\u00fcr immer f\u00fcr euch - Live mit Band- Live 2026"},"content":{"rendered":"<p>Kerstin Ott, eine der erfolgreichsten und authentischsten Stimmen der deutschen Musikszene, geht mit ihrem f\u00fcnften Studioalbum \"F\u00fcr immer f\u00fcr dich\" auf gro\u00dfe Tournee. Unter dem Motto \"F\u00fcr immer f\u00fcr euch\" wird die beliebte K\u00fcnstlerin 26 St\u00e4dte in Deutschland, \u00d6sterreich und der Schweiz besuchen und ihre Fans mit einer Mischung aus neuen Songs und bekannten Hits begeistern.<\/p>\n<p>For eight years, Kerstin Ott has enriched the German music scene with her unique voice and her feeling for touching stories. Her new album &quot;F\u00fcr immer f\u00fcr dich&quot; reflects this versatility and promises a multifaceted live show: The title song &quot;F\u00fcr immer f\u00fcr dich&quot; combines Kerstin&#039;s soulful, acoustic side with danceable club beats for the first time. Songs like &quot;Alte Liebe rostet nie&quot; and &quot;Bye Bye&quot; take up the nostalgic sound of Kerstin&#039;s youth. Thoughtful tones can be found in songs like &quot;Das letzte Hemd hat keine Taschen&quot; and &quot;Und ich lieg wach&quot;. Kerstin Ott stands for authenticity and down-to-earthness. Her lyrics make you think and address topics that move many people. The artist not only shares her music on stage, but also her thoughts and experiences: She gives personal insights into her lifestyle, such as quitting smoking and switching to a vegan diet. She shows her reflections on social issues and how to deal with other people and encourages people to pursue their own dreams and tackle changes.<\/p>\n<p>With almost 1.5 million records sold, gold and platinum awards for all her albums and successful tours through the largest venues in Austria, Switzerland and Germany, Kerstin Ott has sung her way into the hearts of her fans. The &quot;Forever for you&quot; tour promises to continue this success story. Kerstin Ott will present her new album live in large venues in 26 cities and offer a varied program of new songs and popular classics. The evening will be rounded off by a high-quality stage show that will showcase Kerstin&#039;s music to its full potential.<\/p>\n<p>Kerstin Ott&#039;s &quot;Forever for you&quot; tour promises to be more than just an ordinary concert. It is an invitation to laugh, dance, reflect and celebrate life in all its facets together. Fans can look forward to unforgettable evenings where Kerstin Ott will once again prove why she is one of the most popular and successful artists in Germany.<\/p>","protected":false},"excerpt":{"rendered":"<p>Secure your tickets!<\/p>","protected":false},"featured_media":53958,"template":"","meta":{"_acf_changed":false,"inline_featured_image":false},"product_brand":[],"product_cat":[31,315,69,35,6734,517,58],"product_tag":[1332,941,6006,4085,942,944,3638,948],"class_list":{"0":"post-44471","1":"product","2":"type-product","3":"status-publish","4":"has-post-thumbnail","6":"product_cat-events","7":"product_cat-berlin","8":"product_cat-konzert","9":"product_cat-orte","10":"product_cat-schlager","11":"product_cat-uber-arena","12":"product_cat-veranstaltung","13":"product_tag-berlin","14":"product_tag-events","15":"product_tag-fuer-immer-fuer-euch-live-mit-band-live-2026","16":"product_tag-kerstin-ott","17":"product_tag-konzert","18":"product_tag-orte","19":"product_tag-uber-arena","20":"product_tag-veranstaltung","21":"product_shipping_class-nur_paketversand","22":"pa_discount-normalpreis","23":"pa_preiskategorie-pk-i","24":"pa_preiskategorie-pk-ii","25":"pa_preiskategorie-pk-iii","26":"pa_preiskategorie-pk-iv","27":"pa_preiskategorie-pk-v","28":"pa_preiskategorie-premium-sitzplatz","30":"first","31":"instock","32":"taxable","33":"shipping-taxable","34":"purchasable","35":"product-type-variable","36":"has-default-attributes"},"group_of_quantity":0,"min_quantity":0,"max_quantity":"","exclude_order_quantity_value_rules":"no","exclude_category_quantity_rules":"no","combine_variations":"no","acf":[],"_links":{"self":[{"href":"https:\/\/arena-ticket.com\/en\/wp-json\/wp\/v2\/product\/44471","targetHints":{"allow":["GET"]}}],"collection":[{"href":"https:\/\/arena-ticket.com\/en\/wp-json\/wp\/v2\/product"}],"about":[{"href":"https:\/\/arena-ticket.com\/en\/wp-json\/wp\/v2\/types\/product"}],"wp:featuredmedia":[{"embeddable":true,"href":"https:\/\/arena-ticket.com\/en\/wp-json\/wp\/v2\/media\/53958"}],"wp:attachment":[{"href":"https:\/\/arena-ticket.com\/en\/wp-json\/wp\/v2\/media?parent=44471"}],"wp:term":[{"taxonomy":"product_brand","embeddable":true,"href":"https:\/\/arena-ticket.com\/en\/wp-json\/wp\/v2\/product_brand?post=44471"},{"taxonomy":"product_cat","embeddable":true,"href":"https:\/\/arena-ticket.com\/en\/wp-json\/wp\/v2\/product_cat?post=44471"},{"taxonomy":"product_tag","embeddable":true,"href":"https:\/\/arena-ticket.com\/en\/wp-json\/wp\/v2\/product_tag?post=44471"}],"curies":[{"name":"wp","href":"https:\/\/api.w.org\/{rel}","templated":true}]}}