{"id":44478,"date":"2025-07-10T13:53:53","date_gmt":"2025-07-10T11:53:53","guid":{"rendered":"https:\/\/arena-ticket.com\/?p=44478&#038;post_type=product&#038;preview_id=44478"},"modified":"2025-07-12T14:06:17","modified_gmt":"2025-07-12T12:06:17","slug":"reezy-music-is-my-home-arena-tour-2026-berlin-uber-arena-26-01-2026-2000-uhr","status":"publish","type":"product","link":"https:\/\/arena-ticket.com\/en\/product\/reezy-music-is-my-home-arena-tour-2026-berlin-uber-arena-26-01-2026-2000-uhr\/","title":{"rendered":"reezy  - MUSIC IS MY HOME - ARENA TOUR 2026"},"content":{"rendered":"<p>Raheem Heid, bekannt unter seinem K\u00fcnstlernamen reezy, wurde am 28. Januar 1995 in Frankfurt am Main geboren. Bereits in jungen Jahren entwickelte er eine Leidenschaft f\u00fcr Musik und begann, erste Beats zu produzieren. Sein musikalischer Stil ist gepr\u00e4gt von einer Kombination aus Rap, Gesang und modernen Trap-Elementen. Reezy ist ein Multitalent, das nicht nur rappt, sondern auch als Produzent und S\u00e4nger agiert, als Producer war er unter dem Namen Raheem Supreem bereits f\u00fcr K\u00fcnstler wie RIN oder Bausa t\u00e4tig. Durch seine Selbstst\u00e4ndigkeit und seine F\u00e4higkeit, kreative Soundideen umzusetzen, hat er sich als eine zentrale Figur der deutschen Hip-Hop-Szene etabliert.<\/p>\n<p>Release-History<br \/>\nSein Deb\u00fctalbum \u201eTeenager Forever\u201c brachte ihm breite Anerkennung. Tracks wie \u201eSchei\u00df auf euch alle\u201c und \u201ePhantom\u201c (feat. Summer Cem) zeigten seine Vielseitigkeit. Mit \u201eWei\u00dfwein &amp; Heartbreaks\u201c folgte 2020 ein weiteres Studioalbum, das melodischen Rap mit emotionalen Themen verkn\u00fcpfte. Es platzierte sich erfolgreich in den Charts, konnte in Deutschland in den Top-Ten landen, und enthielt popul\u00e4re Songs wie \u201eSandman\u201c. \u201eLoyalty Over Love\u201c erschien dann 2022 und landete auf Platz #3 der Albumcharts. Dieses Projekt setzte neue musikalische Akzente und wurde von Fans und Kritikern gelobt. 2023 folgte mit \u201eMr. Misunderstood\u201c seine erste #1 in den deutschen Albumcharts.<\/p>\n<p>Singles und Kollaborationen<br \/>\nReezy hat mit zahlreichen deutschen K\u00fcnstlern wie Summer Cem, Luciano und Bausa zusammengearbeitet. Seine Kollaborationen und Gastbeitr\u00e4ge erweiterten seinen Bekanntheitsgrad. Seine Streams auf Plattformen wie Spotify und YouTube haben insgesamt l\u00e4ngst die Milliarden-Marke erreicht, was ihn zu einem der erfolgreichsten deutschen Streaming-K\u00fcnstler macht.<\/p>","protected":false},"excerpt":{"rendered":"<p>Secure your tickets!<\/p>","protected":false},"featured_media":44484,"template":"","meta":{"_acf_changed":false,"inline_featured_image":false},"product_brand":[],"product_cat":[31,315,6737,69,35,517,58],"product_tag":[1332,941,942,6008,944,6007,3638,948],"class_list":{"0":"post-44478","1":"product","2":"type-product","3":"status-publish","4":"has-post-thumbnail","6":"product_cat-events","7":"product_cat-berlin","8":"product_cat-hip-hop-rnb","9":"product_cat-konzert","10":"product_cat-orte","11":"product_cat-uber-arena","12":"product_cat-veranstaltung","13":"product_tag-berlin","14":"product_tag-events","15":"product_tag-konzert","16":"product_tag-music-is-my-home-arena-tour-2026","17":"product_tag-orte","18":"product_tag-reezy","19":"product_tag-uber-arena","20":"product_tag-veranstaltung","21":"product_shipping_class-nur_paketversand","22":"pa_discount-normalpreis","23":"pa_preiskategorie-pk-i","24":"pa_preiskategorie-pk-iii","25":"pa_preiskategorie-pk-iv","26":"pa_preiskategorie-pk-v","27":"pa_preiskategorie-stehplatz","29":"first","30":"instock","31":"taxable","32":"shipping-taxable","33":"purchasable","34":"product-type-variable","35":"has-default-attributes"},"group_of_quantity":0,"min_quantity":0,"max_quantity":"","exclude_order_quantity_value_rules":"no","exclude_category_quantity_rules":"no","combine_variations":"no","acf":[],"_links":{"self":[{"href":"https:\/\/arena-ticket.com\/en\/wp-json\/wp\/v2\/product\/44478","targetHints":{"allow":["GET"]}}],"collection":[{"href":"https:\/\/arena-ticket.com\/en\/wp-json\/wp\/v2\/product"}],"about":[{"href":"https:\/\/arena-ticket.com\/en\/wp-json\/wp\/v2\/types\/product"}],"wp:featuredmedia":[{"embeddable":true,"href":"https:\/\/arena-ticket.com\/en\/wp-json\/wp\/v2\/media\/44484"}],"wp:attachment":[{"href":"https:\/\/arena-ticket.com\/en\/wp-json\/wp\/v2\/media?parent=44478"}],"wp:term":[{"taxonomy":"product_brand","embeddable":true,"href":"https:\/\/arena-ticket.com\/en\/wp-json\/wp\/v2\/product_brand?post=44478"},{"taxonomy":"product_cat","embeddable":true,"href":"https:\/\/arena-ticket.com\/en\/wp-json\/wp\/v2\/product_cat?post=44478"},{"taxonomy":"product_tag","embeddable":true,"href":"https:\/\/arena-ticket.com\/en\/wp-json\/wp\/v2\/product_tag?post=44478"}],"curies":[{"name":"wp","href":"https:\/\/api.w.org\/{rel}","templated":true}]}}