{"id":44557,"date":"2025-07-11T17:13:27","date_gmt":"2025-07-11T15:13:27","guid":{"rendered":"https:\/\/arena-ticket.com\/?p=44557&#038;post_type=product&#038;preview_id=44557"},"modified":"2025-11-24T13:29:52","modified_gmt":"2025-11-24T12:29:52","slug":"90s-super-show-live-on-stage-berlin-uber-arena-21-02-2026-2000-uhr","status":"publish","type":"product","link":"https:\/\/arena-ticket.com\/en\/product\/90s-super-show-live-on-stage-berlin-uber-arena-21-02-2026-2000-uhr\/","title":{"rendered":"90s Super Show  - live on stage"},"content":{"rendered":"<p>ENDLICH ist es soweit - wir d\u00fcrfen Euch verk\u00fcnden: Die Top-Stars der Neunziger kommen wieder in die Hauptstadt!<\/p>\n<p>Erstmals k\u00f6nnt ihr die weltweit gr\u00f6\u00dfte 90er Arena Tour in Berlin erleben!<br \/>\nWir kommen am 21. Februar 2026 in die UBER Arena im Herzen der Hauptstadt! Neben einer gigantischen B\u00fchnenshow mit viel Konfetti, Pyro und Effekten, erwarten euch diese Top-Acts der Neunziger live on stage:<\/p>\n<p>- VENGABOYS<br \/>\n- SNAP!<br \/>\n- CAUGHT IN THE ACT<br \/>\n- LOONA<br \/>\n- OLI.P<br \/>\n- CULTURE BEAT<br \/>\n- CAPTAIN JACK<br \/>\n- REDNEX<br \/>\n- LAYZEE AKA MR. PRESIDENT<br \/>\n- DJ QUICKSILVER<br \/>\n- AQUAGEN<br \/>\n- TOUR DJ: DJ JUDGE<\/p>\n<p>Moderiert wird die gigantische 6-st\u00fcndige Live-Show von: SONYA KRAUS &amp; MOLA ADEBISI<\/p>\n<p>&nbsp;<\/p>\n<p>&nbsp;<\/p>","protected":false},"excerpt":{"rendered":"<p>Secure your tickets!<\/p>","protected":false},"featured_media":55641,"template":"","meta":{"_acf_changed":false,"inline_featured_image":false},"product_brand":[],"product_cat":[31,315,6738,69,35,517,58],"product_tag":[6012,1332,941,942,2768,944,3638,948],"class_list":{"0":"post-44557","1":"product","2":"type-product","3":"status-publish","4":"has-post-thumbnail","6":"product_cat-events","7":"product_cat-berlin","8":"product_cat-dance","9":"product_cat-konzert","10":"product_cat-orte","11":"product_cat-uber-arena","12":"product_cat-veranstaltung","13":"product_tag-90s-super-show","14":"product_tag-berlin","15":"product_tag-events","16":"product_tag-konzert","17":"product_tag-live-on-stage","18":"product_tag-orte","19":"product_tag-uber-arena","20":"product_tag-veranstaltung","21":"product_shipping_class-nur_paketversand","22":"pa_discount-kind","23":"pa_discount-normalpreis","24":"pa_preiskategorie-front-of-stage-stehplatz","25":"pa_preiskategorie-pk-iii","26":"pa_preiskategorie-pk-iv","27":"pa_preiskategorie-stehplatz","29":"first","30":"instock","31":"taxable","32":"shipping-taxable","33":"purchasable","34":"product-type-variable","35":"has-default-attributes"},"group_of_quantity":0,"min_quantity":0,"max_quantity":"","exclude_order_quantity_value_rules":"no","exclude_category_quantity_rules":"no","combine_variations":"no","acf":[],"_links":{"self":[{"href":"https:\/\/arena-ticket.com\/en\/wp-json\/wp\/v2\/product\/44557","targetHints":{"allow":["GET"]}}],"collection":[{"href":"https:\/\/arena-ticket.com\/en\/wp-json\/wp\/v2\/product"}],"about":[{"href":"https:\/\/arena-ticket.com\/en\/wp-json\/wp\/v2\/types\/product"}],"wp:featuredmedia":[{"embeddable":true,"href":"https:\/\/arena-ticket.com\/en\/wp-json\/wp\/v2\/media\/55641"}],"wp:attachment":[{"href":"https:\/\/arena-ticket.com\/en\/wp-json\/wp\/v2\/media?parent=44557"}],"wp:term":[{"taxonomy":"product_brand","embeddable":true,"href":"https:\/\/arena-ticket.com\/en\/wp-json\/wp\/v2\/product_brand?post=44557"},{"taxonomy":"product_cat","embeddable":true,"href":"https:\/\/arena-ticket.com\/en\/wp-json\/wp\/v2\/product_cat?post=44557"},{"taxonomy":"product_tag","embeddable":true,"href":"https:\/\/arena-ticket.com\/en\/wp-json\/wp\/v2\/product_tag?post=44557"}],"curies":[{"name":"wp","href":"https:\/\/api.w.org\/{rel}","templated":true}]}}