{"id":44567,"date":"2025-07-11T17:34:21","date_gmt":"2025-07-11T15:34:21","guid":{"rendered":"https:\/\/arena-ticket.com\/?p=44567&#038;post_type=product&#038;preview_id=44567"},"modified":"2026-02-28T11:47:09","modified_gmt":"2026-02-28T10:47:09","slug":"amigos-daniela-alfinito-leipzig-peterskirche-17-04-2026-1600-uhr","status":"publish","type":"product","link":"https:\/\/arena-ticket.com\/en\/product\/amigos-daniela-alfinito-leipzig-peterskirche-17-04-2026-1600-uhr\/","title":{"rendered":"Amigos  - &amp; Daniela Alfinito"},"content":{"rendered":"<p style=\"font-weight: 400\">Sie sind das erfolgreichste Schlager-Duo Europas und st\u00fcrmen von Charterfolg zu Charterfolg. Unglaubliche 15-mal holten ihre Alben bereits die Nummer 1 in den deutschen Album Charts, die letzten 14 sogar in Folge. Und sie haben noch lange nicht genug. Im Juni 2023 kommt ihr 25.<br \/>\nStudio album &quot;Atlantis will live&quot; is out and the first single &quot;Pharaoh&quot; already gives an idea of where the journey is headed. It almost goes without saying that Die Amigos, Bernd and Karl-Heinz have to present this album together with their well-known hits again on a major tour of Germany! Together with THOMANN K\u00fcnstler Management and their equally successful daughter\/niece Daniela Alfinito, they will go on the &quot;55 Years - The Anniversary Concert&quot; tour in 2025 and will once again show their fans a very special kind of show.<\/p>\n<p style=\"font-weight: 400\">Zwei bodenst\u00e4ndige wie auch sympathische Br\u00fcder, die ihr Leben der Musik verschrieben haben \u2013 Bernd und Karl-Heinz Ulrich sind seit 55 Jahren die Amigos. Als Schlager-Komponisten und echte Live-Musiker stehen sie f\u00fcr Kontinuit\u00e4t und Ehrlichkeit im schnelllebigen Musikgesch\u00e4ft, und sie standen auch in Zeiten zur deutschsprachigen Musik, als diese von vielen verp\u00f6nt war. Viele Fans der \u201eAmigos\u201c sind mit ihren Hits gro\u00df geworden. Viele kennen sie aus ihrer Zeit als junge M\u00e4nner oder Frauen. Auch die \u201eAmigos\u201c Br\u00fcder Bernd und Karl-Heinz Ulrich k\u00f6nnen sich an jene wunderbaren Tage gut erinnern. \u201eDamals spielten wir auf Hochzeiten und Jubil\u00e4en, und zwar an jedem Wochenende nach unserer regul\u00e4ren Arbeit.\u201c<\/p>\n<p style=\"font-weight: 400\">Romantik und tiefe Gef\u00fchle werden bei Chartst\u00fcrmerin Daniela Alfinito gro\u00dfgeschrieben. Ihr wurde die Musik quasi in die Wiege gelegt, denn sie ist die Tochter und Nichte des erfolgreichsten Schlager-Duos Europas, den Amigos. Daniela\u2019s Album \u201eDu warst jede Tr\u00e4ne wert\u201c erreichte 2019 auf Anhieb Platz 1 der deutschen Charts. Sie verdr\u00e4ngte damit unter anderem auch Udo Lindenberg vom Thron. Dass \u201eDu warst jede Tr\u00e4ne wert\u201c keine Eintagsfliege war bewies die S\u00e4ngerin des Jahres 2021 mit ihren Alben \u201eLiebes-Tattoo\u201c, \u201eSplitter aus Gl\u00fcck\u201c, \u201eL\u00f6wenmut\u201c und \u201eFrei und grenzenlos\u201c. Alle vier schossen sofort an die Spitze der Charts in Deutschland, \u00d6sterreich und der Schweiz.<\/p>","protected":false},"excerpt":{"rendered":"<p>Secure your tickets!<\/p>","protected":false},"featured_media":44576,"template":"","meta":{"_acf_changed":false,"inline_featured_image":false},"product_brand":[],"product_cat":[31,69,86,35,476,6734,21,58],"product_tag":[6013,3087,941,942,943,944,964,2568,947,948],"class_list":{"0":"post-44567","1":"product","2":"type-product","3":"status-publish","4":"has-post-thumbnail","6":"product_cat-events","7":"product_cat-konzert","8":"product_cat-leipzig","9":"product_cat-orte","10":"product_cat-peterskirche","11":"product_cat-schlager","12":"product_cat-ticket","13":"product_cat-veranstaltung","14":"product_tag-daniela-alfinito","15":"product_tag-amigos","16":"product_tag-events","17":"product_tag-konzert","18":"product_tag-leipzig","19":"product_tag-orte","20":"product_tag-peterskirche","21":"product_tag-schlager","22":"product_tag-ticket","23":"product_tag-veranstaltung","24":"product_shipping_class-nur_paketversand","25":"pa_discount-kind","26":"pa_discount-normalpreis","27":"pa_preiskategorie-pk-i","28":"pa_preiskategorie-pk-ii","29":"pa_preiskategorie-pk-iii","31":"first","32":"instock","33":"taxable","34":"shipping-taxable","35":"purchasable","36":"product-type-variable"},"group_of_quantity":0,"min_quantity":0,"max_quantity":"","exclude_order_quantity_value_rules":"no","exclude_category_quantity_rules":"no","combine_variations":"no","acf":[],"_links":{"self":[{"href":"https:\/\/arena-ticket.com\/en\/wp-json\/wp\/v2\/product\/44567","targetHints":{"allow":["GET"]}}],"collection":[{"href":"https:\/\/arena-ticket.com\/en\/wp-json\/wp\/v2\/product"}],"about":[{"href":"https:\/\/arena-ticket.com\/en\/wp-json\/wp\/v2\/types\/product"}],"wp:featuredmedia":[{"embeddable":true,"href":"https:\/\/arena-ticket.com\/en\/wp-json\/wp\/v2\/media\/44576"}],"wp:attachment":[{"href":"https:\/\/arena-ticket.com\/en\/wp-json\/wp\/v2\/media?parent=44567"}],"wp:term":[{"taxonomy":"product_brand","embeddable":true,"href":"https:\/\/arena-ticket.com\/en\/wp-json\/wp\/v2\/product_brand?post=44567"},{"taxonomy":"product_cat","embeddable":true,"href":"https:\/\/arena-ticket.com\/en\/wp-json\/wp\/v2\/product_cat?post=44567"},{"taxonomy":"product_tag","embeddable":true,"href":"https:\/\/arena-ticket.com\/en\/wp-json\/wp\/v2\/product_tag?post=44567"}],"curies":[{"name":"wp","href":"https:\/\/api.w.org\/{rel}","templated":true}]}}