{"id":44578,"date":"2025-07-11T17:55:21","date_gmt":"2025-07-11T15:55:21","guid":{"rendered":"https:\/\/arena-ticket.com\/?p=44578&#038;post_type=product&#038;preview_id=44578"},"modified":"2025-07-11T18:05:41","modified_gmt":"2025-07-11T16:05:41","slug":"stern-combo-meissen-60-jahre-und-die-wege-sind-noch-weit-peterskirche-leipzig-23-10-2026-2000-uhr","status":"publish","type":"product","link":"https:\/\/arena-ticket.com\/en\/product\/stern-combo-meissen-60-jahre-und-die-wege-sind-noch-weit-peterskirche-leipzig-23-10-2026-2000-uhr\/","title":{"rendered":"Stern-Combo Meissen  - 60 Jahre - Und die Wege sind noch weit!"},"content":{"rendered":"<p>Urspr\u00fcnglich im Jahr 1964 im s\u00e4chsischen Mei\u00dfen von Martin Schreier und weiteren Musikantengegr\u00fcndet war die STERN-COMBO MEISSEN von Anfang 2024 bis Mitte September 2025 auf ihrer \u00e4u\u00dferst erfolgreichen Jubil\u00e4umstour mit weit \u00fcber 60 Konzerten unter dem Motto \"60 Jahre ... der weite Weg\" live unterwegs. In ausverkauften Locations stellte die Band eindrucksvoll unter Beweis, trotz ihrer hinter sich gebrachten 60 Jahre kein wenig \"angestaubt\" oder gar \"altmodisch\" zu klingen. Ganz im Gegenteil: Als dienst\u00e4lteste Artrock-Legende pr\u00e4sentierte sich die Band taufrisch und voller neuer musikalischer Ideen!<\/p>\n<p>Den dazu passenden R\u00fcckenwind lieferte im September 2024 die Ver\u00f6ffentlichung des Werks \"Die Himmelsscheibe von Nebra\", welches sowohl vom Publikum als auch von zahlreichen Medien mit H\u00f6chstnoten bedacht wurde. Vor allem S\u00e4nger, Keyboarder und Komponist Manuel Schmid trat beidem Werk, welches sich eindrucksvoll mit der Entstehung eines kulturhistorisch bedeutsamen Zeugnisses der Menschheitsgeschichte - n\u00e4mlich dieser Himmelsscheibe - besch\u00e4ftigt, erneut als kreativer Motor der Band in Erscheinung. \"Die Himmelsscheibe von Nebra\" f\u00fcgt sich nahtlos in das bisherige k\u00fcnstlerische Schaffen der STERN-COMBO MEISSEN ein.<\/p>\n<p>Auch 2025\/26 wird die STERN-COMBO MEISSEN wieder auf vielen B\u00fchnen des Landes live von sich h\u00f6ren lassen. Mit neuen Songs ist zu rechnen, aber auch unvergessene Klassiker wie \"Der Kampf um den S\u00fcdpol\", \"Die Sage\", \"Der weite Weg\", \"Stundenschlag\", \"Wir sind die Sonne\", \"Eine Nacht\", \"Nimm die Welt in die Hand\" oder Ausschnitte aus dem konzeptionell angelegten Werk \"Wei\u00dfes Gold\" werden auf dieser Tour nat\u00fcrlich nicht fehlen. \u00dcber 12 ver\u00f6ffentlichte und erfolgreiche Studio-Alben erm\u00f6glichen der Band, aus ihrem reichen Song-Fundus zu sch\u00f6pfen und jedes ihrer Konzerte einzigartig zu machen. F\u00fcr die musikalische Exzellenz sorgen neben Bandgr\u00fcnder, Percussionist und S\u00e4nger Martin Schreier, S\u00e4nger und Keyboarder Manuel Schmid, Drummer Frank Schirmer, Bassist Axel Sch\u00e4fer, Keyboarder Sebastian D\u00fcwelt und Gitarrist Michael Lehrmann auch die \u00fcber Jahre bestens eingespielte Technik-Crew, die gemeinsam den markanten \"STERN\"-Sound pr\u00e4sentieren, den das Publikum erwartet und nach wie vor sch\u00e4tzt. STERN-COMBO MEISSEN - auch 2025\/26 ein unvergessliches Konzerterlebnis!<\/p>","protected":false},"excerpt":{"rendered":"<p>Secure your tickets!<\/p>","protected":false},"featured_media":44580,"template":"","meta":{"_acf_changed":false,"inline_featured_image":false},"product_brand":[],"product_cat":[31,69,86,35,476,6732,21,58],"product_tag":[6014,941,942,943,944,964,5480,947,948],"class_list":{"0":"post-44578","1":"product","2":"type-product","3":"status-publish","4":"has-post-thumbnail","6":"product_cat-events","7":"product_cat-konzert","8":"product_cat-leipzig","9":"product_cat-orte","10":"product_cat-peterskirche","11":"product_cat-rock-hard-rock","12":"product_cat-ticket","13":"product_cat-veranstaltung","14":"product_tag-60-jahre-und-die-wege-sind-noch-weit","15":"product_tag-events","16":"product_tag-konzert","17":"product_tag-leipzig","18":"product_tag-orte","19":"product_tag-peterskirche","20":"product_tag-stern-combo-meissen","21":"product_tag-ticket","22":"product_tag-veranstaltung","23":"product_shipping_class-nur_paketversand","24":"pa_discount-normalpreis","25":"pa_preiskategorie-freie-platzwahl","27":"first","28":"instock","29":"taxable","30":"shipping-taxable","31":"purchasable","32":"product-type-variable"},"group_of_quantity":0,"min_quantity":0,"max_quantity":"","exclude_order_quantity_value_rules":"no","exclude_category_quantity_rules":"no","combine_variations":"no","acf":[],"_links":{"self":[{"href":"https:\/\/arena-ticket.com\/en\/wp-json\/wp\/v2\/product\/44578","targetHints":{"allow":["GET"]}}],"collection":[{"href":"https:\/\/arena-ticket.com\/en\/wp-json\/wp\/v2\/product"}],"about":[{"href":"https:\/\/arena-ticket.com\/en\/wp-json\/wp\/v2\/types\/product"}],"wp:featuredmedia":[{"embeddable":true,"href":"https:\/\/arena-ticket.com\/en\/wp-json\/wp\/v2\/media\/44580"}],"wp:attachment":[{"href":"https:\/\/arena-ticket.com\/en\/wp-json\/wp\/v2\/media?parent=44578"}],"wp:term":[{"taxonomy":"product_brand","embeddable":true,"href":"https:\/\/arena-ticket.com\/en\/wp-json\/wp\/v2\/product_brand?post=44578"},{"taxonomy":"product_cat","embeddable":true,"href":"https:\/\/arena-ticket.com\/en\/wp-json\/wp\/v2\/product_cat?post=44578"},{"taxonomy":"product_tag","embeddable":true,"href":"https:\/\/arena-ticket.com\/en\/wp-json\/wp\/v2\/product_tag?post=44578"}],"curies":[{"name":"wp","href":"https:\/\/api.w.org\/{rel}","templated":true}]}}