{"id":44583,"date":"2025-07-11T18:05:13","date_gmt":"2025-07-11T16:05:13","guid":{"rendered":"https:\/\/arena-ticket.com\/?p=44583&#038;post_type=product&#038;preview_id=44583"},"modified":"2026-03-13T14:33:14","modified_gmt":"2026-03-13T13:33:14","slug":"ray-wilson-band-genesis-classic-peterskirche-leipzig-21-03-2026-1930-uhr","status":"publish","type":"product","link":"https:\/\/arena-ticket.com\/en\/product\/ray-wilson-band-genesis-classic-peterskirche-leipzig-21-03-2026-1930-uhr\/","title":{"rendered":"Ray Wilson &amp; Band  - Genesis Classic"},"content":{"rendered":"<p>Seid gegr\u00fc\u00dft,<br \/>\nes war 1997, als Ray Wilson das letzte Genesis-Studioalbum \"Calling All Stations\" einsang, mitschrieb und aufnahm. Das Werk erreichte Platz 2 in den deutschen und britischen Charts und verkaufte sich in Europa \u00fcber drei Millionen Mal. Es wurde von einer 46-t\u00e4gigen Europa-Tour unterst\u00fctzt, die in zwei Headliner-Shows bei \"Rock im Park\" und \"Rock am Ring\" gipfelte.<br \/>\nVor Genesis hatte Ray mit seiner Band Stiltskin gro\u00dfe Erfolge gefeiert und mit dem Song \u00b4Inside\u00b4 die Nummer 1 in Gro\u00dfbritannien und in den MTV European Charts erreicht. Dazu kommt seine Gruppe Cut, die auf ausverkauften Stadiontouren mit The Scorpions und Westernhagen spielte.<br \/>\nRays Solokarriere begann 2002 mit zw\u00f6lf ausverkauften Akustikshows beim Edinburgh International Festival, wo er auch Songs aus seinem 2003 weltweit ver\u00f6ffentlichten Deb\u00fctalbum \"Change\" pr\u00e4sentierte. Dies war der Beginn einer erfolgreichen Solokarriere, w\u00e4hrend der Ray Tausende von Konzerten spielte und regelm\u00e4\u00dfig Studio-Ver\u00f6ffentlichungen produzierte.<br \/>\nSeit 2002 st\u00e4ndig auf Tour - oft mit mehr als 150 Gigs pro Jahr - und nach vielen Kooperationen mit unglaublichen K\u00fcnstlern aller Genres, von Rock \u00fcber Prog bis Techno, darunter Armin van Buuren, Steve Hackett, Turntablerocker, RPWL, Scorpions und Patrycja Markowska, hat Ray acht Studioalben sowohl als Solok\u00fcnstler als auch mit den reformierten Stiltskin, zehn Live-Alben (von seinen Akustikshows, Bandkonzerten und dem Genesis Classic-Projekt) und zwei retrospektive Compilations ver\u00f6ffentlicht.<br \/>\nF\u00fcnf Jahre nach seinen letzten beiden Studioalben, den gefeierten \"Song For A Friend\" und \"Makes Me Think Of Home\", bricht Ray Wilson endlich wieder die Stille und kehrt unter dem Banner \"The Weight Of Man\" mit zehn neuen Songs und einem erstaunlichen Lennon \/ McCartney-Track \u2013 es ist das erste Mal, dass er The Beatles covert - zur\u00fcck, einem Werk, das objektiv als sein bisher bestes Album betrachtet werden kann: eine beeindruckende Reise durch Musik, Leben und die komplexen Zeiten, in denen wir leben.<br \/>\n\"The Weight Of Man\" zeigt nicht nur das Gewicht von Rays musikalischem Wissen, sondern auch seine unterschiedlichen Einfl\u00fcsse, seine kompositorische Reife, seine Interpretationsf\u00e4higkeit und sein immenses Talent. Es ist haupts\u00e4chlich ein poetischer Schnappschuss und seine k\u00fcnstlerische Reaktion auf den schwierigsten Moment unseres Lebens, in dem die Covid-19-Pandemie etwas so Wichtiges und Unber\u00fchrbares wie Musik gef\u00e4hrdet, eine der vollst\u00e4ndigsten Kunstformen, die wir auf der Erde haben. Seine Musik und seine Texte waren noch nie so kraftvoll und pr\u00e4zise. Wenn wir sagen k\u00f6nnen, dass Wissenschaft der einzige Weg ist, dem wir folgen m\u00fcssen, um ein Heilmittel f\u00fcr alle zu erreichen, dann ist wahre Musik die h\u00f6chste Form von Empathie: Wo Impfstoffe endlich Leben behandeln, ist Musik die st\u00e4ndige Medizin, die sich um unsere Seelen k\u00fcmmert. Deshalb ist \"The Weight Of Man\" voller Seele und Emotion, Erfahrung und dem Nervenkitzel von Entt\u00e4uschungen oder Tr\u00e4umen, Verst\u00e4ndnis und Hoffnung. Und meist ist \"The Weight Of Man\" dem Titel entsprechend das Gewicht von uns allen. Als Menschen, als Lehrer f\u00fcr unsere Kinder und die Welt werden wir das Potenzial einer besseren Gegenwart und Zukunft als globale Gemeinschaft bieten.<br \/>\nAus musikalischer Sicht ist \"The Weight Of Man\" die perfekte Kreuzung der Vielseitigkeit, die Ray auf seiner multichromatischen k\u00fcnstlerischen Reise erreicht hat: aus den experimentellen Landschaften und n\u00e4chtlichen Stimmungen der Er\u00f6ffnungssingle \u00b4You Could Have Been Someone\u00b4 wandern wir durch komplexe Tracks wie \u00b4The Last Laugh\u00b4 oder den Titelsong. Von der kraftvollen Innovation von \u00b4Amelia\u00b4 (einem der faszinierendsten Songs) bis zum radiofreundlichen Refrain von \u00b4Almost Famous\u00b4, der vierten Single des Albums: Es ist eine Achterbahnfahrt der Melodien, die die perfekte Oberfl\u00e4che f\u00fcr Rays F\u00e4higkeit schafft, Geschichten zu erz\u00e4hlen und sich mit Charakteren zu besch\u00e4ftigen: der Zuh\u00f6rer, der der S\u00e4nger gewesen sein k\u00f6nnte (\u00b4You Could Have Been Someone\u00b4), Ray, der jeder von uns ist, der vom Fenster aus die Welt beobachtet (\u00b4Mother Earth\u00b4), die j\u00fcngere Version von uns, die wir verloren haben (\u00b4We Knew The Truth Once\u00b4), der Rockstar, der hofft, den Kontakt zu seinem Publikum nicht zu verlieren, weil wir alle gleich sind, auf und neben der B\u00fchne (\u00b4I, Like You\u00b4), der Mensch, der der Oberfl\u00e4chlichkeit Gewicht verleiht und zur schwersten Last der Welt wird (\u00b4The Last Laugh\u00b4, \u00b4The Weight Of Man\u00b4), die einsame Seele, die versucht, mit einem neuen Freund und neuen Ideen einen neuen Ort zu finden (\u00b4Symptomatic\u00b4). Das M\u00e4dchen, das davon tr\u00e4umt, eine K\u00f6nigin zu sein, w\u00e4hrend er seinen Lebensweg sucht (\u00b4Almost Famous\u00b4), ein Mann mittleren Alters, der anf\u00e4ngt, an sich selbst zu glauben und eine neue Wahrnehmung in gew\u00f6hnlichen kleinen Dingen des Lebens findet (\u00b4Cold Like Stone\u00b4).<br \/>\nRay ist einen unglaublich langen Weg gegangen. Jetzt zeigt \"The Weight Of Man\", wie er in einem Karrieremoment, in dem dieses Ma\u00df an Kreativit\u00e4t und die k\u00fcnstlerische 360\u00b0-Kontrolle nach so vielen aufgenommenen Alben und Songs offensichtlich ist, schneller als je zuvor freil\u00e4uft. \"The Weight Of Man\" kommt von einem Ort, an dem diese Lehre (oder Notwendigkeit), die in \u00b4Symptomatic\u00b4 (\"determination fused with new ideas\") besungen wird, ihre Umsetzung in die Realit\u00e4t findet: das wirkliche Leben. Und die Welt, die wir als \"Hintergrundtheater\" daf\u00fcr nutzen. Wo Ray uns genau daran erinnert, was K\u00fcnstler tun: Sie kreieren Songs, sie spielen Songs, sie verwandeln das Geschenk der Musik in eine Freude f\u00fcr alle, und oft nehmen sie die schlimmste Zeit unseres Lebens und verarbeiten sie zu unserem Lieblingstrack. Etwas, das vielleicht eine Realit\u00e4t, die wir nicht mehr erkennen, nicht \u00e4ndern wird, was uns aber sicherlich mit neuem \"goldenen Schlummern\" schm\u00fccken wird, um unser Leben zu f\u00fcllen, wie schon The Beatles sangen. Und wie Ray uns ermutigt, lauter und wahrer als je zuvor\u2026<\/p>","protected":false},"excerpt":{"rendered":"<p>Secure your tickets!<\/p>","protected":false},"featured_media":44587,"template":"","meta":{"_acf_changed":false,"inline_featured_image":false},"product_brand":[],"product_cat":[31,69,86,35,476,6732,21,58],"product_tag":[941,6016,942,943,944,964,6015,6804,947,948],"class_list":{"0":"post-44583","1":"product","2":"type-product","3":"status-publish","4":"has-post-thumbnail","6":"product_cat-events","7":"product_cat-konzert","8":"product_cat-leipzig","9":"product_cat-orte","10":"product_cat-peterskirche","11":"product_cat-rock-hard-rock","12":"product_cat-ticket","13":"product_cat-veranstaltung","14":"product_tag-events","15":"product_tag-genesis-classic","16":"product_tag-konzert","17":"product_tag-leipzig","18":"product_tag-orte","19":"product_tag-peterskirche","20":"product_tag-ray-wilson-band","21":"product_tag-rock-hard-rock","22":"product_tag-ticket","23":"product_tag-veranstaltung","24":"product_shipping_class-nur_paketversand","25":"pa_discount-normalpreis","26":"pa_preiskategorie-freie-platzwahl","28":"first","29":"outofstock","30":"taxable","31":"shipping-taxable","32":"purchasable","33":"product-type-variable"},"group_of_quantity":0,"min_quantity":0,"max_quantity":"","exclude_order_quantity_value_rules":"no","exclude_category_quantity_rules":"no","combine_variations":"no","acf":[],"_links":{"self":[{"href":"https:\/\/arena-ticket.com\/en\/wp-json\/wp\/v2\/product\/44583","targetHints":{"allow":["GET"]}}],"collection":[{"href":"https:\/\/arena-ticket.com\/en\/wp-json\/wp\/v2\/product"}],"about":[{"href":"https:\/\/arena-ticket.com\/en\/wp-json\/wp\/v2\/types\/product"}],"wp:featuredmedia":[{"embeddable":true,"href":"https:\/\/arena-ticket.com\/en\/wp-json\/wp\/v2\/media\/44587"}],"wp:attachment":[{"href":"https:\/\/arena-ticket.com\/en\/wp-json\/wp\/v2\/media?parent=44583"}],"wp:term":[{"taxonomy":"product_brand","embeddable":true,"href":"https:\/\/arena-ticket.com\/en\/wp-json\/wp\/v2\/product_brand?post=44583"},{"taxonomy":"product_cat","embeddable":true,"href":"https:\/\/arena-ticket.com\/en\/wp-json\/wp\/v2\/product_cat?post=44583"},{"taxonomy":"product_tag","embeddable":true,"href":"https:\/\/arena-ticket.com\/en\/wp-json\/wp\/v2\/product_tag?post=44583"}],"curies":[{"name":"wp","href":"https:\/\/api.w.org\/{rel}","templated":true}]}}