{"id":44588,"date":"2025-07-11T18:14:46","date_gmt":"2025-07-11T16:14:46","guid":{"rendered":"https:\/\/arena-ticket.com\/?p=44588&#038;post_type=product&#038;preview_id=44588"},"modified":"2025-07-25T12:42:15","modified_gmt":"2025-07-25T10:42:15","slug":"giora-feidman-for-a-better-world-peterskirche-leipzig-15-01-2026-2000-uhr","status":"publish","type":"product","link":"https:\/\/arena-ticket.com\/en\/product\/giora-feidman-for-a-better-world-peterskirche-leipzig-15-01-2026-2000-uhr\/","title":{"rendered":"Giora Feidman  - For a Better World - begleitet von Klezmer Virtuos"},"content":{"rendered":"<p>Mit ihrem neuen Konzertprogramm \u201cFor a Better World\u201d schlagen Giora Feidman und der iranische Komponist Majid Montazer ein weiteres bedeutendes Kapitel ihrer k\u00fcnstlerischen Zusammenarbeit auf. Nach den Erfolgsprogrammen \u201cFriendship\u201d und \u201cRevolution of Love\u201d f\u00fchren sie ihre musikalische Botschaft fort: ein leidenschaftliches Pl\u00e4doyer f\u00fcr Frieden, Menschlichkeit und Hoffnung.<\/p>\n<p>Mehr als 150.000 Konzertbesucher haben die bisherigen Programme erlebt \u2013 ein beeindruckender Beleg f\u00fcr die emotionale Kraft und internationale Strahlkraft dieser au\u00dfergew\u00f6hnlichen Vision.<\/p>\n<p><b>\u201eEr schreibt. Ich spiele. Das ist unsere Mission.\u201c \u2013 Giora Feidman<\/b><\/p>\n<p>Feidman bringt es auf den Punkt: Montazers Kompositionen bilden das Fundament der Konzertreihe. Sie verbinden klassische Strukturen mit persischen Klangfarben, spiritueller Tiefe und kultureller Offenheit \u2013 ein Klangkosmos, wie geschaffen f\u00fcr seine Klarinette. Gemeinsam tragen sie diese Musik in die Welt \u2013 als emotionales Statement f\u00fcr Verst\u00e4ndigung und Vers\u00f6hnung.<\/p>\n<p><b>Majid Montazer \u2013 Komponist mit Vision<\/b><\/p>\n<p>Majid Montazer ist der kompositorische Impulsgeber hinter den Konzertprogrammen \u201cFriendship\u201d, \u201cRevolution of Love\u201d und nun \u201cFor a Better World\u201d. Mit feinem Gesp\u00fcr verwandelt er gesellschaftliche Themen in Musik, die verbindet und bewegt. In Giora Feidman hat er einen kongenialen Interpreten gefunden, der seine Werke nicht nur erklingen l\u00e4sst, sondern ihnen eine zutiefst pers\u00f6nliche Ausdruckskraft verleiht. Ihre Zusammenarbeit ist Ausdruck einer tiefen k\u00fcnstlerischen und menschlichen Verbundenheit, getragen von dem gemeinsamen Wunsch, die Welt durch Klang ein St\u00fcck heller zu machen.<br \/>\n<b><br \/>\nEin musikalisches Manifest f\u00fcr den Frieden<\/b><\/p>\n<p>Ob in renommierten Konzerts\u00e4len oder kleinen Kulturh\u00e4usern \u2013 \u201cFor a Better World\u201d ist ein musikalisches Statement zweier K\u00fcnstler, deren gemeinsame Vision weit \u00fcber Noten hinausreicht. Montazers Partituren werden durch Feidmans Klarinette lebendig \u2013 direkt, emotional, eindringlich.<\/p>","protected":false},"excerpt":{"rendered":"<p>Musik f\u00fcr eine bessere Welt \u2013 komponiert von Majid Montazer, interpretiert von Giora Feidman<\/p>","protected":false},"featured_media":44591,"template":"","meta":{"_acf_changed":false,"inline_featured_image":false},"product_brand":[],"product_cat":[31,6740,69,86,35,476,21,58],"product_tag":[941,6017,4242,942,943,944,964,947,948],"class_list":{"0":"post-44588","1":"product","2":"type-product","3":"status-publish","4":"has-post-thumbnail","6":"product_cat-events","7":"product_cat-jazz-blues","8":"product_cat-konzert","9":"product_cat-leipzig","10":"product_cat-orte","11":"product_cat-peterskirche","12":"product_cat-ticket","13":"product_cat-veranstaltung","14":"product_tag-events","15":"product_tag-for-a-better-world-begleitet-von-klezmer-virtuos","16":"product_tag-giora-feidman","17":"product_tag-konzert","18":"product_tag-leipzig","19":"product_tag-orte","20":"product_tag-peterskirche","21":"product_tag-ticket","22":"product_tag-veranstaltung","23":"product_shipping_class-nur_paketversand","24":"pa_discount-kind","25":"pa_discount-normalpreis","26":"pa_discount-schueler-student","27":"pa_preiskategorie-freie-platzwahl","29":"first","30":"instock","31":"taxable","32":"shipping-taxable","33":"purchasable","34":"product-type-variable"},"group_of_quantity":0,"min_quantity":0,"max_quantity":"","exclude_order_quantity_value_rules":"no","exclude_category_quantity_rules":"no","combine_variations":"no","acf":[],"_links":{"self":[{"href":"https:\/\/arena-ticket.com\/en\/wp-json\/wp\/v2\/product\/44588","targetHints":{"allow":["GET"]}}],"collection":[{"href":"https:\/\/arena-ticket.com\/en\/wp-json\/wp\/v2\/product"}],"about":[{"href":"https:\/\/arena-ticket.com\/en\/wp-json\/wp\/v2\/types\/product"}],"wp:featuredmedia":[{"embeddable":true,"href":"https:\/\/arena-ticket.com\/en\/wp-json\/wp\/v2\/media\/44591"}],"wp:attachment":[{"href":"https:\/\/arena-ticket.com\/en\/wp-json\/wp\/v2\/media?parent=44588"}],"wp:term":[{"taxonomy":"product_brand","embeddable":true,"href":"https:\/\/arena-ticket.com\/en\/wp-json\/wp\/v2\/product_brand?post=44588"},{"taxonomy":"product_cat","embeddable":true,"href":"https:\/\/arena-ticket.com\/en\/wp-json\/wp\/v2\/product_cat?post=44588"},{"taxonomy":"product_tag","embeddable":true,"href":"https:\/\/arena-ticket.com\/en\/wp-json\/wp\/v2\/product_tag?post=44588"}],"curies":[{"name":"wp","href":"https:\/\/api.w.org\/{rel}","templated":true}]}}