{"id":44600,"date":"2025-07-12T13:05:24","date_gmt":"2025-07-12T11:05:24","guid":{"rendered":"https:\/\/arena-ticket.com\/?p=44600&#038;post_type=product&#038;preview_id=44600"},"modified":"2025-11-25T11:39:14","modified_gmt":"2025-11-25T10:39:14","slug":"die-weihnachtslesung-charles-brauer-tatort-leipzig-kupfersaal-16-12-2025-1900-uhr","status":"publish","type":"product","link":"https:\/\/arena-ticket.com\/en\/product\/die-weihnachtslesung-charles-brauer-tatort-leipzig-kupfersaal-16-12-2025-1900-uhr\/","title":{"rendered":"Die Weihnachtslesung  - Charles Brauer"},"content":{"rendered":"<p>Charles Brauer ist einem breiten Publikum bekannt geworden durch seine Rolle als Hamburger Tatortkommissar in den Jahren 1986 bis 2001. Er und sein Partner Manfred Krug erhalten 2001 die Goldene Kamera. Im September 2004 erh\u00e4lt er den erstmals vergebenen H\u00f6rbuchpreis \"Der Osterwold\" vom H\u00f6rbuchverlag Hamburg. Nun geht er auf Lesereise und hat am\u00fcsante, kuriose, weihnachtliche Geschichten im Gep\u00e4ck. Wenn Charles Brauer, einer der beliebtesten deutschen Schauspieler liest, wird es f\u00fcr alle Besucher der Veranstaltung zu einem Erlebnis. Die Geschichten fesseln und machen Spa\u00df, erst recht, wenn man sie so gut liest, wie Charles Brauer.<\/p>","protected":false},"excerpt":{"rendered":"<p>Charles Brauer liest am\u00fcsante, kuriose, weihnachtliche Geschichten.<\/p>","protected":false},"featured_media":55806,"template":"","meta":{"_acf_changed":false,"inline_featured_image":false},"product_brand":[],"product_cat":[6725,31,95,922,430,86,6764,35,21,58,6581],"product_tag":[6019,954,6018,941,942,951,968,943,944,958,947,948,2048],"class_list":{"0":"post-44600","1":"product","2":"type-product","3":"status-publish","4":"has-post-thumbnail","6":"product_cat-comedy","7":"product_cat-events","8":"product_cat-humor","9":"product_cat-kultur","10":"product_cat-kupfersaal","11":"product_cat-leipzig","12":"product_cat-lesung","13":"product_cat-orte","14":"product_cat-ticket","15":"product_cat-veranstaltung","16":"product_cat-weihnachten","17":"product_tag-charles-brauer","18":"product_tag-comedy","19":"product_tag-die-weihnachtslesung","20":"product_tag-events","21":"product_tag-konzert","22":"product_tag-kultur","23":"product_tag-kupfersaal","24":"product_tag-leipzig","25":"product_tag-orte","26":"product_tag-show","27":"product_tag-ticket","28":"product_tag-veranstaltung","29":"product_tag-weihnachten","30":"product_shipping_class-nur_paketversand","31":"pa_discount-ermaessigt","32":"pa_discount-normalpreis","33":"pa_preiskategorie-freie-platzwahl","35":"first","36":"instock","37":"taxable","38":"shipping-taxable","39":"purchasable","40":"product-type-variable"},"group_of_quantity":0,"min_quantity":0,"max_quantity":"","exclude_order_quantity_value_rules":"no","exclude_category_quantity_rules":"no","combine_variations":"no","acf":[],"_links":{"self":[{"href":"https:\/\/arena-ticket.com\/en\/wp-json\/wp\/v2\/product\/44600","targetHints":{"allow":["GET"]}}],"collection":[{"href":"https:\/\/arena-ticket.com\/en\/wp-json\/wp\/v2\/product"}],"about":[{"href":"https:\/\/arena-ticket.com\/en\/wp-json\/wp\/v2\/types\/product"}],"wp:featuredmedia":[{"embeddable":true,"href":"https:\/\/arena-ticket.com\/en\/wp-json\/wp\/v2\/media\/55806"}],"wp:attachment":[{"href":"https:\/\/arena-ticket.com\/en\/wp-json\/wp\/v2\/media?parent=44600"}],"wp:term":[{"taxonomy":"product_brand","embeddable":true,"href":"https:\/\/arena-ticket.com\/en\/wp-json\/wp\/v2\/product_brand?post=44600"},{"taxonomy":"product_cat","embeddable":true,"href":"https:\/\/arena-ticket.com\/en\/wp-json\/wp\/v2\/product_cat?post=44600"},{"taxonomy":"product_tag","embeddable":true,"href":"https:\/\/arena-ticket.com\/en\/wp-json\/wp\/v2\/product_tag?post=44600"}],"curies":[{"name":"wp","href":"https:\/\/api.w.org\/{rel}","templated":true}]}}