{"id":44604,"date":"2025-07-12T13:15:30","date_gmt":"2025-07-12T11:15:30","guid":{"rendered":"https:\/\/arena-ticket.com\/?p=44604&#038;post_type=product&#038;preview_id=44604"},"modified":"2026-02-13T10:28:38","modified_gmt":"2026-02-13T09:28:38","slug":"lesung-mit-verkostung-kristina-vom-dorf-joerg-faerber-saechsisches-allerlei-leipzig-lvz-kuppel-11-09-2025-2000-uhr","status":"publish","type":"product","link":"https:\/\/arena-ticket.com\/en\/product\/lesung-mit-verkostung-kristina-vom-dorf-joerg-faerber-saechsisches-allerlei-leipzig-lvz-kuppel-11-09-2025-2000-uhr\/","title":{"rendered":"Lesung mit Verkostung - Kristina vom Dorf &amp; J\u00f6rg F\u00e4rber: S\u00e4chsisches Allerlei"},"content":{"rendered":"<p>\u201eS\u00e4chsisches Allerlei\u201c \u2013 LIVE<br \/>\nEin Sachsen-Abend mit regionaler Kulinarik und s\u00e4chsischer Unterhaltung.<br \/>\nErleben Sie die Sachsen-Muddi Kristina vom Dorf &amp; den TV-Koch J\u00f6rg F\u00e4rber live auf der B\u00fchne und am Herd. Im September erscheint ihr gemeinsame Kochbuch \u201eS\u00e4chsisches Allerlei \u2013 Kulinarische Entdeckungen von der Oberlausitz bis zum Erzgebirge. Und so viel sei verraten, dieses Kochbuch ist eine Wucht: Traditionelle Rezepte zwischen Familien\u00fcberlieferung und Moderne, Bilder aus den sch\u00f6nsten Regionen Sachsens, regionale Erzeuger und ihre Produkte und Geschichten aus unserer Heimat Sachsen, mit all ihren kulinarischen Facetten. Und wer k\u00f6nnte dieses Liebesgest\u00e4ndnis an die Heimat besser vorstellen als die beiden Autoren selbst.<br \/>\nNicht nur Dialekt und Herkunft verbinden und lassen uns in Erinnerungen schwelgen, sondern auch die regionale K\u00fcche mit all ihren Eigenheiten und Traditionen.<br \/>\nWas haben Ihre Eltern und Gro\u00dfeltern f\u00fcr Sie gekocht? Wir wetten, da fallen Ihnen nicht nur so einige typisch s\u00e4chsische Gerichte ein, sondern auch tolle Erinnerungen und Geschichten dazu.<br \/>\nSaure Klitscher, erzgebirgische Tapas und \u201eGewickeltes aus dem Dunkelwald\u201c. Kennen Sie nicht? Wie w\u00e4re es dann mit Toter Oma, Fettbemme oder Gr\u00e4upchen Eintopf?<br \/>\nHaben Sie schon einmal Eierschecke to Go probiert?<br \/>\nErleben Sie einen unterhaltsamen Abend mit klassischen, s\u00e4chsischen Rezepten und neuen Kreationen, von denen Sie noch nicht mal wussten, dass Sie diese in ihrem Leben und vor allem in ihrem Magen brauchen.<\/p>","protected":false},"excerpt":{"rendered":"<p>Lassen Sie sich von alten und neuen Geschichten sowie Rezepten aus Sachsen verzaubern.<\/p>\n<p>Und freuen Sie sich auf den ein oder anderen kleinen Leckerbissen. Denn was w\u00e4re ein s\u00e4chsisch kulinarischer Abend ohne H\u00e4ppchen.<\/p>","protected":false},"featured_media":44607,"template":"","meta":{"_acf_changed":false,"inline_featured_image":false},"product_brand":[],"product_cat":[31,922,86,6764,436,35,21,58],"product_tag":[941,6021,951,943,6020,3326,944,947,948],"class_list":{"0":"post-44604","1":"product","2":"type-product","3":"status-publish","4":"has-post-thumbnail","6":"product_cat-events","7":"product_cat-kultur","8":"product_cat-leipzig","9":"product_cat-lesung","10":"product_cat-lvz-kuppelhalle","11":"product_cat-orte","12":"product_cat-ticket","13":"product_cat-veranstaltung","14":"product_tag-events","15":"product_tag-kristina-vom-dorf-joerg-faerber-saechsisches-allerlei","16":"product_tag-kultur","17":"product_tag-leipzig","18":"product_tag-lesung-mit-verkostung","19":"product_tag-lvz-kuppelhalle","20":"product_tag-orte","21":"product_tag-ticket","22":"product_tag-veranstaltung","23":"product_shipping_class-nur_paketversand","24":"pa_discount-normalpreis","25":"pa_preiskategorie-pk-i","26":"pa_preiskategorie-pk-ii","27":"pa_preiskategorie-pk-iii","29":"first","30":"instock","31":"taxable","32":"shipping-taxable","33":"purchasable","34":"product-type-variable"},"group_of_quantity":0,"min_quantity":0,"max_quantity":"","exclude_order_quantity_value_rules":"no","exclude_category_quantity_rules":"no","combine_variations":"no","acf":[],"_links":{"self":[{"href":"https:\/\/arena-ticket.com\/en\/wp-json\/wp\/v2\/product\/44604","targetHints":{"allow":["GET"]}}],"collection":[{"href":"https:\/\/arena-ticket.com\/en\/wp-json\/wp\/v2\/product"}],"about":[{"href":"https:\/\/arena-ticket.com\/en\/wp-json\/wp\/v2\/types\/product"}],"wp:featuredmedia":[{"embeddable":true,"href":"https:\/\/arena-ticket.com\/en\/wp-json\/wp\/v2\/media\/44607"}],"wp:attachment":[{"href":"https:\/\/arena-ticket.com\/en\/wp-json\/wp\/v2\/media?parent=44604"}],"wp:term":[{"taxonomy":"product_brand","embeddable":true,"href":"https:\/\/arena-ticket.com\/en\/wp-json\/wp\/v2\/product_brand?post=44604"},{"taxonomy":"product_cat","embeddable":true,"href":"https:\/\/arena-ticket.com\/en\/wp-json\/wp\/v2\/product_cat?post=44604"},{"taxonomy":"product_tag","embeddable":true,"href":"https:\/\/arena-ticket.com\/en\/wp-json\/wp\/v2\/product_tag?post=44604"}],"curies":[{"name":"wp","href":"https:\/\/api.w.org\/{rel}","templated":true}]}}