{"id":44619,"date":"2025-07-12T13:46:48","date_gmt":"2025-07-12T11:46:48","guid":{"rendered":"https:\/\/arena-ticket.com\/?p=44619&#038;post_type=product&#038;preview_id=44619"},"modified":"2025-08-08T12:46:14","modified_gmt":"2025-08-08T10:46:14","slug":"7vs-wild-die-live-tour-bildgewaltig-authentisch-interaktiv-berlin-uber-arena-07-04-2026-1930-uhr","status":"publish","type":"product","link":"https:\/\/arena-ticket.com\/en\/product\/7vs-wild-die-live-tour-bildgewaltig-authentisch-interaktiv-berlin-uber-arena-07-04-2026-1930-uhr\/","title":{"rendered":"7vs.Wild  - Die Live Tour - bildgewaltig, authentisch, interaktiv"},"content":{"rendered":"<p>Die ersten Teilnehmenden der 7vs.Wild Live Tour 2026 stehen fest!<br \/>\nDie Spannung steigt! Die 7vs.Wild Live Tour 2026 verspricht Abenteuer, Action und unvergessliche Momente \u2013 und jetzt werden die ersten drei Namen ver\u00f6ffentlicht! In jeder Stadt d\u00fcrfen sich die Zuschauenden auf unterschiedliche G\u00e4ste aus dem 7vs.Wild-Kosmos freuen. Sie werden sich live auf der B\u00fchne spannenden Survival-Challenges stellen und bei Live-Fragerunden ihr Survival-Wissen zum Besten geben. Mit dabei sind unter anderem Otto Bulletproof (Staffel 2), Roofless Cat* (Staffel 4) und Sabrina Outdoor* (Staffel 2). Weitere spannende Teilnehmende stehen bereit \u2013 schon bald verraten wir mehr!<\/p>\n<p>Live-Podcast, Live-Action, Live-Abenteuer und Live-Austausch mit den HeldInnen der Wildnis von 7vs.Wild. 7vs.Wild \u2013 Die Live Tour stellt Europas erfolgreichstes YouTube-Format ins Rampenlicht! Ob eingefleischte Survival-Profis, Fans oder Neulinge: F\u00fcr einen Abend kann jede\/r in die unvergleichliche Welt von 7vs.Wild eintauchen. Teilweise unver\u00f6ffentlichte Szenen der vergangenen Staffeln sorgen genauso f\u00fcr Gespr\u00e4chsstoff auf der B\u00fchne, wie die emotionalen Erfahrungen der Teilnehmenden - ungefiltert und aus erster Hand. Ein riesiger LED-Screen und eine atemberaubende Soundkulisse entf\u00fchren die Zuschauenden f\u00fcr einen Abend in eine andere Welt. Bei der Live Tour erh\u00e4lt das Publikum nicht nur Einblicke hinter die Kulissen des Erfolgsformats, sondern erlebt seine Stars erstmals gemeinsam live hautnah. Die einzigartige Kombination aus Live-Pr\u00e4sentationen, interaktiven Elementen und einem spannenden Live-Podcast macht den Abend zu einem echten Entertainment-Highlight.<\/p>\n<p>Die ersten beiden Staffeln des Survival-Reality-Formats 7vs.Wild wurden im November 2021 bzw. 2022 auf YouTube ausgestrahlt und erreichten dort insgesamt \u00fcber 200 Millionen Aufrufe, was die Reality-Show zu einem der meistgesehenen Medienereignisse der letzten Jahre in Deutschland machte. Die dritte Staffel, bei der erstmals Teams in die Wildnis geschickt wurden, startete Ende 2023 exklusiv bei Amazon Freevee. Die Show war zum Staffelfinale im Januar 2024 die erfolgreichste Serie in Deutschland und im weltweiten Vergleich unter den Top 5 der Inhalte bei Amazon Freevee. Seit Staffel 3 ist neben den Formatmachern, die Calivision GmbH f\u00fcr das Format verantwortlich. Die vierte Staffel startete am 01. Oktober 2024 und kn\u00fcpfte direkt an den Erfolg der vorherigen Staffeln an.<\/p>\n<p>*Diese Teilnehmenden sind nicht bei allen Terminen dabei. Folgende Termine sind best\u00e4tigt: Roofless Cat (M\u00fcnchen, N\u00fcrnberg, Bremen, Hamburg), Sabrina Outdoor (Bremen, Hamburg, Hannover)<\/p>","protected":false},"excerpt":{"rendered":"<p>Europas erfolgreichstes YouTube-Survival-Format kommt auf die gro\u00dfen B\u00fchnen Deutschlands<\/p>","protected":false},"featured_media":20645,"template":"","meta":{"_acf_changed":false,"inline_featured_image":false},"product_brand":[],"product_cat":[315,35,517],"product_tag":[4138,6025,1332,6024,6023,941,6026,942,944,958,3638,948],"class_list":{"0":"post-44619","1":"product","2":"type-product","3":"status-publish","4":"has-post-thumbnail","6":"product_cat-berlin","7":"product_cat-orte","8":"product_cat-uber-arena","9":"product_tag-7vs-wild","10":"product_tag-authentisch","11":"product_tag-berlin","12":"product_tag-die-live-tour-bildgewaltig","13":"product_tag-die-live-tour-bildgewaltig-authentisch-interaktiv","14":"product_tag-events","15":"product_tag-interaktiv","16":"product_tag-konzert","17":"product_tag-orte","18":"product_tag-show","19":"product_tag-uber-arena","20":"product_tag-veranstaltung","21":"product_shipping_class-nur_paketversand","22":"pa_discount-normalpreis","23":"pa_preiskategorie-pk-i","24":"pa_preiskategorie-pk-ii","25":"pa_preiskategorie-pk-iii","26":"pa_preiskategorie-pk-iv","27":"pa_preiskategorie-pk-v","28":"pa_preiskategorie-pk-vi","30":"first","31":"instock","32":"taxable","33":"shipping-taxable","34":"product-type-variable","35":"has-default-attributes"},"group_of_quantity":0,"min_quantity":0,"max_quantity":"","exclude_order_quantity_value_rules":"no","exclude_category_quantity_rules":"no","combine_variations":"no","acf":[],"_links":{"self":[{"href":"https:\/\/arena-ticket.com\/en\/wp-json\/wp\/v2\/product\/44619","targetHints":{"allow":["GET"]}}],"collection":[{"href":"https:\/\/arena-ticket.com\/en\/wp-json\/wp\/v2\/product"}],"about":[{"href":"https:\/\/arena-ticket.com\/en\/wp-json\/wp\/v2\/types\/product"}],"wp:featuredmedia":[{"embeddable":true,"href":"https:\/\/arena-ticket.com\/en\/wp-json\/wp\/v2\/media\/20645"}],"wp:attachment":[{"href":"https:\/\/arena-ticket.com\/en\/wp-json\/wp\/v2\/media?parent=44619"}],"wp:term":[{"taxonomy":"product_brand","embeddable":true,"href":"https:\/\/arena-ticket.com\/en\/wp-json\/wp\/v2\/product_brand?post=44619"},{"taxonomy":"product_cat","embeddable":true,"href":"https:\/\/arena-ticket.com\/en\/wp-json\/wp\/v2\/product_cat?post=44619"},{"taxonomy":"product_tag","embeddable":true,"href":"https:\/\/arena-ticket.com\/en\/wp-json\/wp\/v2\/product_tag?post=44619"}],"curies":[{"name":"wp","href":"https:\/\/api.w.org\/{rel}","templated":true}]}}