{"id":44635,"date":"2025-07-12T14:12:05","date_gmt":"2025-07-12T12:12:05","guid":{"rendered":"https:\/\/arena-ticket.com\/?p=44635&#038;post_type=product&#038;preview_id=44635"},"modified":"2026-01-22T15:17:13","modified_gmt":"2026-01-22T14:17:13","slug":"der-herr-der-ringe-die-gefaehrten-in-concert-live-to-film-berlin-uber-arena-19-03-2026-1830-uhr","status":"publish","type":"product","link":"https:\/\/arena-ticket.com\/en\/product\/der-herr-der-ringe-die-gefaehrten-in-concert-live-to-film-berlin-uber-arena-19-03-2026-1830-uhr\/","title":{"rendered":"Der Herr der Ringe: Die Gef\u00e4hrten - in Concert live to Film"},"content":{"rendered":"<p>Die Oscar-pr\u00e4mierte Filmmusik von Komponist Howard Shore live aufgefu\u0308hrt zur vollst\u00e4ndigen Original-Fassung des ersten Teils der Trilogie \u201eThe Lord of the Rings\u201c von Symphonieorchester, Chor und Solisten mit Gro\u00dfbild-Projektion und u\u0308ber 200 Mitwirkenden!<br \/>\nSeit J.R.R. Tolkien sein dreiteiliges Epos im Jahr 1954 ver\u00f6ffentlichte, hat \u201eDer Herr der Ringe\u201c Millionen Leser beeindruckt und in die Welt von Mittelerde entf\u00fchrt. Das Werk setzte Standards f\u00fcr das Genre der Fantasy-Literatur, denn in ihm wurde ein absolut neues und au\u00dferordentlich glaubw\u00fcrdiges Universum von Grund auf erschaffen. Ein unvergesslicher Held \u2013 der Hobbit Frodo Beutlin \u2013 ger\u00e4t in Mittelerde, einer Welt voller Magie und sagenhafter Mythen, zwischen die Fronten eines Krieges von gewaltigen Ausma\u00dfen. Vor allem aber zelebriert \u201eDer Herr der Ringe\u201c die Macht aufopferungsvoller Freundschaft und individuellen Muts, gro\u00df und m\u00e4chtig genug, um selbst die vernichtendsten Kr\u00e4fte der Finsternis in Schach zu halten.<br \/>\n2001 kam \u201eDer Herr der Ringe\u201c endlich in einer atemberaubenden Verfilmung in die Kinos, als gr\u00f6\u00dfte und aufw\u00e4ndigste Filmproduktion aller Zeiten. Filmmusik-Komponist Howard Shore gestaltete dazu ein voll durchkomponiertes, Oscar- und Grammy-pr\u00e4miertes musikalisches Werk, das die Handlung mit emotionalen, komplex verwobenen Themen begleitet und jeder Kultur in Mittelerde eigene Motive zuweist. Grund genug, um diese wunderbare Musik live zum Film zu erleben!<br \/>\n\u201eDer Herr der Ringe: Die Gef\u00e4hrten\u201c mit Live-Musik und Gro\u00dfbildprojektion feierte in den letzten Jahren mit zahlreichen ausverkauften Vorstellungen bereits sensationelle Erfolge. Die Originaltonspur des Films, reduziert um die Musik, sorgt f\u00fcr den richtigen Kinosound. Dass die Musik von \u00fcber 200 Mitwirkenden live dazu gespielt wird, verst\u00e4rkt das G\u00e4nsehaut-Gef\u00fchl. Auf einer eigens eingerichteten Gro\u00dfbildleinwand wird eine der erfolgreichsten Verfilmungen der Kinogeschichte so zu einem multimedialen Erlebnis, dessen emotionale Kraft in der grandiosen Live-Musik kulminiert und dem sich niemand entziehen kann.<br \/>\n\u201eDer Herr der Ringe \u2013 in Concert Live to Film\u201c ist in direkter Zusammenarbeit mit dem Komponisten Howard Shore entwickelt worden und zeichnet sich als einzige von ihm autorisierte Produktion besonders durch den Einsatz der au\u00dfergew\u00f6hnlichen Instrumentierung seiner Filmmusik aus.<\/p>\n<p><strong>Film in englischer Sprache mit deutschen Untertiteln - Altersbeschr\u00e4nkung: FSK 12<\/strong><\/p>","protected":false},"excerpt":{"rendered":"<p>Der Oscar-pr\u00e4mierte Soundtrack von Howard Shore live zum Film auf Gro\u00dfbildleinwand - das Original mit \u00fcber 200 Mitwirkenden!<\/p>","protected":false},"featured_media":55726,"template":"","meta":{"_acf_changed":false,"inline_featured_image":false},"product_brand":[],"product_cat":[31,315,6744,69,35,517,58],"product_tag":[1332,6005,941,6811,6028,942,944,3638,948],"class_list":{"0":"post-44635","1":"product","2":"type-product","3":"status-publish","4":"has-post-thumbnail","6":"product_cat-events","7":"product_cat-berlin","8":"product_cat-filmmusik","9":"product_cat-konzert","10":"product_cat-orte","11":"product_cat-uber-arena","12":"product_cat-veranstaltung","13":"product_tag-berlin","14":"product_tag-der-herr-der-ringe-die-gefaehrten","15":"product_tag-events","16":"product_tag-filmmusik","17":"product_tag-in-concert-live-to-film","18":"product_tag-konzert","19":"product_tag-orte","20":"product_tag-uber-arena","21":"product_tag-veranstaltung","22":"product_shipping_class-nur_paketversand","23":"pa_discount-normalpreis","24":"pa_preiskategorie-golden-circle-sitzplatz","25":"pa_preiskategorie-pk-i","26":"pa_preiskategorie-pk-ii","27":"pa_preiskategorie-pk-iii","28":"pa_preiskategorie-pk-iv","29":"pa_preiskategorie-pk-v","31":"first","32":"instock","33":"taxable","34":"shipping-taxable","35":"purchasable","36":"product-type-variable","37":"has-default-attributes"},"group_of_quantity":0,"min_quantity":0,"max_quantity":"","exclude_order_quantity_value_rules":"no","exclude_category_quantity_rules":"no","combine_variations":"no","acf":[],"_links":{"self":[{"href":"https:\/\/arena-ticket.com\/en\/wp-json\/wp\/v2\/product\/44635","targetHints":{"allow":["GET"]}}],"collection":[{"href":"https:\/\/arena-ticket.com\/en\/wp-json\/wp\/v2\/product"}],"about":[{"href":"https:\/\/arena-ticket.com\/en\/wp-json\/wp\/v2\/types\/product"}],"wp:featuredmedia":[{"embeddable":true,"href":"https:\/\/arena-ticket.com\/en\/wp-json\/wp\/v2\/media\/55726"}],"wp:attachment":[{"href":"https:\/\/arena-ticket.com\/en\/wp-json\/wp\/v2\/media?parent=44635"}],"wp:term":[{"taxonomy":"product_brand","embeddable":true,"href":"https:\/\/arena-ticket.com\/en\/wp-json\/wp\/v2\/product_brand?post=44635"},{"taxonomy":"product_cat","embeddable":true,"href":"https:\/\/arena-ticket.com\/en\/wp-json\/wp\/v2\/product_cat?post=44635"},{"taxonomy":"product_tag","embeddable":true,"href":"https:\/\/arena-ticket.com\/en\/wp-json\/wp\/v2\/product_tag?post=44635"}],"curies":[{"name":"wp","href":"https:\/\/api.w.org\/{rel}","templated":true}]}}