{"id":44713,"date":"2025-07-14T11:16:54","date_gmt":"2025-07-14T09:16:54","guid":{"rendered":"https:\/\/arena-ticket.com\/?p=44713&#038;post_type=product&#038;preview_id=44713"},"modified":"2026-01-18T12:59:48","modified_gmt":"2026-01-18T11:59:48","slug":"xavier-naidoo-bei-meiner-seele-leipzig-quarterback-immobilien-arena-18-01-2026-2000-uhr","status":"publish","type":"product","link":"https:\/\/arena-ticket.com\/en\/product\/xavier-naidoo-bei-meiner-seele-leipzig-quarterback-immobilien-arena-18-01-2026-2000-uhr\/","title":{"rendered":"Xavier Naidoo - Bei Meiner Seele"},"content":{"rendered":"<p>Darauf haben seine Fans lange gewartet: Nach 6 Jahren kehrt Xavier Naidoo endlich auf die B\u00fchne zur\u00fcck. Am 18.01.2026 gibt der herausragende S\u00e4nger ein\u00a0 Konzert in der QUARTERBACK Immobilien ARENA mit seinen gr\u00f6\u00dften Hits.<\/p>\n<p>Xavier Naidoo gilt als Ikone der deutschen Pop- und Soulgeschichte. Mit seiner einzigartigen Stimme und einem Genre-Mix aus Soul, R&amp;B und Gospel hat er Ma\u00dfst\u00e4be gesetzt und damit Millionen \u00fcber Generationen hinweg begeistert. Chart-Erfolge wie \u201eIch kenne nichts (das so sch\u00f6n ist wie du)\u201c, \u201eDieser Weg\u201c, \u201eAlles kann besser werden\u201c oder \u201eWas wir alleine nicht schaffen\u201c sind l\u00e4ngst Klassiker, die die deutsche Musikszene nachhaltig gepr\u00e4gt haben und noch immer zu den meistgestreamten Songs z\u00e4hlen.<\/p>","protected":false},"excerpt":{"rendered":"<p>Get your tickets here!<\/p>","protected":false},"featured_media":49936,"template":"","meta":{"_acf_changed":false,"inline_featured_image":false},"product_brand":[],"product_cat":[31,6737,69,86,35,37,21,22,58],"product_tag":[6031,941,6803,942,943,944,945,947,973,948,6030],"class_list":{"0":"post-44713","1":"product","2":"type-product","3":"status-publish","4":"has-post-thumbnail","6":"product_cat-events","7":"product_cat-hip-hop-rnb","8":"product_cat-konzert","9":"product_cat-leipzig","10":"product_cat-orte","11":"product_cat-quarterback-immobilien-arena","12":"product_cat-ticket","13":"product_cat-ticketupgrades-zusatzleistungen","14":"product_cat-veranstaltung","15":"product_tag-bei-meiner-seele","16":"product_tag-events","17":"product_tag-hip-hop-rnb","18":"product_tag-konzert","19":"product_tag-leipzig","20":"product_tag-orte","21":"product_tag-quarterback-immobilien-arena","22":"product_tag-ticket","23":"product_tag-ticketupgrades-zusatzleistungen","24":"product_tag-veranstaltung","25":"product_tag-xavier-naidoo","26":"product_shipping_class-abholung_paketversand","27":"pa_discount-gangplatz","28":"pa_discount-inklusive-begleitperson","29":"pa_discount-normalpreis","30":"pa_discount-vip-sitzplatz","31":"pa_preiskategorie-ggv-up","32":"pa_preiskategorie-golden-circle-stehplatz","33":"pa_preiskategorie-pgv-up","34":"pa_preiskategorie-preiskategorei-eins-aisle-seat","35":"pa_preiskategorie-pk-i","36":"pa_preiskategorie-pk-ii","37":"pa_preiskategorie-pk-iii","38":"pa_preiskategorie-pk-iv","39":"pa_preiskategorie-pk-v","40":"pa_preiskategorie-rollstuhlfahrer","41":"pa_preiskategorie-schwerbeschaedigt","42":"pa_preiskategorie-stehplatz","43":"pa_preiskategorie-vip-package-backstage-club","44":"pa_preiskategorie-vipu-up","46":"first","47":"instock","48":"taxable","49":"shipping-taxable","50":"purchasable","51":"product-type-variable"},"group_of_quantity":0,"min_quantity":0,"max_quantity":"","exclude_order_quantity_value_rules":"no","exclude_category_quantity_rules":"no","combine_variations":"no","acf":[],"_links":{"self":[{"href":"https:\/\/arena-ticket.com\/en\/wp-json\/wp\/v2\/product\/44713","targetHints":{"allow":["GET"]}}],"collection":[{"href":"https:\/\/arena-ticket.com\/en\/wp-json\/wp\/v2\/product"}],"about":[{"href":"https:\/\/arena-ticket.com\/en\/wp-json\/wp\/v2\/types\/product"}],"wp:featuredmedia":[{"embeddable":true,"href":"https:\/\/arena-ticket.com\/en\/wp-json\/wp\/v2\/media\/49936"}],"wp:attachment":[{"href":"https:\/\/arena-ticket.com\/en\/wp-json\/wp\/v2\/media?parent=44713"}],"wp:term":[{"taxonomy":"product_brand","embeddable":true,"href":"https:\/\/arena-ticket.com\/en\/wp-json\/wp\/v2\/product_brand?post=44713"},{"taxonomy":"product_cat","embeddable":true,"href":"https:\/\/arena-ticket.com\/en\/wp-json\/wp\/v2\/product_cat?post=44713"},{"taxonomy":"product_tag","embeddable":true,"href":"https:\/\/arena-ticket.com\/en\/wp-json\/wp\/v2\/product_tag?post=44713"}],"curies":[{"name":"wp","href":"https:\/\/api.w.org\/{rel}","templated":true}]}}