{"id":44723,"date":"2025-07-14T11:43:40","date_gmt":"2025-07-14T09:43:40","guid":{"rendered":"https:\/\/arena-ticket.com\/?p=44723&#038;post_type=product&#038;preview_id=44723"},"modified":"2026-01-20T15:01:19","modified_gmt":"2026-01-20T14:01:19","slug":"andre-rieu-tour-2026-berlin-uber-arena-28-02-2026-2000-uhr","status":"publish","type":"product","link":"https:\/\/arena-ticket.com\/en\/product\/andre-rieu-tour-2026-berlin-uber-arena-28-02-2026-2000-uhr\/","title":{"rendered":"Andr\u00e9 Rieu  - Tour 2026"},"content":{"rendered":"<p>Mit \u00fcber 40 Millionen verkauften Alben und mehr als 700.000 Besuchern j\u00e4hrlich bei \u00fcber 80 Konzerten weltweit geh\u00f6rt Andr\u00e9 Rieu zweifelsohne zu den erfolgreichsten Live-Acts unserer Zeit. Seine Tourneen f\u00fchren ihn regelm\u00e4\u00dfig in ausverkaufte Hallen von Chile bis Abu Dhabi. Rieu reist mit \u00fcber 100 Personen, darunter auch mehrere K\u00f6che, ein Arzt sowie ein Fitnesstrainer. \u00dcber 22 Millionen Follower folgen dem niederl\u00e4ndischen Weltstar auf Facebook, Instagram, TikTok und YouTube, sowie 2,1 Millionen monatliche H\u00f6rer auf Spotify.<\/p>\n<p>\u201eDeutschland ist f\u00fcr mich wie ein zweites Zuhause. Die Leidenschaft und die Begeisterung des Publikums sind einfach einzigartig. Ich kann es kaum erwarten, wieder auf der B\u00fchne zu stehen und mit meinem Orchester die Herzen der Menschen zu ber\u00fchren!\u201c, so Rieu.<\/p>\n<p>Auch im Jahr 2026 d\u00fcrfen sich die Zuschauer auf ein romantisches und vielf\u00e4ltiges Programm freuen, das eine Mischung aus Oper, Schlager, Musical, Filmmusik, Evergreens und nat\u00fcrlich fr\u00f6hlichen Walzern umfasst. Andr\u00e9 Rieus einzigartige Konzerte bestechen nicht nur durch seine fesselnde Musik, sondern auch durch sein humorvolles Auftreten. Dar\u00fcber hinaus ziehen die aufwendigen Kost\u00fcme, die pr\u00e4chtigen B\u00fchnendekorationen und die beeindruckenden Lichteffekte Menschen jeden Alters und aus allen Lebensbereichen in ihren Bann.<\/p>\n<p>Andr\u00e9 Rieu setzt auch mit seinem aktuellen Album \u201eThe Sound of Heaven\u201c einmal mehr neue Ma\u00dfst\u00e4be: Von Georg Friedrich H\u00e4ndel bis Andrew Lloyd Webber, von Giacomo Puccini bis ABBA, von Charles Gounod bis John Williams \u2013 \u201eThe Sound of Heaven\u201c begeistert mit Melodien aus Musicals wie The Phantom of the Opera, The Sound of Music oder West Side Story, Filmmusiken aus Star Wars und Titanic sowie klassischen Titeln wie dem \u201eBenedictus\u201c von Charles Gounod und Karl Jenkins. Zudem enth\u00e4lt das Album eine Bonus-DVD mit den sch\u00f6nsten Ausschnitten aus Rieus Konzerten und stieg auf Platz 1 der Deutschen Klassik Charts ein.<\/p>","protected":false},"excerpt":{"rendered":"<p>Get your tickets here now!<\/p>","protected":false},"featured_media":63967,"template":"","meta":{"_acf_changed":false,"inline_featured_image":false},"product_brand":[],"product_cat":[31,315,6741,69,35,517,58],"product_tag":[2865,1332,941,2504,942,944,4188,3638,948],"class_list":{"0":"post-44723","1":"product","2":"type-product","3":"status-publish","4":"has-post-thumbnail","6":"product_cat-events","7":"product_cat-berlin","8":"product_cat-klassik","9":"product_cat-konzert","10":"product_cat-orte","11":"product_cat-uber-arena","12":"product_cat-veranstaltung","13":"product_tag-andre-rieu","14":"product_tag-berlin","15":"product_tag-events","16":"product_tag-klassik","17":"product_tag-konzert","18":"product_tag-orte","19":"product_tag-tour-2026","20":"product_tag-uber-arena","21":"product_tag-veranstaltung","22":"product_shipping_class-nur_paketversand","23":"pa_discount-normalpreis","24":"pa_preiskategorie-front-of-stage-stehplatz","25":"pa_preiskategorie-pk-i","26":"pa_preiskategorie-pk-ii","27":"pa_preiskategorie-pk-iii","28":"pa_preiskategorie-pk-iv","29":"pa_preiskategorie-premium-sitzplatz","30":"pa_preiskategorie-stehplatz","32":"first","33":"outofstock","34":"taxable","35":"shipping-taxable","36":"purchasable","37":"product-type-variable","38":"has-default-attributes"},"group_of_quantity":0,"min_quantity":0,"max_quantity":"","exclude_order_quantity_value_rules":"no","exclude_category_quantity_rules":"no","combine_variations":"no","acf":[],"_links":{"self":[{"href":"https:\/\/arena-ticket.com\/en\/wp-json\/wp\/v2\/product\/44723","targetHints":{"allow":["GET"]}}],"collection":[{"href":"https:\/\/arena-ticket.com\/en\/wp-json\/wp\/v2\/product"}],"about":[{"href":"https:\/\/arena-ticket.com\/en\/wp-json\/wp\/v2\/types\/product"}],"wp:featuredmedia":[{"embeddable":true,"href":"https:\/\/arena-ticket.com\/en\/wp-json\/wp\/v2\/media\/63967"}],"wp:attachment":[{"href":"https:\/\/arena-ticket.com\/en\/wp-json\/wp\/v2\/media?parent=44723"}],"wp:term":[{"taxonomy":"product_brand","embeddable":true,"href":"https:\/\/arena-ticket.com\/en\/wp-json\/wp\/v2\/product_brand?post=44723"},{"taxonomy":"product_cat","embeddable":true,"href":"https:\/\/arena-ticket.com\/en\/wp-json\/wp\/v2\/product_cat?post=44723"},{"taxonomy":"product_tag","embeddable":true,"href":"https:\/\/arena-ticket.com\/en\/wp-json\/wp\/v2\/product_tag?post=44723"}],"curies":[{"name":"wp","href":"https:\/\/api.w.org\/{rel}","templated":true}]}}